{"id":1652223,"date":"2026-02-02T17:48:13","date_gmt":"2026-02-02T16:48:13","guid":{"rendered":"https:\/\/strikemaker.com\/product\/sm-tool-003-belt-welding-clamp-halterung-fuer-rundriemen\/"},"modified":"2026-04-05T16:24:09","modified_gmt":"2026-04-05T15:24:09","slug":"sm-tool-003-belt-welding-clamp-halterung-fuer-rundriemen","status":"publish","type":"product","link":"https:\/\/strikemaker.com\/en\/product\/sm-tool-003-belt-welding-clamp-halterung-fuer-rundriemen\/","title":{"rendered":"SM-TOOL-003 Belt Welding Clamp &#8211; Halterung f\u00fcr Rundriemen"},"content":{"rendered":"<p>Halterung zum Verschwei\u00dfen der Rundriemen, nur gr\u00f6\u00dfer als das Original somit bessere Handhabung<\/p>\n","protected":false},"excerpt":{"rendered":"<p>SM-TOOL-003 Belt Welding Clamp &#8211; Halterung f\u00fcr Rundriemen<\/p>\n","protected":false},"featured_media":0,"comment_status":"closed","ping_status":"closed","template":"","meta":{"_acf_changed":false,"_et_pb_use_builder":"","_et_pb_old_content":"","_et_gb_content_width":""},"product_brand":[],"product_cat":[3302],"product_tag":[],"class_list":{"0":"post-1652223","1":"product","2":"type-product","3":"status-publish","5":"product_cat-3302","7":"first","8":"outofstock","9":"shipping-taxable","10":"product-type-simple"},"acf":[],"_links":{"self":[{"href":"https:\/\/strikemaker.com\/en\/wp-json\/wp\/v2\/product\/1652223","targetHints":{"allow":["GET"]}}],"collection":[{"href":"https:\/\/strikemaker.com\/en\/wp-json\/wp\/v2\/product"}],"about":[{"href":"https:\/\/strikemaker.com\/en\/wp-json\/wp\/v2\/types\/product"}],"replies":[{"embeddable":true,"href":"https:\/\/strikemaker.com\/en\/wp-json\/wp\/v2\/comments?post=1652223"}],"wp:attachment":[{"href":"https:\/\/strikemaker.com\/en\/wp-json\/wp\/v2\/media?parent=1652223"}],"wp:term":[{"taxonomy":"product_brand","embeddable":true,"href":"https:\/\/strikemaker.com\/en\/wp-json\/wp\/v2\/product_brand?post=1652223"},{"taxonomy":"product_cat","embeddable":true,"href":"https:\/\/strikemaker.com\/en\/wp-json\/wp\/v2\/product_cat?post=1652223"},{"taxonomy":"product_tag","embeddable":true,"href":"https:\/\/strikemaker.com\/en\/wp-json\/wp\/v2\/product_tag?post=1652223"}],"curies":[{"name":"wp","href":"https:\/\/api.w.org\/{rel}","templated":true}]}}