{"id":1618139,"date":"2024-12-02T19:51:49","date_gmt":"2024-12-02T18:51:49","guid":{"rendered":"https:\/\/strikemaker.com\/formas-de-pago\/"},"modified":"2024-12-02T20:30:00","modified_gmt":"2024-12-02T19:30:00","slug":"formas-pago","status":"publish","type":"page","link":"https:\/\/strikemaker.com\/es\/formas-pago\/","title":{"rendered":"Formas de pago"},"content":{"rendered":"<div class=\"woocommerce woocommerce-gzd\">\n\t<ul class=\"payment_methods methods\">\n\t\t\t\t\t<li class=\"payment_method_invoice\">\n\t\t\t\t<label>Factura<\/label>\n\t\t\t\t\t\t\t\t\t<div class=\"payment_box payment_method_invoice\">\n\t\t\t\t\t\t<p>Despu\u00e9s de realizar su pedido, recibir\u00e1 autom\u00e1ticamente una factura nuestra por correo electr\u00f3nico.<\/p>\n\t\t\t\t\t<\/div>\n\t\t\t\t\t\t\t<\/li>\n\t\t\t<\/ul>\n<\/div>\n","protected":false},"excerpt":{"rendered":"","protected":false},"author":1,"featured_media":0,"parent":0,"menu_order":0,"comment_status":"closed","ping_status":"closed","template":"","meta":{"_acf_changed":false,"_et_pb_use_builder":"","_et_pb_old_content":"","_et_gb_content_width":"","footnotes":""},"class_list":["post-1618139","page","type-page","status-publish","hentry"],"acf":[],"_links":{"self":[{"href":"https:\/\/strikemaker.com\/es\/wp-json\/wp\/v2\/pages\/1618139","targetHints":{"allow":["GET"]}}],"collection":[{"href":"https:\/\/strikemaker.com\/es\/wp-json\/wp\/v2\/pages"}],"about":[{"href":"https:\/\/strikemaker.com\/es\/wp-json\/wp\/v2\/types\/page"}],"author":[{"embeddable":true,"href":"https:\/\/strikemaker.com\/es\/wp-json\/wp\/v2\/users\/1"}],"replies":[{"embeddable":true,"href":"https:\/\/strikemaker.com\/es\/wp-json\/wp\/v2\/comments?post=1618139"}],"version-history":[{"count":1,"href":"https:\/\/strikemaker.com\/es\/wp-json\/wp\/v2\/pages\/1618139\/revisions"}],"predecessor-version":[{"id":1618196,"href":"https:\/\/strikemaker.com\/es\/wp-json\/wp\/v2\/pages\/1618139\/revisions\/1618196"}],"wp:attachment":[{"href":"https:\/\/strikemaker.com\/es\/wp-json\/wp\/v2\/media?parent=1618139"}],"curies":[{"name":"wp","href":"https:\/\/api.w.org\/{rel}","templated":true}]}}