{"id":1618308,"date":"2024-12-02T21:23:14","date_gmt":"2024-12-02T20:23:14","guid":{"rendered":"https:\/\/strikemaker.com\/quienes-somos\/"},"modified":"2024-12-02T21:23:14","modified_gmt":"2024-12-02T20:23:14","slug":"quienes-somos","status":"publish","type":"page","link":"https:\/\/strikemaker.com\/es\/quienes-somos\/","title":{"rendered":"Qui\u00e9nes somos"},"content":{"rendered":"<p><strong>STRIKE MAKER &#8211; \u00a1UN \u00c9XITO EUROPEO!<\/strong><\/p>\n<p>Lo que empez\u00f3 en Alemania en 1999 con la venta de aguardiente en botellas de pin, se convirti\u00f3 en pocos a\u00f1os en el proveedor europeo de servicios completos para boleras. Hoy, Strike Maker es el socio de los centros de bolos.<\/p>\n<p><strong>Ya sean botellas de licor, zapatos de alquiler o limpiadores de pistas.<\/strong><br \/>  Suministramos todo para tu bolera  <\/p>\n<p><strong>Ya sean piezas de recambio o servicio t\u00e9cnico.<\/strong><br \/>  \u00a1Nos aseguramos de que tus v\u00edas funcionen!  <\/p>\n<p><strong>Ya sean reformas o nuevas construcciones.<\/strong><br \/>  \u00a1Asesoramos e intermediamos en pinsetters nuevos y usados!  <\/p>\n<p>El servicio de atenci\u00f3n telef\u00f3nica, la disponibilidad y la rapidez de entrega son algo natural para nosotros.<\/p>\n<p><strong>STRIKE MAKER &#8211; \u00a1TU COMPA\u00d1ERO DE BOLOS!<\/strong><br \/>  Desde el verano de 2010, tambi\u00e9n eres tu socio en piezas de recambio de alta calidad para GS Pinsetter.  <\/p>\n<p>Todos los productos que ofrecemos se desarrollan, prueban y mejoran constantemente en nuestras instalaciones. Por tanto, nuestros clientes tienen la garant\u00eda de recibir el mejor precio, calidad y funcionalidad posibles.<\/p>\n<p>Incluso hoy en d\u00eda, Strike Maker sigue estando al 100% en manos de sus propietarios, que trabajan constantemente para mejorar sus productos y desarrollar nuevos art\u00edculos.<\/p>\n","protected":false},"excerpt":{"rendered":"<p>STRIKE MAKER &#8211; \u00a1UN \u00c9XITO EUROPEO! Lo que empez\u00f3 en Alemania en 1999 con la venta de aguardiente en botellas de pin, se convirti\u00f3 en pocos a\u00f1os en el proveedor europeo de servicios completos para boleras. Hoy, Strike Maker es el socio de los centros de bolos. Ya sean botellas de licor, zapatos de alquiler [&hellip;]<\/p>\n","protected":false},"author":3,"featured_media":0,"parent":0,"menu_order":0,"comment_status":"closed","ping_status":"closed","template":"content-centered-template.php","meta":{"_acf_changed":false,"_et_pb_use_builder":"off","_et_pb_old_content":"","_et_gb_content_width":"","footnotes":""},"class_list":["post-1618308","page","type-page","status-publish","hentry"],"acf":[],"_links":{"self":[{"href":"https:\/\/strikemaker.com\/es\/wp-json\/wp\/v2\/pages\/1618308","targetHints":{"allow":["GET"]}}],"collection":[{"href":"https:\/\/strikemaker.com\/es\/wp-json\/wp\/v2\/pages"}],"about":[{"href":"https:\/\/strikemaker.com\/es\/wp-json\/wp\/v2\/types\/page"}],"author":[{"embeddable":true,"href":"https:\/\/strikemaker.com\/es\/wp-json\/wp\/v2\/users\/3"}],"replies":[{"embeddable":true,"href":"https:\/\/strikemaker.com\/es\/wp-json\/wp\/v2\/comments?post=1618308"}],"version-history":[{"count":0,"href":"https:\/\/strikemaker.com\/es\/wp-json\/wp\/v2\/pages\/1618308\/revisions"}],"wp:attachment":[{"href":"https:\/\/strikemaker.com\/es\/wp-json\/wp\/v2\/media?parent=1618308"}],"curies":[{"name":"wp","href":"https:\/\/api.w.org\/{rel}","templated":true}]}}