{"id":1618509,"date":"2024-12-02T22:47:02","date_gmt":"2024-12-02T21:47:02","guid":{"rendered":"https:\/\/strikemaker.com\/login\/"},"modified":"2025-10-10T10:57:14","modified_gmt":"2025-10-10T09:57:14","slug":"login","status":"publish","type":"page","link":"https:\/\/strikemaker.com\/es\/login\/","title":{"rendered":"Inicio de sesi\u00f3n"},"content":{"rendered":"<p>[et_pb_section fb_built=\u00bb1&#8243; _builder_version=\u00bb4.27.2&#8243; _module_preset=\u00bbdefault\u00bb collapsed=\u00bboff\u00bb global_colors_info=\u00bb{}\u00bb][et_pb_row module_class=\u00bbdivi-container-wrapper\u00bb _builder_version=\u00bb4.27.2&#8243; _module_preset=\u00bbdefault\u00bb global_colors_info=\u00bb{}\u00bb][et_pb_column type=\u00bb4_4&#8243; _builder_version=\u00bb4.16&#8243; _module_preset=\u00bbdefault\u00bb global_colors_info=\u00bb{}\u00bb][et_pb_heading title=\u00bbVenta exclusiva a clientes comerciales.\u00bb _builder_version=\u00bb4.27.4&#8243; _module_preset=\u00bb_initial\u00bb title_text_align=\u00bbcenter\u00bb hover_enabled=\u00bb0&#8243; global_colors_info=\u00bb{}\u00bb custom_margin=\u00bb||2rem||false|false\u00bb sticky_enabled=\u00bb0&#8243;][\/et_pb_heading][\/et_pb_column][\/et_pb_row][\/et_pb_section][et_pb_section fb_built=\u00bb1&#8243; _builder_version=\u00bb4.27.2&#8243; _module_preset=\u00bbdefault\u00bb global_colors_info=\u00bb{}\u00bb][et_pb_row column_structure=\u00bb1_2,1_2&#8243; make_equal=\u00bbon\u00bb module_class=\u00bbdivi-container-wrapper\u00bb _builder_version=\u00bb4.27.4&#8243; _module_preset=\u00bbdefault\u00bb global_colors_info=\u00bb{}\u00bb][et_pb_column type=\u00bb1_2&#8243; _builder_version=\u00bb4.27.2&#8243; _module_preset=\u00bbdefault\u00bb global_colors_info=\u00bb{}\u00bb][et_pb_login title=\u00bbRegistrarse en la tienda online\u00bb module_class=\u00bbsm-section-bg\u00bb _builder_version=\u00bb4.27.4&#8243; _module_preset=\u00bbdefault\u00bb header_level=\u00bbh3&#8243; header_text_color=\u00bbgcid-a687818d-3b63-416c-b67a-19ab05afa569&#8243; global_colors_info=\u00bb{%22gcid-24fd35f7-73de-4bea-b00d-11b7b90439de%22:%91%22button_bg_color%22%93,%22gcid-a687818d-3b63-416c-b67a-19ab05afa569%22:%91%22header_text_color%22%93}\u00bb][\/et_pb_login][\/et_pb_column][et_pb_column type=\u00bb1_2&#8243; module_class=\u00bbsm-section-bg\u00bb _builder_version=\u00bb4.27.4&#8243; _module_preset=\u00bbdefault\u00bb global_colors_info=\u00bb{}\u00bb][et_pb_heading title=\u00bbReg\u00edstrate en la tienda virtual\u00bb _builder_version=\u00bb4.27.4&#8243; _module_preset=\u00bb_initial\u00bb title_level=\u00bbh3&#8243; title_text_align=\u00bbcenter\u00bb global_colors_info=\u00bb{}\u00bb][\/et_pb_heading][et_pb_code _builder_version=\u00bb4.27.4&#8243; _module_preset=\u00bbdefault\u00bb global_colors_info=\u00bb{}\u00bb]<pee><!-- [et_pb_line_break_holder] --> A\u00fan no est\u00e1s registrado en nuestra tienda online. Introduce tu direcci\u00f3n de correo electr\u00f3nico y genera una contrase\u00f1a a trav\u00e9s del enlace que te enviamos. <!-- [et_pb_line_break_holder] --><\/pee>[\/et_pb_code][et_pb_code _builder_version=\u00bb4.27.4&#8243; _module_preset=\u00bbdefault\u00bb hover_enabled=\u00bb0&#8243; global_colors_info=\u00bb{}\u00bb sticky_enabled=\u00bb0&#8243;]    <div class=\"sm-account-form\">\n        <form method=\"post\" action=\"\" class=\"sm-account-form__form et_pb_module\">\n            <div class=\"form-field et_pb_module\">\n                <input aria-label=\"Email\" type=\"email\" name=\"account_email\" id=\"account_email\" autocomplete=\"off\" placeholder=\"Introduzca aqu\u00ed su direcci\u00f3n de correo electr\u00f3nico\">\n                            <\/div>\n            <input type=\"hidden\" name=\"action\" value=\"sm_account_form\"\/>\n            <input type=\"hidden\" id=\"sm_account_nonce\" name=\"sm_account_nonce\" value=\"8bac182c09\" \/><input type=\"hidden\" name=\"_wp_http_referer\" value=\"\/es\/wp-json\/wp\/v2\/pages\/1618509\" \/>            <div class=\"et_pb_module\">\n                <button type=\"submit\" class=\"form-submit\">Crear contrase\u00f1a<\/button>\n            <\/div>\n        <\/form>\n    <\/div>\n    [\/et_pb_code][\/et_pb_column][\/et_pb_row][\/et_pb_section]<\/p>\n","protected":false},"excerpt":{"rendered":"    <div class=\"sm-account-form\">\n        <form method=\"post\" action=\"\" class=\"sm-account-form__form et_pb_module\">\n            <div class=\"form-field et_pb_module\">\n                <input aria-label=\"Email\" type=\"email\" name=\"account_email\" id=\"account_email\" autocomplete=\"off\" placeholder=\"Introduzca aqu\u00ed su direcci\u00f3n de correo electr\u00f3nico\">\n                            <\/div>\n            <input type=\"hidden\" name=\"action\" value=\"sm_account_form\"\/>\n            <input type=\"hidden\" id=\"sm_account_nonce\" name=\"sm_account_nonce\" value=\"8bac182c09\" \/><input type=\"hidden\" name=\"_wp_http_referer\" value=\"\/es\/wp-json\/wp\/v2\/pages\/1618509\" \/>            <div class=\"et_pb_module\">\n                <button type=\"submit\" class=\"form-submit\">Crear contrase\u00f1a<\/button>\n            <\/div>\n        <\/form>\n    <\/div>\n    \n","protected":false},"author":3,"featured_media":0,"parent":0,"menu_order":0,"comment_status":"closed","ping_status":"closed","template":"","meta":{"_acf_changed":false,"_et_pb_use_builder":"on","_et_pb_old_content":"","_et_gb_content_width":"","footnotes":""},"class_list":["post-1618509","page","type-page","status-publish","hentry"],"acf":[],"_links":{"self":[{"href":"https:\/\/strikemaker.com\/es\/wp-json\/wp\/v2\/pages\/1618509","targetHints":{"allow":["GET"]}}],"collection":[{"href":"https:\/\/strikemaker.com\/es\/wp-json\/wp\/v2\/pages"}],"about":[{"href":"https:\/\/strikemaker.com\/es\/wp-json\/wp\/v2\/types\/page"}],"author":[{"embeddable":true,"href":"https:\/\/strikemaker.com\/es\/wp-json\/wp\/v2\/users\/3"}],"replies":[{"embeddable":true,"href":"https:\/\/strikemaker.com\/es\/wp-json\/wp\/v2\/comments?post=1618509"}],"version-history":[{"count":8,"href":"https:\/\/strikemaker.com\/es\/wp-json\/wp\/v2\/pages\/1618509\/revisions"}],"predecessor-version":[{"id":1642294,"href":"https:\/\/strikemaker.com\/es\/wp-json\/wp\/v2\/pages\/1618509\/revisions\/1642294"}],"wp:attachment":[{"href":"https:\/\/strikemaker.com\/es\/wp-json\/wp\/v2\/media?parent=1618509"}],"curies":[{"name":"wp","href":"https:\/\/api.w.org\/{rel}","templated":true}]}}