{"id":1619092,"date":"2024-12-03T09:22:26","date_gmt":"2024-12-03T08:22:26","guid":{"rendered":"https:\/\/strikemaker.com\/inicio\/"},"modified":"2025-01-21T15:22:12","modified_gmt":"2025-01-21T14:22:12","slug":"inicio","status":"publish","type":"page","link":"https:\/\/strikemaker.com\/es\/","title":{"rendered":"Inicio"},"content":{"rendered":"<p>[et_pb_section fb_built=\u00bb1&#8243; fullwidth=\u00bbon\u00bb _builder_version=\u00bb4.27.2&#8243; _module_preset=\u00bbdefault\u00bb global_colors_info=\u00bb{}\u00bb][et_pb_fullwidth_slider show_arrows=\u00bboff\u00bb module_class=\u00bbhero-banner\u00bb _builder_version=\u00bb4.27.0&#8243; _module_preset=\u00bbdefault\u00bb header_text_align=\u00bbcenter\u00bb body_text_align=\u00bbcenter\u00bb height=\u00bb362px\u00bb hover_enabled=\u00bb0&#8243; global_colors_info=\u00bb{}\u00bb dot_nav_custom_color__hover_enabled=\u00bbon|hover\u00bb sticky_enabled=\u00bb0&#8243;][et_pb_slide image=\u00bbhttps:\/\/strikemaker.com\/wp-content\/uploads\/2024\/12\/strikemaker-logo-home-slider-ES-2.png\u00bb image_tablet=\u00bbhttps:\/\/strikemaker.com\/wp-content\/uploads\/2024\/12\/strikemaker-logo-home-slider-ES-2.png\u00bb image_phone=\u00bbhttps:\/\/strikemaker.com\/wp-content\/uploads\/2024\/12\/strikemaker-logo-home-slider-ES-2.png\u00bb image_last_edited=\u00bbon|phone\u00bb _builder_version=\u00bb4.27.0&#8243; _module_preset=\u00bbdefault\u00bb background_color=\u00bbRGBA(255,255,255,0)\u00bb background_enable_color=\u00bbon\u00bb background_image=\u00bb\/wp-content\/themes\/CM-DiviChildTheme\/images\/strikemaker-hero-banner.jpg\u00bb background_enable_image=\u00bbon\u00bb hover_enabled=\u00bb0&#8243; global_colors_info=\u00bb{}\u00bb sticky_transition=\u00bbon\u00bb title_text=\u00bbstrikemaker-logo-home-slider\u00bb sticky_enabled=\u00bb0&#8243;][\/et_pb_slide][et_pb_slide image=\u00bbhttps:\/\/strikemaker.com\/wp-content\/uploads\/2024\/12\/strikemaker-logo-home-slider-ES-2.png\u00bb _builder_version=\u00bb4.27.0&#8243; _module_preset=\u00bbdefault\u00bb background_color=\u00bbRGBA(255,255,255,0)\u00bb background_enable_color=\u00bbon\u00bb background_image=\u00bb\/wp-content\/themes\/CM-DiviChildTheme\/images\/strikemaker-hero-banner.jpg\u00bb background_enable_image=\u00bbon\u00bb global_colors_info=\u00bb{}\u00bb sticky_transition=\u00bbon\u00bb][\/et_pb_slide][et_pb_slide image=\u00bbhttps:\/\/strikemaker.com\/wp-content\/uploads\/2024\/12\/strikemaker-logo-home-slider-ES-2.png\u00bb _builder_version=\u00bb4.27.0&#8243; _module_preset=\u00bbdefault\u00bb background_color=\u00bbRGBA(255,255,255,0)\u00bb background_enable_color=\u00bbon\u00bb background_image=\u00bb\/wp-content\/themes\/CM-DiviChildTheme\/images\/strikemaker-hero-banner.jpg\u00bb background_enable_image=\u00bbon\u00bb global_colors_info=\u00bb{}\u00bb sticky_transition=\u00bbon\u00bb][\/et_pb_slide][et_pb_slide image=\u00bbhttps:\/\/strikemaker.com\/wp-content\/uploads\/2024\/12\/strikemaker-logo-home-slider-ES-2.png\u00bb _builder_version=\u00bb4.27.0&#8243; _module_preset=\u00bbdefault\u00bb background_color=\u00bbRGBA(255,255,255,0)\u00bb background_enable_color=\u00bbon\u00bb background_image=\u00bb\/wp-content\/themes\/CM-DiviChildTheme\/images\/strikemaker-hero-banner.jpg\u00bb background_enable_image=\u00bbon\u00bb global_colors_info=\u00bb{}\u00bb sticky_transition=\u00bbon\u00bb][\/et_pb_slide][\/et_pb_fullwidth_slider][\/et_pb_section][et_pb_section fb_built=\u00bb1&#8243; admin_label=\u00bbSection\u00bb _builder_version=\u00bb4.27.2&#8243; _module_preset=\u00bbdefault\u00bb background_color=\u00bb#FFFFFF\u00bb custom_padding=\u00bb0px|0px|0px|0px|false|false\u00bb global_colors_info=\u00bb{}\u00bb][et_pb_row custom_padding_last_edited=\u00bbon|phone\u00bb _builder_version=\u00bb4.27.2&#8243; _module_preset=\u00bbdefault\u00bb width_tablet=\u00bb\u00bb width_phone=\u00bb\u00bb width_last_edited=\u00bbon|phone\u00bb max_width=\u00bb720px\u00bb max_width_tablet=\u00bb720px\u00bb max_width_phone=\u00bb720px\u00bb max_width_last_edited=\u00bbon|phone\u00bb custom_padding=\u00bb50px|0px|50px|0px|false|false\u00bb custom_padding_tablet=\u00bb|50px||50px|false|true\u00bb custom_padding_phone=\u00bb|50px|35px|50px|false|true\u00bb global_colors_info=\u00bb{}\u00bb][et_pb_column type=\u00bb4_4&#8243; _builder_version=\u00bb4.27.2&#8243; _module_preset=\u00bbdefault\u00bb global_colors_info=\u00bb{}\u00bb][et_pb_heading title=\u00bbUNA HISTORIA DE \u00c9XITO EUROPEA\u00bb admin_label=\u00bbEINE EUROP\u00c4ISCHE ERFOLGSGESCHICHTE\u00bb _builder_version=\u00bb4.27.0&#8243; _module_preset=\u00bbdb064961-f822-4ca1-8b85-eafda77a08fb\u00bb title_font=\u00bb&#8211;et_global_heading_font|600|||||||\u00bb title_text_align=\u00bbcenter\u00bb title_font_size=\u00bb28px\u00bb custom_margin=\u00bb20px||||false|false\u00bb global_colors_info=\u00bb{}\u00bb][\/et_pb_heading][et_pb_text admin_label=\u00bbText 1&#8243; _builder_version=\u00bb4.27.0&#8243; _module_preset=\u00bbdefault\u00bb text_font=\u00bb|&#8211;et_global_body_font_weight|||||||\u00bb text_font_size=\u00bb18px\u00bb module_alignment=\u00bbcenter\u00bb custom_margin=\u00bb||50px||false|false\u00bb global_colors_info=\u00bb{}\u00bb]<\/p>\n<p style=\"text-align: center;\">Venimos de unos humildes comienzos en Munich &#8211; Alemania en 1999, donde vendimos por primera vez licor en botellas de bol\u00edgrafo, lo que significa que nuestras ra\u00edces provienen realmente de la bebida.<br \/>\nCon los a\u00f1os nos hemos hecho m\u00e1s sabios, nos hemos centrado menos en la bebida y hemos empezado a escuchar a\u00fan mejor a nuestros clientes.<br \/>\nBas\u00e1ndonos en los problemas cotidianos y las experiencias de cientos de directores de centros, empezamos a desarrollar nuevas ideas y tecnolog\u00edas para ayudar a los centros de bolos en su trabajo diario.<br \/>\nHoy, con m\u00e1s de 2.500 clientes en todo el mundo, STRIKE MAKER se ha convertido en un proveedor global de servicios completos para los centros de bolos.<\/p>\n<p>[\/et_pb_text][et_pb_divider color=\u00bbgcid-78477db1-71b7-4c2b-8efd-d8a163b509f1&#8243; divider_weight=\u00bb4px\u00bb _builder_version=\u00bb4.27.2&#8243; _module_preset=\u00bbdefault\u00bb max_width=\u00bb400px\u00bb module_alignment=\u00bbcenter\u00bb custom_margin=\u00bb||0px||false|false\u00bb custom_padding=\u00bb0px||0px||false|false\u00bb global_colors_info=\u00bb{%22gcid-78477db1-71b7-4c2b-8efd-d8a163b509f1%22:%91%22color%22%93}\u00bb][\/et_pb_divider][et_pb_heading title=\u00bbBolos, zapatillas de alquiler y mantenimiento de pistas\u00bb admin_label=\u00bbBowling Pins, Leihschuhe &#038; Bahnpflege\u00bb _builder_version=\u00bb4.27.0&#8243; _module_preset=\u00bbdb064961-f822-4ca1-8b85-eafda77a08fb\u00bb title_font=\u00bb&#8211;et_global_heading_font|600|||||||\u00bb title_text_align=\u00bbcenter\u00bb title_font_size=\u00bb28px\u00bb custom_margin=\u00bb20px||||false|false\u00bb global_colors_info=\u00bb{}\u00bb][\/et_pb_heading][et_pb_text admin_label=\u00bbText 2&#8243; _builder_version=\u00bb4.27.0&#8243; _module_preset=\u00bbdefault\u00bb text_font=\u00bb|&#8211;et_global_body_font_weight|||||||\u00bb text_font_size=\u00bb18px\u00bb module_alignment=\u00bbcenter\u00bb custom_margin=\u00bb||50px||false|false\u00bb global_colors_info=\u00bb{}\u00bb]<\/p>\n<p style=\"text-align: center;\">Somos l\u00edderes del mercado y le apoyamos en el trabajo diario de su bolera.<\/p>\n<p>[\/et_pb_text][et_pb_divider color=\u00bbgcid-78477db1-71b7-4c2b-8efd-d8a163b509f1&#8243; divider_weight=\u00bb4px\u00bb admin_label=\u00bbDivider\u00bb _builder_version=\u00bb4.27.2&#8243; _module_preset=\u00bbdefault\u00bb max_width=\u00bb400px\u00bb module_alignment=\u00bbcenter\u00bb custom_margin=\u00bb||0px||false|false\u00bb custom_padding=\u00bb0px||0px||false|false\u00bb global_colors_info=\u00bb{%22gcid-78477db1-71b7-4c2b-8efd-d8a163b509f1%22:%91%22color%22%93}\u00bb][\/et_pb_divider][et_pb_heading title=\u00bbPiezas de repuesto y servicio t\u00e9cnico para pin setter Brunswick GS\u00bb admin_label=\u00bbErsatzteile f\u00fcr Brunswick GS\u00ae Pin Setter und technischer Service\u00bb _builder_version=\u00bb4.27.0&#8243; _module_preset=\u00bbdb064961-f822-4ca1-8b85-eafda77a08fb\u00bb title_font=\u00bb&#8211;et_global_heading_font|600|||||||\u00bb title_text_align=\u00bbcenter\u00bb title_font_size=\u00bb28px\u00bb custom_margin=\u00bb20px||||false|false\u00bb global_colors_info=\u00bb{}\u00bb][\/et_pb_heading][et_pb_text admin_label=\u00bbText 3&#8243; _builder_version=\u00bb4.27.0&#8243; _module_preset=\u00bbdefault\u00bb text_font=\u00bb|&#8211;et_global_body_font_weight|||||||\u00bb text_font_size=\u00bb18px\u00bb module_alignment=\u00bbcenter\u00bb custom_margin=\u00bb||50px||false|false\u00bb global_colors_info=\u00bb{}\u00bb]<\/p>\n<p style=\"text-align: center;\">Nos aseguramos de que sus pin setters funcionen sin problemas y de forma eficiente.<br \/>\nS\u00f3lo ofrecemos piezas de alta calidad fabricadas en Alemania.<\/p>\n<p>[\/et_pb_text][et_pb_divider color=\u00bbgcid-78477db1-71b7-4c2b-8efd-d8a163b509f1&#8243; divider_weight=\u00bb4px\u00bb admin_label=\u00bbDivider\u00bb _builder_version=\u00bb4.27.2&#8243; _module_preset=\u00bbdefault\u00bb max_width=\u00bb400px\u00bb module_alignment=\u00bbcenter\u00bb custom_margin=\u00bb||0px||false|false\u00bb custom_padding=\u00bb0px||0px||false|false\u00bb global_colors_info=\u00bb{%22gcid-78477db1-71b7-4c2b-8efd-d8a163b509f1%22:%91%22color%22%93}\u00bb][\/et_pb_divider][et_pb_heading title=\u00bb Modernizaci\u00f3n o nuevos proyectos.\u00bb admin_label=\u00bbModernisierung oder neue Projekte.\u00bb _builder_version=\u00bb4.27.0&#8243; _module_preset=\u00bbdb064961-f822-4ca1-8b85-eafda77a08fb\u00bb title_font=\u00bb&#8211;et_global_heading_font|600|||||||\u00bb title_text_align=\u00bbcenter\u00bb title_font_size=\u00bb28px\u00bb custom_margin=\u00bb20px||||false|false\u00bb global_colors_info=\u00bb{}\u00bb][\/et_pb_heading][et_pb_text admin_label=\u00bbText 4&#8243; _builder_version=\u00bb4.27.0&#8243; _module_preset=\u00bbdefault\u00bb text_font=\u00bb|&#8211;et_global_body_font_weight|||||||\u00bb text_font_size=\u00bb18px\u00bb module_alignment=\u00bbcenter\u00bb custom_margin=\u00bb||50px||false|false\u00bb global_colors_info=\u00bb{}\u00bb]<\/p>\n<p style=\"text-align: center;\">STRIKE MAKER sigue estando dirigida y gestionada por sus dos fundadores.<br \/>\nNuestro equipo global se compromete a ofrecer la mejor calidad, precios justos y un alto nivel de servicio d\u00eda tras d\u00eda.<br \/>\nSTRIKE MAKER sigue siendo dirigida y propiedad de los dos fundadores en la actualidad.<br \/>\nD\u00eda tras d\u00eda, nuestro equipo global se compromete a ofrecer los productos de mejor calidad, los precios m\u00e1s justos y el mejor servicio.<br \/>\nNuestro objetivo es hacer la vida de nuestros clientes m\u00e1s f\u00e1cil y sus negocios m\u00e1s rentables.<\/p>\n<p style=\"text-align: center;\">M\u00e1s de 2.500 boleras conf\u00edan en nuestros productos.<br \/>\n\u00bfY usted?<\/p>\n<p>[\/et_pb_text][et_pb_divider color=\u00bbgcid-78477db1-71b7-4c2b-8efd-d8a163b509f1&#8243; divider_weight=\u00bb4px\u00bb admin_label=\u00bbDivider\u00bb _builder_version=\u00bb4.27.2&#8243; _module_preset=\u00bbdefault\u00bb max_width=\u00bb400px\u00bb module_alignment=\u00bbcenter\u00bb custom_margin=\u00bb||0px||false|false\u00bb custom_padding=\u00bb0px||0px||false|false\u00bb global_colors_info=\u00bb{%22gcid-78477db1-71b7-4c2b-8efd-d8a163b509f1%22:%91%22color%22%93}\u00bb][\/et_pb_divider][et_pb_heading title=\u00bbSTRIKE MAKER: \u00a1EL MEJOR SOCIO PARA SU NEGOCIO DE BOLOS!\u00bb admin_label=\u00bbSTRIKE MAKER: DER BESTE PARTNER F\u00dcR IHR BOWLING-GESCH\u00c4FT!\u00bb _builder_version=\u00bb4.27.0&#8243; _module_preset=\u00bbdb064961-f822-4ca1-8b85-eafda77a08fb\u00bb title_font=\u00bb&#8211;et_global_heading_font|600|||||||\u00bb title_text_align=\u00bbcenter\u00bb title_font_size=\u00bb28px\u00bb custom_margin=\u00bb20px||||false|false\u00bb custom_padding=\u00bb||0px||false|false\u00bb global_colors_info=\u00bb{}\u00bb][\/et_pb_heading][\/et_pb_column][\/et_pb_row][\/et_pb_section][et_pb_section fb_built=\u00bb1&#8243; _builder_version=\u00bb4.27.2&#8243; _module_preset=\u00bbdefault\u00bb global_colors_info=\u00bb{}\u00bb][et_pb_row _builder_version=\u00bb4.27.2&#8243; _module_preset=\u00bbdefault\u00bb global_colors_info=\u00bb{}\u00bb][et_pb_column type=\u00bb4_4&#8243; _builder_version=\u00bb4.27.2&#8243; _module_preset=\u00bbdefault\u00bb global_colors_info=\u00bb{}\u00bb][et_pb_heading title=\u00bb Nuestros productos\u00bb admin_label=\u00bbHeading\u00bb _builder_version=\u00bb4.27.0&#8243; _module_preset=\u00bbdb064961-f822-4ca1-8b85-eafda77a08fb\u00bb title_font=\u00bb&#8211;et_global_heading_font|&#8211;et_global_heading_font_weight|||||||\u00bb custom_padding=\u00bb50px||||false|false\u00bb global_colors_info=\u00bb{}\u00bb][\/et_pb_heading][et_pb_code _builder_version=\u00bb4.27.2&#8243; _module_preset=\u00bbdefault\u00bb global_colors_info=\u00bb{}\u00bb]<div class=\"woocommerce\"><ul class=\"products product-category-list\"><li class=\"product-category product\"><a aria-label=\"Produktkategorie Werbemittel besuchen\" href=\"https:\/\/strikemaker.com\/es\/produkt-kategorie\/4-es\/\"><img decoding=\"async\" width=\"300\" height=\"275\" data-src=\"https:\/\/strikemaker.com\/wp-content\/uploads\/sm\/images\/category\/4\/Group-82@2x-300x275.jpg\" class=\"attachment-medium size-medium lazyload\" alt=\"\" src=\"data:image\/svg+xml;base64,PHN2ZyB3aWR0aD0iMSIgaGVpZ2h0PSIxIiB4bWxucz0iaHR0cDovL3d3dy53My5vcmcvMjAwMC9zdmciPjwvc3ZnPg==\" style=\"--smush-placeholder-width: 300px; --smush-placeholder-aspect-ratio: 300\/275;\" \/><\/a><h2 class=\"category-title\"><a aria-label=\"Produktkategorie Werbemittel besuchen\" href=\"https:\/\/strikemaker.com\/es\/produkt-kategorie\/4-es\/\">Repuestos Pinsetter BRUNSWICK serie GS<\/a><\/h2><\/li><li class=\"product-category product\"><a aria-label=\"Produktkategorie Werbemittel besuchen\" href=\"https:\/\/strikemaker.com\/es\/produkt-kategorie\/3-es\/34-es\/\"><img decoding=\"async\" width=\"300\" height=\"275\" data-src=\"https:\/\/strikemaker.com\/wp-content\/uploads\/sm\/images\/category\/34\/Group-84@2x-1-300x275.jpg\" class=\"attachment-medium size-medium lazyload\" alt=\"\" src=\"data:image\/svg+xml;base64,PHN2ZyB3aWR0aD0iMSIgaGVpZ2h0PSIxIiB4bWxucz0iaHR0cDovL3d3dy53My5vcmcvMjAwMC9zdmciPjwvc3ZnPg==\" style=\"--smush-placeholder-width: 300px; --smush-placeholder-aspect-ratio: 300\/275;\" \/><\/a><h2 class=\"category-title\"><a aria-label=\"Produktkategorie Werbemittel besuchen\" href=\"https:\/\/strikemaker.com\/es\/produkt-kategorie\/3-es\/34-es\/\">Zapatos de instalaci&oacute;n<\/a><\/h2><\/li><li class=\"product-category product\"><a aria-label=\"Produktkategorie Werbemittel besuchen\" href=\"https:\/\/strikemaker.com\/es\/produkt-kategorie\/7-es\/\"><img decoding=\"async\" width=\"300\" height=\"275\" data-src=\"https:\/\/strikemaker.com\/wp-content\/uploads\/sm\/images\/category\/7\/Group-86@2x-300x275.jpg\" class=\"attachment-medium size-medium lazyload\" alt=\"\" src=\"data:image\/svg+xml;base64,PHN2ZyB3aWR0aD0iMSIgaGVpZ2h0PSIxIiB4bWxucz0iaHR0cDovL3d3dy53My5vcmcvMjAwMC9zdmciPjwvc3ZnPg==\" style=\"--smush-placeholder-width: 300px; --smush-placeholder-aspect-ratio: 300\/275;\" \/><\/a><h2 class=\"category-title\"><a aria-label=\"Produktkategorie Werbemittel besuchen\" href=\"https:\/\/strikemaker.com\/es\/produkt-kategorie\/7-es\/\">Bolos<\/a><\/h2><\/li><li class=\"product-category product\"><a aria-label=\"Produktkategorie Werbemittel besuchen\" href=\"https:\/\/strikemaker.com\/es\/produkt-kategorie\/5-es\/\"><img decoding=\"async\" width=\"300\" height=\"275\" data-src=\"https:\/\/strikemaker.com\/wp-content\/uploads\/sm\/images\/category\/5\/Group-85@2x-300x275.jpg\" class=\"attachment-medium size-medium lazyload\" alt=\"\" src=\"data:image\/svg+xml;base64,PHN2ZyB3aWR0aD0iMSIgaGVpZ2h0PSIxIiB4bWxucz0iaHR0cDovL3d3dy53My5vcmcvMjAwMC9zdmciPjwvc3ZnPg==\" style=\"--smush-placeholder-width: 300px; --smush-placeholder-aspect-ratio: 300\/275;\" \/><\/a><h2 class=\"category-title\"><a aria-label=\"Produktkategorie Werbemittel besuchen\" href=\"https:\/\/strikemaker.com\/es\/produkt-kategorie\/5-es\/\">Bolas de instalaci&oacute;n<\/a><\/h2><\/li><li class=\"product-category product\"><a aria-label=\"Produktkategorie Werbemittel besuchen\" href=\"https:\/\/strikemaker.com\/es\/produkt-kategorie\/3-es\/16-es\/\"><img decoding=\"async\" width=\"300\" height=\"275\" data-src=\"https:\/\/strikemaker.com\/wp-content\/uploads\/sm\/images\/category\/16\/Group-83@2x-300x275.jpg\" class=\"attachment-medium size-medium lazyload\" alt=\"\" src=\"data:image\/svg+xml;base64,PHN2ZyB3aWR0aD0iMSIgaGVpZ2h0PSIxIiB4bWxucz0iaHR0cDovL3d3dy53My5vcmcvMjAwMC9zdmciPjwvc3ZnPg==\" style=\"--smush-placeholder-width: 300px; --smush-placeholder-aspect-ratio: 300\/275;\" \/><\/a><h2 class=\"category-title\"><a aria-label=\"Produktkategorie Werbemittel besuchen\" href=\"https:\/\/strikemaker.com\/es\/produkt-kategorie\/3-es\/16-es\/\">Accesorios, desinfectante de zapatos, calzetines, cordones etc.<\/a><\/h2><\/li><li class=\"product-category product\"><a aria-label=\"Produktkategorie Werbemittel besuchen\" href=\"https:\/\/strikemaker.com\/es\/produkt-kategorie\/6-es\/19-es\/\"><img decoding=\"async\" width=\"300\" height=\"275\" data-src=\"https:\/\/strikemaker.com\/wp-content\/uploads\/sm\/images\/category\/19\/Group-87@2x-300x275.jpg\" class=\"attachment-medium size-medium lazyload\" alt=\"\" src=\"data:image\/svg+xml;base64,PHN2ZyB3aWR0aD0iMSIgaGVpZ2h0PSIxIiB4bWxucz0iaHR0cDovL3d3dy53My5vcmcvMjAwMC9zdmciPjwvc3ZnPg==\" style=\"--smush-placeholder-width: 300px; --smush-placeholder-aspect-ratio: 300\/275;\" \/><\/a><h2 class=\"category-title\"><a aria-label=\"Produktkategorie Werbemittel besuchen\" href=\"https:\/\/strikemaker.com\/es\/produkt-kategorie\/6-es\/19-es\/\">Mu&ntilde;ecos en forma de bolo<\/a><\/h2><\/li><li class=\"product-category product\"><a aria-label=\"Produktkategorie Werbemittel besuchen\" href=\"https:\/\/strikemaker.com\/es\/produkt-kategorie\/4-es\/22-es\/\"><img decoding=\"async\" width=\"300\" height=\"275\" data-src=\"https:\/\/strikemaker.com\/wp-content\/uploads\/sm\/images\/category\/22\/sm-SPEZIAL_Rechteckig-300x275.jpg\" class=\"attachment-medium size-medium lazyload\" alt=\"\" src=\"data:image\/svg+xml;base64,PHN2ZyB3aWR0aD0iMSIgaGVpZ2h0PSIxIiB4bWxucz0iaHR0cDovL3d3dy53My5vcmcvMjAwMC9zdmciPjwvc3ZnPg==\" style=\"--smush-placeholder-width: 300px; --smush-placeholder-aspect-ratio: 300\/275;\" \/><\/a><h2 class=\"category-title\"><a aria-label=\"Produktkategorie Werbemittel besuchen\" href=\"https:\/\/strikemaker.com\/es\/produkt-kategorie\/4-es\/22-es\/\">Spezialteile + Werkzeuge<\/a><\/h2><\/li><li class=\"product-category product\"><a aria-label=\"Produktkategorie Werbemittel besuchen\" href=\"https:\/\/strikemaker.com\/es\/produkt-kategorie\/8-es\/\"><img decoding=\"async\" width=\"300\" height=\"275\" data-src=\"https:\/\/strikemaker.com\/wp-content\/uploads\/sm\/images\/category\/8\/Group-88@2x-300x275.jpg\" class=\"attachment-medium size-medium lazyload\" alt=\"\" src=\"data:image\/svg+xml;base64,PHN2ZyB3aWR0aD0iMSIgaGVpZ2h0PSIxIiB4bWxucz0iaHR0cDovL3d3dy53My5vcmcvMjAwMC9zdmciPjwvc3ZnPg==\" style=\"--smush-placeholder-width: 300px; --smush-placeholder-aspect-ratio: 300\/275;\" \/><\/a><h2 class=\"category-title\"><a aria-label=\"Produktkategorie Werbemittel besuchen\" href=\"https:\/\/strikemaker.com\/es\/produkt-kategorie\/8-es\/\">Bowling-licores Strike Maker 4 cl.<\/a><\/h2><\/li><li class=\"product-category product\"><a aria-label=\"Produktkategorie Werbemittel besuchen\" href=\"https:\/\/strikemaker.com\/es\/produkt-kategorie\/9-es\/\"><img decoding=\"async\" width=\"300\" height=\"275\" data-src=\"https:\/\/strikemaker.com\/wp-content\/uploads\/sm\/images\/category\/9\/Group-91@2x-300x275.jpg\" class=\"attachment-medium size-medium lazyload\" alt=\"\" src=\"data:image\/svg+xml;base64,PHN2ZyB3aWR0aD0iMSIgaGVpZ2h0PSIxIiB4bWxucz0iaHR0cDovL3d3dy53My5vcmcvMjAwMC9zdmciPjwvc3ZnPg==\" style=\"--smush-placeholder-width: 300px; --smush-placeholder-aspect-ratio: 300\/275;\" \/><\/a><h2 class=\"category-title\"><a aria-label=\"Produktkategorie Werbemittel besuchen\" href=\"https:\/\/strikemaker.com\/es\/produkt-kategorie\/9-es\/\">Mantenimiento de pistas<\/a><\/h2><\/li><li class=\"product-category product\"><a aria-label=\"Produktkategorie Werbemittel besuchen\" href=\"https:\/\/strikemaker.com\/es\/produkt-kategorie\/6-es\/\"><img decoding=\"async\" width=\"300\" height=\"275\" data-src=\"https:\/\/strikemaker.com\/wp-content\/uploads\/sm\/images\/category\/6\/Group-90@2x-300x275.jpg\" class=\"attachment-medium size-medium lazyload\" alt=\"\" src=\"data:image\/svg+xml;base64,PHN2ZyB3aWR0aD0iMSIgaGVpZ2h0PSIxIiB4bWxucz0iaHR0cDovL3d3dy53My5vcmcvMjAwMC9zdmciPjwvc3ZnPg==\" style=\"--smush-placeholder-width: 300px; --smush-placeholder-aspect-ratio: 300\/275;\" \/><\/a><h2 class=\"category-title\"><a aria-label=\"Produktkategorie Werbemittel besuchen\" href=\"https:\/\/strikemaker.com\/es\/produkt-kategorie\/6-es\/\">PRO SHOP<\/a><\/h2><\/li><li class=\"product-category product\"><a aria-label=\"Produktkategorie Werbemittel besuchen\" href=\"https:\/\/strikemaker.com\/es\/produkt-kategorie\/14-es\/\"><img decoding=\"async\" width=\"300\" height=\"275\" data-src=\"https:\/\/strikemaker.com\/wp-content\/uploads\/sm\/images\/category\/14\/sm-PRIVAT_Rechteckig-300x275.jpg\" class=\"attachment-medium size-medium lazyload\" alt=\"\" src=\"data:image\/svg+xml;base64,PHN2ZyB3aWR0aD0iMSIgaGVpZ2h0PSIxIiB4bWxucz0iaHR0cDovL3d3dy53My5vcmcvMjAwMC9zdmciPjwvc3ZnPg==\" style=\"--smush-placeholder-width: 300px; --smush-placeholder-aspect-ratio: 300\/275;\" \/><\/a><h2 class=\"category-title\"><a aria-label=\"Produktkategorie Werbemittel besuchen\" href=\"https:\/\/strikemaker.com\/es\/produkt-kategorie\/14-es\/\">Privat Label<\/a><\/h2><\/li><li class=\"product-category product\"><a aria-label=\"Produktkategorie Werbemittel besuchen\" href=\"https:\/\/strikemaker.com\/es\/produkt-kategorie\/10-es\/\"><img decoding=\"async\" width=\"300\" height=\"275\" data-src=\"https:\/\/strikemaker.com\/wp-content\/uploads\/sm\/images\/category\/10\/sm-BUMPER_Rechteckig-300x275.jpg\" class=\"attachment-medium size-medium lazyload\" alt=\"\" src=\"data:image\/svg+xml;base64,PHN2ZyB3aWR0aD0iMSIgaGVpZ2h0PSIxIiB4bWxucz0iaHR0cDovL3d3dy53My5vcmcvMjAwMC9zdmciPjwvc3ZnPg==\" style=\"--smush-placeholder-width: 300px; --smush-placeholder-aspect-ratio: 300\/275;\" \/><\/a><h2 class=\"category-title\"><a aria-label=\"Produktkategorie Werbemittel besuchen\" href=\"https:\/\/strikemaker.com\/es\/produkt-kategorie\/10-es\/\">Bumper-para la pista de ni&ntilde;os<\/a><\/h2><\/li><\/ul><\/div><div class=\"text-center mt-50\"><a class=\"btn\" href=\"https:\/\/strikemaker.com\/es\/tienda\/\">Examinar categor\u00edas<\/a><\/div>[\/et_pb_code][\/et_pb_column][\/et_pb_row][\/et_pb_section]<\/p>\n","protected":false},"excerpt":{"rendered":"<p>Venimos de unos humildes comienzos en Munich &#8211; Alemania en 1999, donde vendimos por primera vez licor en botellas de bol\u00edgrafo, lo que significa que nuestras ra\u00edces provienen realmente de la bebida. Con los a\u00f1os nos hemos hecho m\u00e1s sabios, nos hemos centrado menos en la bebida y hemos empezado a escuchar a\u00fan mejor a [&hellip;]<\/p>\n","protected":false},"author":3,"featured_media":0,"parent":0,"menu_order":0,"comment_status":"closed","ping_status":"closed","template":"","meta":{"_acf_changed":false,"_et_pb_use_builder":"on","_et_pb_old_content":"","_et_gb_content_width":"","footnotes":""},"class_list":["post-1619092","page","type-page","status-publish","hentry"],"acf":[],"_links":{"self":[{"href":"https:\/\/strikemaker.com\/es\/wp-json\/wp\/v2\/pages\/1619092","targetHints":{"allow":["GET"]}}],"collection":[{"href":"https:\/\/strikemaker.com\/es\/wp-json\/wp\/v2\/pages"}],"about":[{"href":"https:\/\/strikemaker.com\/es\/wp-json\/wp\/v2\/types\/page"}],"author":[{"embeddable":true,"href":"https:\/\/strikemaker.com\/es\/wp-json\/wp\/v2\/users\/3"}],"replies":[{"embeddable":true,"href":"https:\/\/strikemaker.com\/es\/wp-json\/wp\/v2\/comments?post=1619092"}],"version-history":[{"count":74,"href":"https:\/\/strikemaker.com\/es\/wp-json\/wp\/v2\/pages\/1619092\/revisions"}],"predecessor-version":[{"id":1623357,"href":"https:\/\/strikemaker.com\/es\/wp-json\/wp\/v2\/pages\/1619092\/revisions\/1623357"}],"wp:attachment":[{"href":"https:\/\/strikemaker.com\/es\/wp-json\/wp\/v2\/media?parent=1619092"}],"curies":[{"name":"wp","href":"https:\/\/api.w.org\/{rel}","templated":true}]}}