{"id":1619523,"date":"2024-12-04T14:26:25","date_gmt":"2024-12-04T13:26:25","guid":{"rendered":"https:\/\/strikemaker.com\/?page_id=1619523"},"modified":"2024-12-16T10:43:58","modified_gmt":"2024-12-16T09:43:58","slug":"pie-de-imprenta","status":"publish","type":"page","link":"https:\/\/strikemaker.com\/es\/pie-de-imprenta\/","title":{"rendered":"Pie de imprenta"},"content":{"rendered":"<h2>Informaci\u00f3n seg\u00fan \u00a7 5 TMG<\/h2>\n<p>S&amp;M Trading GmbH<br \/>\nM\u00fchlstra\u00dfe 7<br \/>\n83071 Stephanskirchen<\/p>\n<p>Registro mercantil: HRB 16472<br \/>\nTribunal de registro: Juzgado de Primera Instancia de Traunstein<\/p>\n<p><strong>Representado por:<\/strong><br \/>\nS&amp;M Trading GmbH<br \/>\nDirector General: Dieter Moherndl<\/p>\n<h2>Contacto<\/h2>\n<p>Tel\u00e9fono: <a href=\"tel:+34687535025\">+34 687.535.025<\/a><br \/>\nFax: <a href=\"tel:+34687535025\">+34 687.535.025<\/a><br \/>\nE-mail: <a href=\"mailto:info@strike-maker.com\">info@strike-maker.com<\/a><\/p>\n<h2>CIF<\/h2>\n<p>N\u00famero de identificaci\u00f3n fiscal con arreglo al art\u00edculo 27 a de la Ley alemana del Impuesto sobre las Ventas:<br \/>\nDE812831507<\/p>\n<h2>Resoluci\u00f3n de litigios en la UE<\/h2>\n<p>La Comisi\u00f3n Europea ofrece una plataforma para la resoluci\u00f3n de litigios en l\u00ednea (ODR): <a href=\"https:\/\/ec.europa.eu\/consumers\/odr\/\" target=\"_blank\" rel=\"noopener noreferrer\">https:\/\/ec.europa.eu\/consumers\/odr\/<\/a>.<br \/>\nEncontrar\u00e1 nuestra direcci\u00f3n de correo electr\u00f3nico en el pie de imprenta.<\/p>\n<h2>Resoluci\u00f3n de litigios en materia de consumo\/Junta Arbitral Universal<\/h2>\n<p>No estamos dispuestos ni obligados a participar en procedimientos de resoluci\u00f3n de litigios ante una junta arbitral de consumo.<\/p>\n<h3>Responsabilidad por el contenido<\/h3>\n<p>Como proveedor de servicios, somos, de conformidad con el \u00a7 7 P\u00e1rr. 1 Como proveedor de servicios, somos, de conformidad con el \u00a7 7 P\u00e1rr. 1 Sin embargo, de acuerdo con los art\u00edculos 8 a 10 de la TMG, no estamos obligados como proveedores de servicios a supervisar la informaci\u00f3n de terceros transmitida o almacenada ni a investigar circunstancias que indiquen una actividad ilegal.<\/p>\n<p>Esto no afecta a las obligaciones de eliminar o bloquear el uso de informaci\u00f3n de conformidad con las leyes generales. Sin embargo, la responsabilidad a este respecto s\u00f3lo es posible a partir del momento en que se tiene conocimiento de una infracci\u00f3n concreta. Si tenemos conocimiento de alguna infracci\u00f3n de este tipo, eliminaremos este contenido inmediatamente.<\/p>\n<h3>Responsabilidad de los enlaces<\/h3>\n<p>Nuestra oferta contiene enlaces a sitios web externos de terceros, sobre cuyos contenidos no tenemos ninguna influencia. Por lo tanto, no podemos asumir ninguna responsabilidad por estos contenidos externos. El respectivo proveedor u operador de las p\u00e1ginas es siempre responsable del contenido de las p\u00e1ginas enlazadas. En el momento de establecer el enlace, se comprob\u00f3 que las p\u00e1ginas enlazadas no infringieran la ley. Los contenidos ilegales no eran reconocibles en el momento del enlace.<\/p>\n<p>Sin embargo, un control permanente de los contenidos de las p\u00e1ginas enlazadas no es razonable sin indicios concretos de violaci\u00f3n de la ley. Si tenemos conocimiento de alguna infracci\u00f3n de la ley, eliminaremos dichos enlaces inmediatamente.<\/p>\n<h3>Copyright<\/h3>\n<p>Los contenidos y obras creados por los operadores del sitio en estas p\u00e1ginas est\u00e1n sujetos a la legislaci\u00f3n alemana sobre derechos de autor. La reproducci\u00f3n, edici\u00f3n, distribuci\u00f3n y cualquier tipo de utilizaci\u00f3n fuera de los l\u00edmites de la ley de propiedad intelectual requieren el consentimiento por escrito del autor o creador correspondiente. Las descargas y copias de esta p\u00e1gina s\u00f3lo est\u00e1n permitidas para uso privado y no comercial.<\/p>\n<p>En la medida en que el contenido de esta p\u00e1gina no haya sido creado por el operador, se respetan los derechos de autor de terceros. En particular, los contenidos de terceros se identifican como tales. No obstante, si tiene conocimiento de una infracci\u00f3n de los derechos de autor, le rogamos que nos lo comunique. Si tenemos conocimiento de alguna infracci\u00f3n, eliminaremos dicho contenido inmediatamente.<\/p>\n<h2>Dise\u00f1o y programaci\u00f3n web<\/h2>\n<p>Corporate Meta Agentur &#8211; <a href=\"https:\/\/corporatemeta.de\" target=\"_blank\" rel=\"noopener\">www.corporatemeta.de<\/a><\/p>\n","protected":false},"excerpt":{"rendered":"<p>Informaci\u00f3n seg\u00fan \u00a7 5 TMG S&amp;M Trading GmbH M\u00fchlstra\u00dfe 7 83071 Stephanskirchen Registro mercantil: HRB 16472 Tribunal de registro: Juzgado de Primera Instancia de Traunstein Representado por: S&amp;M Trading GmbH Director General: Dieter Moherndl Contacto Tel\u00e9fono: +34 687.535.025 Fax: +34 687.535.025 E-mail: info@strike-maker.com CIF N\u00famero de identificaci\u00f3n fiscal con arreglo al art\u00edculo 27 a de [&hellip;]<\/p>\n","protected":false},"author":16829,"featured_media":0,"parent":0,"menu_order":0,"comment_status":"closed","ping_status":"closed","template":"","meta":{"_acf_changed":false,"_et_pb_use_builder":"","_et_pb_old_content":"","_et_gb_content_width":"","footnotes":""},"class_list":["post-1619523","page","type-page","status-publish","hentry"],"acf":[],"_links":{"self":[{"href":"https:\/\/strikemaker.com\/es\/wp-json\/wp\/v2\/pages\/1619523","targetHints":{"allow":["GET"]}}],"collection":[{"href":"https:\/\/strikemaker.com\/es\/wp-json\/wp\/v2\/pages"}],"about":[{"href":"https:\/\/strikemaker.com\/es\/wp-json\/wp\/v2\/types\/page"}],"author":[{"embeddable":true,"href":"https:\/\/strikemaker.com\/es\/wp-json\/wp\/v2\/users\/16829"}],"replies":[{"embeddable":true,"href":"https:\/\/strikemaker.com\/es\/wp-json\/wp\/v2\/comments?post=1619523"}],"version-history":[{"count":3,"href":"https:\/\/strikemaker.com\/es\/wp-json\/wp\/v2\/pages\/1619523\/revisions"}],"predecessor-version":[{"id":1620338,"href":"https:\/\/strikemaker.com\/es\/wp-json\/wp\/v2\/pages\/1619523\/revisions\/1620338"}],"wp:attachment":[{"href":"https:\/\/strikemaker.com\/es\/wp-json\/wp\/v2\/media?parent=1619523"}],"curies":[{"name":"wp","href":"https:\/\/api.w.org\/{rel}","templated":true}]}}