{"id":1642244,"date":"2025-10-10T10:33:07","date_gmt":"2025-10-10T09:33:07","guid":{"rendered":"https:\/\/strikemaker.com\/gracias-restablecer-contrasena\/"},"modified":"2025-10-10T10:33:08","modified_gmt":"2025-10-10T09:33:08","slug":"gracias-restablecer-contrasena","status":"publish","type":"page","link":"https:\/\/strikemaker.com\/es\/gracias-restablecer-contrasena\/","title":{"rendered":"Gracias &#8211; Restablecer contrase\u00f1a"},"content":{"rendered":"<p>[et_pb_section fb_built=\u00bb1&#8243; admin_label=\u00bbsection\u00bb _builder_version=\u00bb4.16&#8243; global_colors_info=\u00bb{}\u00bb theme_builder_area=\u00bbpost_content\u00bb][et_pb_row admin_label=\u00bbfila\u00bb module_class=\u00bbsm-section-bg\u00bb _builder_version=\u00bb4.27.4&#8243; background_size=\u00bbinitial\u00bb background_position=\u00bbtop_left\u00bb background_repeat=\u00bbrepeat\u00bb global_colors_info=\u00bb{}\u00bb theme_builder_area=\u00bbpost_content\u00bb][et_pb_column type=\u00bb4_4&#8243; _builder_version=\u00bb4.16&#8243; custom_padding=\u00bb|||\u00bb global_colors_info=\u00bb{}\u00bb custom_padding__hover=\u00bb|||\u00bb theme_builder_area=\u00bbpost_content\u00bb][et_pb_heading title=\u00bbMuchas gracias\u00bb admin_label=\u00bbHeading\u00bb _builder_version=\u00bb4.27.4&#8243; _module_preset=\u00bbdefault\u00bb title_text_align=\u00bbcenter\u00bb global_colors_info=\u00bb{}\u00bb theme_builder_area=\u00bbpost_content\u00bb][\/et_pb_heading][et_pb_text admin_label=\u00bbText\u00bb _builder_version=\u00bb4.27.4&#8243; _module_preset=\u00bbdefault\u00bb global_colors_info=\u00bb{}\u00bb theme_builder_area=\u00bbpost_content\u00bb]<\/p>\n<p>Se ha enviado a tu correo electr\u00f3nico un mensaje con un enlace para crear o restablecer tu contrase\u00f1a.<\/p>\n<p>Sigue las instrucciones del correo electr\u00f3nico.<\/p>\n<p class=\"sm-account-form-contact-link\">Si no has recibido ning\u00fan correo electr\u00f3nico, <strong>comprueba tambi\u00e9n tu carpeta de SPAM<\/strong>.<br \/>Si sigues teniendo problemas, ponte en contacto con nosotros en: <a href=\"mailto:info@strike-maker.com\">info@strike-maker.com<\/a><\/p>\n<p>[\/et_pb_text][\/et_pb_column][\/et_pb_row][\/et_pb_section]<\/p>\n","protected":false},"excerpt":{"rendered":"<p>Se ha enviado a tu correo electr\u00f3nico un mensaje con un enlace para crear o restablecer tu contrase\u00f1a. Sigue las instrucciones del correo electr\u00f3nico. Si no has recibido ning\u00fan correo electr\u00f3nico, comprueba tambi\u00e9n tu carpeta de SPAM.Si sigues teniendo problemas, ponte en contacto con nosotros en: info@strike-maker.com<\/p>\n","protected":false},"author":16829,"featured_media":0,"parent":0,"menu_order":0,"comment_status":"closed","ping_status":"closed","template":"","meta":{"_acf_changed":false,"_et_pb_use_builder":"on","_et_pb_old_content":"","_et_gb_content_width":"","footnotes":""},"class_list":["post-1642244","page","type-page","status-publish","hentry"],"acf":[],"_links":{"self":[{"href":"https:\/\/strikemaker.com\/es\/wp-json\/wp\/v2\/pages\/1642244","targetHints":{"allow":["GET"]}}],"collection":[{"href":"https:\/\/strikemaker.com\/es\/wp-json\/wp\/v2\/pages"}],"about":[{"href":"https:\/\/strikemaker.com\/es\/wp-json\/wp\/v2\/types\/page"}],"author":[{"embeddable":true,"href":"https:\/\/strikemaker.com\/es\/wp-json\/wp\/v2\/users\/16829"}],"replies":[{"embeddable":true,"href":"https:\/\/strikemaker.com\/es\/wp-json\/wp\/v2\/comments?post=1642244"}],"version-history":[{"count":2,"href":"https:\/\/strikemaker.com\/es\/wp-json\/wp\/v2\/pages\/1642244\/revisions"}],"predecessor-version":[{"id":1642246,"href":"https:\/\/strikemaker.com\/es\/wp-json\/wp\/v2\/pages\/1642244\/revisions\/1642246"}],"wp:attachment":[{"href":"https:\/\/strikemaker.com\/es\/wp-json\/wp\/v2\/media?parent=1642244"}],"curies":[{"name":"wp","href":"https:\/\/api.w.org\/{rel}","templated":true}]}}