{"id":1562288,"date":"2023-04-12T15:37:36","date_gmt":"2023-04-12T14:37:36","guid":{"rendered":"https:\/\/strikemaker.com\/?post_type=product&#038;p=1562288"},"modified":"2026-04-04T14:20:17","modified_gmt":"2026-04-04T13:20:17","slug":"bolo-con-efecto-fluoroscente","status":"publish","type":"product","link":"https:\/\/strikemaker.com\/es\/product\/bolo-con-efecto-fluoroscente\/","title":{"rendered":"Bolo &#8211; con efecto fluoroscente"},"content":{"rendered":"<p>Bolos USBC aprobados, con efecto fluoroscente. Con certificado de ABC\/ WIBC \/ USBC \u2013 Nr. 505. Madera canadiense (arce) con gruesa y resistente  capa. Colores: blanco, amarillo y naranja.   (Otros colores para consultar.) Disponibles para pistas autom\u00e1ticas y para pistas con  hilo. (Bolos con im\u00e1n no disponibles). La capa surlyn est\u00e1 100% entintado (no barnizado). Glow in the Dark \u2013 efecto fluorescente con luz negra. El anillo patentado de la base no se desliza (garantizado).<\/p>\n","protected":false},"excerpt":{"rendered":"<p>Bolo &#8211; con efecto fluoroscente<\/p>\n","protected":false},"featured_media":1552999,"comment_status":"closed","ping_status":"closed","template":"","meta":{"_acf_changed":false,"_et_pb_use_builder":"","_et_pb_old_content":"","_et_gb_content_width":""},"product_brand":[],"product_cat":[3220],"product_tag":[],"class_list":{"0":"post-1562288","1":"product","2":"type-product","3":"status-publish","4":"has-post-thumbnail","6":"product_cat-7-es","7":"pa_bohrung-perforado","8":"pa_bohrung-sin-perforar","9":"pa_farbe-amarillo","10":"pa_farbe-oro-es","11":"pa_farbe-naranja","12":"pa_farbe-plata","13":"pa_farbe-blanco","15":"first","16":"outofstock","17":"shipping-taxable","18":"product-type-variable"},"acf":[],"_links":{"self":[{"href":"https:\/\/strikemaker.com\/es\/wp-json\/wp\/v2\/product\/1562288","targetHints":{"allow":["GET"]}}],"collection":[{"href":"https:\/\/strikemaker.com\/es\/wp-json\/wp\/v2\/product"}],"about":[{"href":"https:\/\/strikemaker.com\/es\/wp-json\/wp\/v2\/types\/product"}],"replies":[{"embeddable":true,"href":"https:\/\/strikemaker.com\/es\/wp-json\/wp\/v2\/comments?post=1562288"}],"wp:featuredmedia":[{"embeddable":true,"href":"https:\/\/strikemaker.com\/es\/wp-json\/wp\/v2\/media\/1552999"}],"wp:attachment":[{"href":"https:\/\/strikemaker.com\/es\/wp-json\/wp\/v2\/media?parent=1562288"}],"wp:term":[{"taxonomy":"product_brand","embeddable":true,"href":"https:\/\/strikemaker.com\/es\/wp-json\/wp\/v2\/product_brand?post=1562288"},{"taxonomy":"product_cat","embeddable":true,"href":"https:\/\/strikemaker.com\/es\/wp-json\/wp\/v2\/product_cat?post=1562288"},{"taxonomy":"product_tag","embeddable":true,"href":"https:\/\/strikemaker.com\/es\/wp-json\/wp\/v2\/product_tag?post=1562288"}],"curies":[{"name":"wp","href":"https:\/\/api.w.org\/{rel}","templated":true}]}}