{"id":1562301,"date":"2023-04-12T15:37:40","date_gmt":"2023-04-12T14:37:40","guid":{"rendered":"https:\/\/strikemaker.com\/?post_type=product&#038;p=1562301"},"modified":"2024-09-11T09:48:18","modified_gmt":"2024-09-11T08:48:18","slug":"rollo-de-papel-para-la-maquina-de-mantenimiento-de-pistas-4-unidades","status":"publish","type":"product","link":"https:\/\/strikemaker.com\/es\/product\/rollo-de-papel-para-la-maquina-de-mantenimiento-de-pistas-4-unidades\/","title":{"rendered":"Rollo de papel para la m\u00e1quina de mantenimiento de pistas (4 unidades)"},"content":{"rendered":"<p>Rollo de papel para la m\u00e1quina de mantenimiento de pistas <br \/>Este rollo de papel s\u00faper absorbente, limpia y seca sus pistas como nunca antes, en su m\u00e1quina de mantenimiento de pistas.<br \/>\u00a1\u00a1\u00a1 PRECIO IMBATIBLE !!!<br \/>M\u00c1XIMA ABSORCI\u00d3N &#8211; acaba con toda la suciedad en las pistas y las seca a la perfecci\u00f3n, antes de la aplicaci\u00f3n del aceite.<br \/>COMPATIBLE CON TODO TIPO DE MAQUINARIA DE MANTENIMIENTO DE PISTAS, CON TODO TIPOS DE DETERGENTES &#038;  APLICABLE EN TODO TIPO DE SUELOS DE LAS PISTAS.<br \/>CON USO SENCILLO, gracias al mecanismo pr\u00e1ctico para cambiar el rollo y a la CINTA ADHESIVA DE DOBLE CARA, para la fijaci\u00f3n del rollo.<br \/>Capacidad del rollo: hasta unas 400 pistas.<br \/>Longitud del rollo: 18,3 metros (20 yards).<br \/>Empaquetado por 4 rollos por caja.<\/p>\n","protected":false},"excerpt":{"rendered":"<p>Rollo de papel para la m\u00e1quina de mantenimiento de pistas (4 unidades)<\/p>\n","protected":false},"featured_media":1553269,"comment_status":"closed","ping_status":"closed","template":"","meta":{"_acf_changed":false,"_et_pb_use_builder":"","_et_pb_old_content":"","_et_gb_content_width":""},"product_brand":[],"product_cat":[3234],"product_tag":[],"class_list":{"0":"post-1562301","1":"product","2":"type-product","3":"status-publish","4":"has-post-thumbnail","6":"product_cat-9-es","8":"first","9":"onbackorder","10":"shipping-taxable","11":"product-type-simple"},"acf":[],"_links":{"self":[{"href":"https:\/\/strikemaker.com\/es\/wp-json\/wp\/v2\/product\/1562301","targetHints":{"allow":["GET"]}}],"collection":[{"href":"https:\/\/strikemaker.com\/es\/wp-json\/wp\/v2\/product"}],"about":[{"href":"https:\/\/strikemaker.com\/es\/wp-json\/wp\/v2\/types\/product"}],"replies":[{"embeddable":true,"href":"https:\/\/strikemaker.com\/es\/wp-json\/wp\/v2\/comments?post=1562301"}],"wp:featuredmedia":[{"embeddable":true,"href":"https:\/\/strikemaker.com\/es\/wp-json\/wp\/v2\/media\/1553269"}],"wp:attachment":[{"href":"https:\/\/strikemaker.com\/es\/wp-json\/wp\/v2\/media?parent=1562301"}],"wp:term":[{"taxonomy":"product_brand","embeddable":true,"href":"https:\/\/strikemaker.com\/es\/wp-json\/wp\/v2\/product_brand?post=1562301"},{"taxonomy":"product_cat","embeddable":true,"href":"https:\/\/strikemaker.com\/es\/wp-json\/wp\/v2\/product_cat?post=1562301"},{"taxonomy":"product_tag","embeddable":true,"href":"https:\/\/strikemaker.com\/es\/wp-json\/wp\/v2\/product_tag?post=1562301"}],"curies":[{"name":"wp","href":"https:\/\/api.w.org\/{rel}","templated":true}]}}