{"id":1562345,"date":"2023-04-12T15:37:55","date_gmt":"2023-04-12T14:37:55","guid":{"rendered":"https:\/\/strikemaker.com\/?post_type=product&#038;p=1562345"},"modified":"2026-04-19T03:14:16","modified_gmt":"2026-04-19T02:14:16","slug":"sm-99-060242-004-solenoid-rojo-red-complete-gs-92-96-98","status":"publish","type":"product","link":"https:\/\/strikemaker.com\/es\/product\/sm-99-060242-004-solenoid-rojo-red-complete-gs-92-96-98\/","title":{"rendered":"SM-99-060242-004 SOLENOID ROJO \u00abRed complete GS-92, 96 &#038; 98\u00bb"},"content":{"rendered":"<p>Magnet red para GS 92, 96, 98 &#8211; im\u00e1n rojo<br \/>Producto de marca alemana.<br \/>M\u00e1s de 2,000 piezas vendidas en los \u00faltimos a\u00f1os. Ninguna queja<\/p>\n","protected":false},"excerpt":{"rendered":"<p>SM-99-060242-004 SOLENOID ROJO \u00abRed complete GS-92, 96 &#038; 98\u00bb<\/p>\n","protected":false},"featured_media":1554451,"comment_status":"closed","ping_status":"closed","template":"","meta":{"_acf_changed":false,"_et_pb_use_builder":"","_et_pb_old_content":"","_et_gb_content_width":""},"product_brand":[],"product_cat":[3346],"product_tag":[],"class_list":{"0":"post-1562345","1":"product","2":"type-product","3":"status-publish","4":"has-post-thumbnail","6":"product_cat-28-es","8":"first","9":"instock","10":"shipping-taxable","11":"product-type-simple"},"acf":[],"_links":{"self":[{"href":"https:\/\/strikemaker.com\/es\/wp-json\/wp\/v2\/product\/1562345","targetHints":{"allow":["GET"]}}],"collection":[{"href":"https:\/\/strikemaker.com\/es\/wp-json\/wp\/v2\/product"}],"about":[{"href":"https:\/\/strikemaker.com\/es\/wp-json\/wp\/v2\/types\/product"}],"replies":[{"embeddable":true,"href":"https:\/\/strikemaker.com\/es\/wp-json\/wp\/v2\/comments?post=1562345"}],"wp:featuredmedia":[{"embeddable":true,"href":"https:\/\/strikemaker.com\/es\/wp-json\/wp\/v2\/media\/1554451"}],"wp:attachment":[{"href":"https:\/\/strikemaker.com\/es\/wp-json\/wp\/v2\/media?parent=1562345"}],"wp:term":[{"taxonomy":"product_brand","embeddable":true,"href":"https:\/\/strikemaker.com\/es\/wp-json\/wp\/v2\/product_brand?post=1562345"},{"taxonomy":"product_cat","embeddable":true,"href":"https:\/\/strikemaker.com\/es\/wp-json\/wp\/v2\/product_cat?post=1562345"},{"taxonomy":"product_tag","embeddable":true,"href":"https:\/\/strikemaker.com\/es\/wp-json\/wp\/v2\/product_tag?post=1562345"}],"curies":[{"name":"wp","href":"https:\/\/api.w.org\/{rel}","templated":true}]}}