{"id":1562346,"date":"2023-04-12T15:37:55","date_gmt":"2023-04-12T14:37:55","guid":{"rendered":"https:\/\/strikemaker.com\/?post_type=product&#038;p=1562346"},"modified":"2026-04-04T21:38:14","modified_gmt":"2026-04-04T20:38:14","slug":"detergente-de-pistas-strike-clean-5-litros","status":"publish","type":"product","link":"https:\/\/strikemaker.com\/es\/product\/detergente-de-pistas-strike-clean-5-litros\/","title":{"rendered":"Detergente de pistas \u00abSTRIKE CLEAN\u00bb 5 litros"},"content":{"rendered":"<p>Producto de alta calidad y maxima rentabilidad. Evolucionadosy elaborado en Alemania. El detergente de pistas, el approach-slide y tambi\u00e9n el aceite de pistas son de alta calidad y son los resultados de una colaboraci\u00f3n de varios a\u00f1os de unas boleras seleccionadas e importantes empresas quimicas, para conseguir los mejores resultados. El resultado es excelente! Est\u00e1 confirmado, que estos productos superan la calidad de los productos presentes en el mercado. El detergente, el approach-slide y tambi\u00e9n el aceite se puede utilizar en pistas de madera y en pistas de polyester y son apropiados de uso para m\u00e1quinaria o manual.<\/p>\n","protected":false},"excerpt":{"rendered":"<p>Detergente de pistas \u00abSTRIKE CLEAN\u00bb 5 litros<\/p>\n","protected":false},"featured_media":1554655,"comment_status":"closed","ping_status":"closed","template":"","meta":{"_acf_changed":false,"_et_pb_use_builder":"","_et_pb_old_content":"","_et_gb_content_width":""},"product_brand":[],"product_cat":[3234],"product_tag":[],"class_list":{"0":"post-1562346","1":"product","2":"type-product","3":"status-publish","4":"has-post-thumbnail","6":"product_cat-9-es","7":"pa_abmessungen-5-l-es","9":"first","10":"instock","11":"shipping-taxable","12":"product-type-simple"},"acf":[],"_links":{"self":[{"href":"https:\/\/strikemaker.com\/es\/wp-json\/wp\/v2\/product\/1562346","targetHints":{"allow":["GET"]}}],"collection":[{"href":"https:\/\/strikemaker.com\/es\/wp-json\/wp\/v2\/product"}],"about":[{"href":"https:\/\/strikemaker.com\/es\/wp-json\/wp\/v2\/types\/product"}],"replies":[{"embeddable":true,"href":"https:\/\/strikemaker.com\/es\/wp-json\/wp\/v2\/comments?post=1562346"}],"wp:featuredmedia":[{"embeddable":true,"href":"https:\/\/strikemaker.com\/es\/wp-json\/wp\/v2\/media\/1554655"}],"wp:attachment":[{"href":"https:\/\/strikemaker.com\/es\/wp-json\/wp\/v2\/media?parent=1562346"}],"wp:term":[{"taxonomy":"product_brand","embeddable":true,"href":"https:\/\/strikemaker.com\/es\/wp-json\/wp\/v2\/product_brand?post=1562346"},{"taxonomy":"product_cat","embeddable":true,"href":"https:\/\/strikemaker.com\/es\/wp-json\/wp\/v2\/product_cat?post=1562346"},{"taxonomy":"product_tag","embeddable":true,"href":"https:\/\/strikemaker.com\/es\/wp-json\/wp\/v2\/product_tag?post=1562346"}],"curies":[{"name":"wp","href":"https:\/\/api.w.org\/{rel}","templated":true}]}}