{"id":1562358,"date":"2023-04-12T15:38:00","date_gmt":"2023-04-12T14:38:00","guid":{"rendered":"https:\/\/strikemaker.com\/?post_type=product&#038;p=1562358"},"modified":"2026-04-04T21:38:15","modified_gmt":"2026-04-04T20:38:15","slug":"sm-99-060351-004-solenoid-rojo-red-complete-gsx","status":"publish","type":"product","link":"https:\/\/strikemaker.com\/es\/product\/sm-99-060351-004-solenoid-rojo-red-complete-gsx\/","title":{"rendered":"SM-99-060351-004 SOLENOID ROJO \u00abRed complete GSX\u00bb"},"content":{"rendered":"<p>Iman rojo GSX &#8211; Magnet &#8211; Solenoid GSXAlta calidad, made in Germany. <br \/>Vendidas m\u00e1s de 2000  unidades en 3 a\u00f1os y sin ninguna reclamaci\u00f3n.<\/p>\n","protected":false},"excerpt":{"rendered":"<p>SM-99-060351-004 SOLENOID ROJO \u00abRed complete GSX\u00bb<\/p>\n","protected":false},"featured_media":1554955,"comment_status":"closed","ping_status":"closed","template":"","meta":{"_acf_changed":false,"_et_pb_use_builder":"","_et_pb_old_content":"","_et_gb_content_width":""},"product_brand":[],"product_cat":[3346],"product_tag":[],"class_list":{"0":"post-1562358","1":"product","2":"type-product","3":"status-publish","4":"has-post-thumbnail","6":"product_cat-28-es","8":"first","9":"instock","10":"shipping-taxable","11":"product-type-simple"},"acf":[],"_links":{"self":[{"href":"https:\/\/strikemaker.com\/es\/wp-json\/wp\/v2\/product\/1562358","targetHints":{"allow":["GET"]}}],"collection":[{"href":"https:\/\/strikemaker.com\/es\/wp-json\/wp\/v2\/product"}],"about":[{"href":"https:\/\/strikemaker.com\/es\/wp-json\/wp\/v2\/types\/product"}],"replies":[{"embeddable":true,"href":"https:\/\/strikemaker.com\/es\/wp-json\/wp\/v2\/comments?post=1562358"}],"wp:featuredmedia":[{"embeddable":true,"href":"https:\/\/strikemaker.com\/es\/wp-json\/wp\/v2\/media\/1554955"}],"wp:attachment":[{"href":"https:\/\/strikemaker.com\/es\/wp-json\/wp\/v2\/media?parent=1562358"}],"wp:term":[{"taxonomy":"product_brand","embeddable":true,"href":"https:\/\/strikemaker.com\/es\/wp-json\/wp\/v2\/product_brand?post=1562358"},{"taxonomy":"product_cat","embeddable":true,"href":"https:\/\/strikemaker.com\/es\/wp-json\/wp\/v2\/product_cat?post=1562358"},{"taxonomy":"product_tag","embeddable":true,"href":"https:\/\/strikemaker.com\/es\/wp-json\/wp\/v2\/product_tag?post=1562358"}],"curies":[{"name":"wp","href":"https:\/\/api.w.org\/{rel}","templated":true}]}}