{"id":1562372,"date":"2023-04-12T15:38:06","date_gmt":"2023-04-12T14:38:06","guid":{"rendered":"https:\/\/strikemaker.com\/?post_type=product&#038;p=1562372"},"modified":"2026-04-16T21:56:15","modified_gmt":"2026-04-16T20:56:15","slug":"sm-47-275804-009-polycord-125-mm-oe-rollo-30-metros","status":"publish","type":"product","link":"https:\/\/strikemaker.com\/es\/product\/sm-47-275804-009-polycord-125-mm-oe-rollo-30-metros\/","title":{"rendered":"SM-47-275804-009 Polycord-12,5 mm \u00d8, rollo 30 metros"},"content":{"rendered":"<p>MANGUERA MACIZA DE GOMA <br \/>Resistente correa de goma con un diametro de 12,5 milimetros de alta calidad.<br \/>Disponilbe en rollo de 30 metros. F\u00e1cil de limpiar. Le recomendamos el detergente universal de Strike Maker \u00abStrike Clean\u00bb. <br \/>ATENCI\u00d3N: p.f. recorten este resistente, duradero pero un poco rigido polycord aprox. 5 cm m\u00e1s largo, que est\u00e1 indicado en el manual de la m\u00e1quinaria. Esto facilitar\u00e1 el montaje y resultar\u00e1 el perfecto funcionamiento del pinsetter. <br \/>Accesorios recomendados, para cortar y unir la correa:<br \/>SM-TOOL-003 Belt Welding Iron 220 Volt<br \/>SM-TOOL-004 Cutting Device Polycord<br \/>SM-TOOL-005 Belt Welding Clamp<\/p>\n","protected":false},"excerpt":{"rendered":"<p>SM-47-275804-009 Polycord-12,5 mm \u00d8, rollo 30 metros<\/p>\n","protected":false},"featured_media":1555261,"comment_status":"closed","ping_status":"closed","template":"","meta":{"_acf_changed":false,"_et_pb_use_builder":"","_et_pb_old_content":"","_et_gb_content_width":""},"product_brand":[],"product_cat":[3367],"product_tag":[],"class_list":{"0":"post-1562372","1":"product","2":"type-product","3":"status-publish","4":"has-post-thumbnail","6":"product_cat-31-es","8":"first","9":"instock","10":"shipping-taxable","11":"product-type-simple"},"acf":[],"_links":{"self":[{"href":"https:\/\/strikemaker.com\/es\/wp-json\/wp\/v2\/product\/1562372","targetHints":{"allow":["GET"]}}],"collection":[{"href":"https:\/\/strikemaker.com\/es\/wp-json\/wp\/v2\/product"}],"about":[{"href":"https:\/\/strikemaker.com\/es\/wp-json\/wp\/v2\/types\/product"}],"replies":[{"embeddable":true,"href":"https:\/\/strikemaker.com\/es\/wp-json\/wp\/v2\/comments?post=1562372"}],"wp:featuredmedia":[{"embeddable":true,"href":"https:\/\/strikemaker.com\/es\/wp-json\/wp\/v2\/media\/1555261"}],"wp:attachment":[{"href":"https:\/\/strikemaker.com\/es\/wp-json\/wp\/v2\/media?parent=1562372"}],"wp:term":[{"taxonomy":"product_brand","embeddable":true,"href":"https:\/\/strikemaker.com\/es\/wp-json\/wp\/v2\/product_brand?post=1562372"},{"taxonomy":"product_cat","embeddable":true,"href":"https:\/\/strikemaker.com\/es\/wp-json\/wp\/v2\/product_cat?post=1562372"},{"taxonomy":"product_tag","embeddable":true,"href":"https:\/\/strikemaker.com\/es\/wp-json\/wp\/v2\/product_tag?post=1562372"}],"curies":[{"name":"wp","href":"https:\/\/api.w.org\/{rel}","templated":true}]}}