{"id":1562426,"date":"2023-04-12T15:40:17","date_gmt":"2023-04-12T14:40:17","guid":{"rendered":"https:\/\/strikemaker.com\/?post_type=product&#038;p=1562426"},"modified":"2026-04-05T13:00:05","modified_gmt":"2026-04-05T12:00:05","slug":"500-pares-de-calcetines-de-un-solo-uso-talla-40-2","status":"publish","type":"product","link":"https:\/\/strikemaker.com\/es\/product\/500-pares-de-calcetines-de-un-solo-uso-talla-40-2\/","title":{"rendered":"500 pares de calcetines de un solo uso, talla >40"},"content":{"rendered":"<p>Calcetines de un solo uso.Los calcetines est\u00e1n hechos de un material ANTIBACTERIAL, lo cual no deja pasar bacterias y sudor al zapato, as\u00ed protege los pies de sus clientes y los zapatos de la bolera. El material de los calzetines es similar al material que se utilizan los hospitales, para conseguir la higiene m\u00e1xima.En 2 tallas:Talla superior a 40, en color blanco(para los caballeros).Talla inferior a 40, en color rosa (para ni\u00f1os y para las se\u00f1oras). Empaquetados en 500 pares por talla.<\/p>\n","protected":false},"excerpt":{"rendered":"<p>500 pares de calcetines de un solo uso, talla >40<\/p>\n","protected":false},"featured_media":1556467,"comment_status":"closed","ping_status":"closed","template":"","meta":{"_acf_changed":false,"_et_pb_use_builder":"","_et_pb_old_content":"","_et_gb_content_width":""},"product_brand":[],"product_cat":[3262],"product_tag":[],"class_list":{"0":"post-1562426","1":"product","2":"type-product","3":"status-publish","4":"has-post-thumbnail","6":"product_cat-16-es","7":"pa_groesse-40-48-es","9":"first","10":"instock","11":"shipping-taxable","12":"product-type-simple"},"acf":[],"_links":{"self":[{"href":"https:\/\/strikemaker.com\/es\/wp-json\/wp\/v2\/product\/1562426","targetHints":{"allow":["GET"]}}],"collection":[{"href":"https:\/\/strikemaker.com\/es\/wp-json\/wp\/v2\/product"}],"about":[{"href":"https:\/\/strikemaker.com\/es\/wp-json\/wp\/v2\/types\/product"}],"replies":[{"embeddable":true,"href":"https:\/\/strikemaker.com\/es\/wp-json\/wp\/v2\/comments?post=1562426"}],"wp:featuredmedia":[{"embeddable":true,"href":"https:\/\/strikemaker.com\/es\/wp-json\/wp\/v2\/media\/1556467"}],"wp:attachment":[{"href":"https:\/\/strikemaker.com\/es\/wp-json\/wp\/v2\/media?parent=1562426"}],"wp:term":[{"taxonomy":"product_brand","embeddable":true,"href":"https:\/\/strikemaker.com\/es\/wp-json\/wp\/v2\/product_brand?post=1562426"},{"taxonomy":"product_cat","embeddable":true,"href":"https:\/\/strikemaker.com\/es\/wp-json\/wp\/v2\/product_cat?post=1562426"},{"taxonomy":"product_tag","embeddable":true,"href":"https:\/\/strikemaker.com\/es\/wp-json\/wp\/v2\/product_tag?post=1562426"}],"curies":[{"name":"wp","href":"https:\/\/api.w.org\/{rel}","templated":true}]}}