{"id":1562467,"date":"2023-04-12T15:40:28","date_gmt":"2023-04-12T14:40:28","guid":{"rendered":"https:\/\/strikemaker.com\/?post_type=product&#038;p=1562467"},"modified":"2026-04-05T01:30:08","modified_gmt":"2026-04-05T00:30:08","slug":"sm-99-070356-004-solenoid-negro-black-complete","status":"publish","type":"product","link":"https:\/\/strikemaker.com\/es\/product\/sm-99-070356-004-solenoid-negro-black-complete\/","title":{"rendered":"SM-99-070356-004 SOLENOID NEGRO \u00abblack complete\u00bb"},"content":{"rendered":"<p>Im\u00e1n negro &#8211; Solenoide negro <br \/>M\u00e1s de 1,500 unidades vendidas en los \u00faltimos 3 a\u00f1os. <br \/>Sin queja. <br \/>Hecho en Alemania <\/p>\n","protected":false},"excerpt":{"rendered":"<p>SM-99-070356-004 SOLENOID NEGRO \u00abblack complete\u00bb<\/p>\n","protected":false},"featured_media":1557211,"comment_status":"closed","ping_status":"closed","template":"","meta":{"_acf_changed":false,"_et_pb_use_builder":"","_et_pb_old_content":"","_et_gb_content_width":""},"product_brand":[],"product_cat":[3346],"product_tag":[],"class_list":{"0":"post-1562467","1":"product","2":"type-product","3":"status-publish","4":"has-post-thumbnail","6":"product_cat-28-es","8":"first","9":"instock","10":"shipping-taxable","11":"product-type-simple"},"acf":[],"_links":{"self":[{"href":"https:\/\/strikemaker.com\/es\/wp-json\/wp\/v2\/product\/1562467","targetHints":{"allow":["GET"]}}],"collection":[{"href":"https:\/\/strikemaker.com\/es\/wp-json\/wp\/v2\/product"}],"about":[{"href":"https:\/\/strikemaker.com\/es\/wp-json\/wp\/v2\/types\/product"}],"replies":[{"embeddable":true,"href":"https:\/\/strikemaker.com\/es\/wp-json\/wp\/v2\/comments?post=1562467"}],"wp:featuredmedia":[{"embeddable":true,"href":"https:\/\/strikemaker.com\/es\/wp-json\/wp\/v2\/media\/1557211"}],"wp:attachment":[{"href":"https:\/\/strikemaker.com\/es\/wp-json\/wp\/v2\/media?parent=1562467"}],"wp:term":[{"taxonomy":"product_brand","embeddable":true,"href":"https:\/\/strikemaker.com\/es\/wp-json\/wp\/v2\/product_brand?post=1562467"},{"taxonomy":"product_cat","embeddable":true,"href":"https:\/\/strikemaker.com\/es\/wp-json\/wp\/v2\/product_cat?post=1562467"},{"taxonomy":"product_tag","embeddable":true,"href":"https:\/\/strikemaker.com\/es\/wp-json\/wp\/v2\/product_tag?post=1562467"}],"curies":[{"name":"wp","href":"https:\/\/api.w.org\/{rel}","templated":true}]}}