{"id":1562509,"date":"2023-04-12T15:40:37","date_gmt":"2023-04-12T14:40:37","guid":{"rendered":"https:\/\/strikemaker.com\/?post_type=product&#038;p=1562509"},"modified":"2026-04-04T14:06:18","modified_gmt":"2026-04-04T13:06:18","slug":"aceite-de-pistas-10-litros-viscose-42","status":"publish","type":"product","link":"https:\/\/strikemaker.com\/es\/product\/aceite-de-pistas-10-litros-viscose-42\/","title":{"rendered":"Aceite de pistas &#8211; 10 litros, viscose 42"},"content":{"rendered":"<p>Estos productos son evolucionados y elaborados en Alemania. El detergente de pistas, el approach-slide y tambi\u00e9n el aceite de pistas son de alta calidad y son los resultados de una colaboraci\u00f3n de varios a\u00f1os de unas boleras seleccionadas e importantes empresas quimicas, para conseguir los mejores resultados. El resultado es excelente! Est\u00e1 confirmado, que estos productos superan la calidad de los productos presentes en el mercado. El detergente, el approach-slide y tambi\u00e9n el aceite se puede utilizar en pistas de madera y en pistas de polyester y son apropiados de uso para m\u00e1quinaria o manual.Este aceite de 1 componente, esta especialmente elaborado para boleras. Garantiza una larga duraci\u00f3n en las pistas con \u00f3ptimo resultado de patr\u00f3n de aceite.El aceite est\u00e1 disponible en 3 viscosidades: 26, 42 y 68, dependiendo del modo del uso. Para el uso manual recomendamos la vicosidad 26 o 42, para las m\u00e1quinas 42 y para las m\u00e1quinas que calientan el aceite la viscosidad 68. Disponible en garrafa de 10 litros.<\/p>\n","protected":false},"excerpt":{"rendered":"<p>Aceite de pistas &#8211; 10 litros, viscose 42<\/p>\n","protected":false},"featured_media":1558087,"comment_status":"closed","ping_status":"closed","template":"","meta":{"_acf_changed":false,"_et_pb_use_builder":"","_et_pb_old_content":"","_et_gb_content_width":""},"product_brand":[],"product_cat":[3234],"product_tag":[],"class_list":{"0":"post-1562509","1":"product","2":"type-product","3":"status-publish","4":"has-post-thumbnail","6":"product_cat-9-es","7":"pa_abmessungen-10-l-es","8":"pa_viscositaet-viscosidad-42","10":"first","11":"instock","12":"shipping-taxable","13":"product-type-simple"},"acf":[],"_links":{"self":[{"href":"https:\/\/strikemaker.com\/es\/wp-json\/wp\/v2\/product\/1562509","targetHints":{"allow":["GET"]}}],"collection":[{"href":"https:\/\/strikemaker.com\/es\/wp-json\/wp\/v2\/product"}],"about":[{"href":"https:\/\/strikemaker.com\/es\/wp-json\/wp\/v2\/types\/product"}],"replies":[{"embeddable":true,"href":"https:\/\/strikemaker.com\/es\/wp-json\/wp\/v2\/comments?post=1562509"}],"wp:featuredmedia":[{"embeddable":true,"href":"https:\/\/strikemaker.com\/es\/wp-json\/wp\/v2\/media\/1558087"}],"wp:attachment":[{"href":"https:\/\/strikemaker.com\/es\/wp-json\/wp\/v2\/media?parent=1562509"}],"wp:term":[{"taxonomy":"product_brand","embeddable":true,"href":"https:\/\/strikemaker.com\/es\/wp-json\/wp\/v2\/product_brand?post=1562509"},{"taxonomy":"product_cat","embeddable":true,"href":"https:\/\/strikemaker.com\/es\/wp-json\/wp\/v2\/product_cat?post=1562509"},{"taxonomy":"product_tag","embeddable":true,"href":"https:\/\/strikemaker.com\/es\/wp-json\/wp\/v2\/product_tag?post=1562509"}],"curies":[{"name":"wp","href":"https:\/\/api.w.org\/{rel}","templated":true}]}}