{"id":1562514,"date":"2023-04-12T15:40:40","date_gmt":"2023-04-12T14:40:40","guid":{"rendered":"https:\/\/strikemaker.com\/?post_type=product&#038;p=1562514"},"modified":"2026-04-04T14:06:18","modified_gmt":"2026-04-04T13:06:18","slug":"bumper-2","status":"publish","type":"product","link":"https:\/\/strikemaker.com\/es\/product\/bumper-2\/","title":{"rendered":"Bumper"},"content":{"rendered":"<p>La soluci\u00f3n m\u00e1s econ\u00f3mica y sencilla para las pistas de ni\u00f1os. LOS BUMPER DE STRIKE MAKER. <br \/>Consiste de un tubo de pl\u00e1stico con tapa. El tubo guarda la mangera flexible de material muy resistente de alum\u00ednio-poliamide, de color plata.<br \/>Despu\u00e9s de su uso la mangera se guarda f\u00e1cilmente, solo con introducirla en el tubo y cerrando la tapa.<br \/>Pedidos por unidad o por par. La mangera, el tubo y la tapa estan disponibles tambi\u00e9n por separado.<br \/>Una soluci\u00f3n super econ\u00f3mica y pr\u00e1ctica!<\/p>\n","protected":false},"excerpt":{"rendered":"<p>Bumper<\/p>\n","protected":false},"featured_media":1558393,"comment_status":"closed","ping_status":"closed","template":"","meta":{"_acf_changed":false,"_et_pb_use_builder":"","_et_pb_old_content":"","_et_gb_content_width":""},"product_brand":[],"product_cat":[3241],"product_tag":[],"class_list":{"0":"post-1562514","1":"product","2":"type-product","3":"status-publish","4":"has-post-thumbnail","6":"product_cat-10-es","8":"first","9":"instock","10":"shipping-taxable","11":"product-type-simple"},"acf":[],"_links":{"self":[{"href":"https:\/\/strikemaker.com\/es\/wp-json\/wp\/v2\/product\/1562514","targetHints":{"allow":["GET"]}}],"collection":[{"href":"https:\/\/strikemaker.com\/es\/wp-json\/wp\/v2\/product"}],"about":[{"href":"https:\/\/strikemaker.com\/es\/wp-json\/wp\/v2\/types\/product"}],"replies":[{"embeddable":true,"href":"https:\/\/strikemaker.com\/es\/wp-json\/wp\/v2\/comments?post=1562514"}],"wp:featuredmedia":[{"embeddable":true,"href":"https:\/\/strikemaker.com\/es\/wp-json\/wp\/v2\/media\/1558393"}],"wp:attachment":[{"href":"https:\/\/strikemaker.com\/es\/wp-json\/wp\/v2\/media?parent=1562514"}],"wp:term":[{"taxonomy":"product_brand","embeddable":true,"href":"https:\/\/strikemaker.com\/es\/wp-json\/wp\/v2\/product_brand?post=1562514"},{"taxonomy":"product_cat","embeddable":true,"href":"https:\/\/strikemaker.com\/es\/wp-json\/wp\/v2\/product_cat?post=1562514"},{"taxonomy":"product_tag","embeddable":true,"href":"https:\/\/strikemaker.com\/es\/wp-json\/wp\/v2\/product_tag?post=1562514"}],"curies":[{"name":"wp","href":"https:\/\/api.w.org\/{rel}","templated":true}]}}