{"id":1562517,"date":"2023-04-12T15:40:41","date_gmt":"2023-04-12T14:40:41","guid":{"rendered":"https:\/\/strikemaker.com\/?post_type=product&#038;p=1562517"},"modified":"2026-04-21T12:40:11","modified_gmt":"2026-04-21T11:40:11","slug":"classic-premium-zapatos-de-piel-de-maxima-calidad","status":"publish","type":"product","link":"https:\/\/strikemaker.com\/es\/product\/classic-premium-zapatos-de-piel-de-maxima-calidad\/","title":{"rendered":"CLASSIC &#8211; PREMIUM Zapatos de piel &#8211; de m\u00e1xima calidad"},"content":{"rendered":"<p>La elecci\u00f3n \u00f3ptima para todas las boleras que buscan el m\u00e1ximo en calidad y la mayor duraci\u00f3n del producto.<br \/>Zapato de piel con cordones.<br \/>&#8211; Material de los zapatos: piel de altisima calidad.<br \/>&#8211; El cuero est\u00e1 te\u00f1ido exteriormente e interiormente.<br \/>&#8211; Los cordones ya est\u00e1n incorporados.<br \/>&#8211; La suela de cuero est\u00e1 bien pegada y cosida,<br \/>&#8211;  mediante un embutido por el per\u00edmetro de la suela.<br \/>&#8211; La puntera y el tal\u00f3n est\u00e1n bien reforzados.<br \/>&#8211; Tallas Europeas 28 al 53, rotuladas en el tal\u00f3n.<br \/>&#8211; Dise\u00f1o cl\u00e1sico con los colores azul, rojo y blanco.<\/p>\n","protected":false},"excerpt":{"rendered":"<p>CLASSIC &#8211; PREMIUM Zapatos de piel &#8211; de m\u00e1xima calidad<\/p>\n","protected":false},"featured_media":1558603,"comment_status":"closed","ping_status":"closed","template":"","meta":{"_acf_changed":false,"_et_pb_use_builder":"","_et_pb_old_content":"","_et_gb_content_width":""},"product_brand":[],"product_cat":[3388],"product_tag":[],"class_list":{"0":"post-1562517","1":"product","2":"type-product","3":"status-publish","4":"has-post-thumbnail","6":"product_cat-34-es","7":"pa_groesse-29-es","8":"pa_groesse-40-es","9":"pa_groesse-51-es","10":"pa_groesse-30-es","11":"pa_groesse-41-es","12":"pa_groesse-52-es","13":"pa_groesse-31-es","14":"pa_groesse-42-es","15":"pa_groesse-53-es","16":"pa_groesse-32-es","17":"pa_groesse-43-es","18":"pa_groesse-33-es","19":"pa_groesse-44-es","20":"pa_groesse-34-es","21":"pa_groesse-45-es","22":"pa_groesse-35-es","23":"pa_groesse-46-es","24":"pa_groesse-36-es","25":"pa_groesse-47-es","26":"pa_groesse-37-es","27":"pa_groesse-48-es","28":"pa_groesse-38-es","29":"pa_groesse-49-es","30":"pa_groesse-28-es","31":"pa_groesse-39-es","32":"pa_groesse-50-es","34":"first","35":"outofstock","36":"shipping-taxable","37":"product-type-variable"},"acf":[],"_links":{"self":[{"href":"https:\/\/strikemaker.com\/es\/wp-json\/wp\/v2\/product\/1562517","targetHints":{"allow":["GET"]}}],"collection":[{"href":"https:\/\/strikemaker.com\/es\/wp-json\/wp\/v2\/product"}],"about":[{"href":"https:\/\/strikemaker.com\/es\/wp-json\/wp\/v2\/types\/product"}],"replies":[{"embeddable":true,"href":"https:\/\/strikemaker.com\/es\/wp-json\/wp\/v2\/comments?post=1562517"}],"wp:featuredmedia":[{"embeddable":true,"href":"https:\/\/strikemaker.com\/es\/wp-json\/wp\/v2\/media\/1558603"}],"wp:attachment":[{"href":"https:\/\/strikemaker.com\/es\/wp-json\/wp\/v2\/media?parent=1562517"}],"wp:term":[{"taxonomy":"product_brand","embeddable":true,"href":"https:\/\/strikemaker.com\/es\/wp-json\/wp\/v2\/product_brand?post=1562517"},{"taxonomy":"product_cat","embeddable":true,"href":"https:\/\/strikemaker.com\/es\/wp-json\/wp\/v2\/product_cat?post=1562517"},{"taxonomy":"product_tag","embeddable":true,"href":"https:\/\/strikemaker.com\/es\/wp-json\/wp\/v2\/product_tag?post=1562517"}],"curies":[{"name":"wp","href":"https:\/\/api.w.org\/{rel}","templated":true}]}}