{"id":1562689,"date":"2023-04-12T15:41:13","date_gmt":"2023-04-12T14:41:13","guid":{"rendered":"https:\/\/strikemaker.com\/?post_type=product&#038;p=1562689"},"modified":"2026-04-05T09:06:32","modified_gmt":"2026-04-05T08:06:32","slug":"bolso-tricolor-verde-claro-rojo-plata","status":"publish","type":"product","link":"https:\/\/strikemaker.com\/es\/product\/bolso-tricolor-verde-claro-rojo-plata\/","title":{"rendered":"Bolso TRICOLOR VERDE CLARO\/rojo\/plata"},"content":{"rendered":"<p>Bolso para una bola, con 2 compartimientos en los dos lados,para un par de zapatos (hasta talla 47) y con varios bolsillos \u00fatiles.Disponible en los siguientes 4 dise\u00f1os:Estos bolsos TRICOLOR est\u00e1n disponibles por unidad o en combinaci\u00f3n con la bola y los zapatos en los mismos colores.<\/p>\n","protected":false},"excerpt":{"rendered":"<p>Bolso TRICOLOR VERDE CLARO\/rojo\/plata<\/p>\n","protected":false},"featured_media":1570582,"comment_status":"closed","ping_status":"closed","template":"","meta":{"_acf_changed":false,"_et_pb_use_builder":"","_et_pb_old_content":"","_et_gb_content_width":""},"product_brand":[],"product_cat":[3269],"product_tag":[],"class_list":{"0":"post-1562689","1":"product","2":"type-product","3":"status-publish","4":"has-post-thumbnail","6":"product_cat-17-es","8":"first","9":"instock","10":"shipping-taxable","11":"product-type-simple"},"acf":[],"_links":{"self":[{"href":"https:\/\/strikemaker.com\/es\/wp-json\/wp\/v2\/product\/1562689","targetHints":{"allow":["GET"]}}],"collection":[{"href":"https:\/\/strikemaker.com\/es\/wp-json\/wp\/v2\/product"}],"about":[{"href":"https:\/\/strikemaker.com\/es\/wp-json\/wp\/v2\/types\/product"}],"replies":[{"embeddable":true,"href":"https:\/\/strikemaker.com\/es\/wp-json\/wp\/v2\/comments?post=1562689"}],"wp:featuredmedia":[{"embeddable":true,"href":"https:\/\/strikemaker.com\/es\/wp-json\/wp\/v2\/media\/1570582"}],"wp:attachment":[{"href":"https:\/\/strikemaker.com\/es\/wp-json\/wp\/v2\/media?parent=1562689"}],"wp:term":[{"taxonomy":"product_brand","embeddable":true,"href":"https:\/\/strikemaker.com\/es\/wp-json\/wp\/v2\/product_brand?post=1562689"},{"taxonomy":"product_cat","embeddable":true,"href":"https:\/\/strikemaker.com\/es\/wp-json\/wp\/v2\/product_cat?post=1562689"},{"taxonomy":"product_tag","embeddable":true,"href":"https:\/\/strikemaker.com\/es\/wp-json\/wp\/v2\/product_tag?post=1562689"}],"curies":[{"name":"wp","href":"https:\/\/api.w.org\/{rel}","templated":true}]}}