{"id":1562694,"date":"2023-04-12T15:41:15","date_gmt":"2023-04-12T14:41:15","guid":{"rendered":"https:\/\/strikemaker.com\/?post_type=product&#038;p=1562694"},"modified":"2026-04-05T01:40:10","modified_gmt":"2026-04-05T00:40:10","slug":"bowling-licores-4-cl","status":"publish","type":"product","link":"https:\/\/strikemaker.com\/es\/product\/bowling-licores-4-cl\/","title":{"rendered":"Bowling-licores 4 cl."},"content":{"rendered":"<p>Que es m\u00e1s divertido que al jugar a los bolos poder tomar un licorcito de una botellita en forma de bolo.<br \/>Con los STRIKE MAKER bowling-licores su bolera ser\u00e1 m\u00e1s atractiva y Ud. puede superar sus ventas con un producto exquisito. Ademas las botellitas seguramente acabar\u00e1n como recuerdo en una vitrina o estanter\u00eda en casa de sus clientes &#8211; una excelente promoci\u00f3n para su bolera!<br \/>&#8211; Contenido: 4 cl. en 3 sabores diferentes, licor de wodka-higos con 15% de alcohol, licor de melocoton (15%) y licor de hierbas (30%).<br \/>&#8211; Empaquetados de 40 botellitas por sabor.<br \/>&#8211; Exclusivo para boleras.<br \/>&#8211; Material promocional gratuito (carteles de mesa y para la pared)<br \/>&#8211; Tambi\u00e9n disponible: STRIKE MAKER camisetas y bolos hinchables de 2,5 m.<br \/>El env\u00edo siempre se realiza empaquetados en multiplos de 3: 3 expositores , 6 expositores, 9 expositores, etc. Los sabores se pueden combinar libremente.<\/p>\n","protected":false},"excerpt":{"rendered":"<p>Bowling-licores 4 cl. <\/p>\n","protected":false},"featured_media":1560799,"comment_status":"closed","ping_status":"closed","template":"","meta":{"_acf_changed":false,"_et_pb_use_builder":"","_et_pb_old_content":"","_et_gb_content_width":""},"product_brand":[],"product_cat":[3227],"product_tag":[],"class_list":{"0":"post-1562694","1":"product","2":"type-product","3":"status-publish","4":"has-post-thumbnail","6":"product_cat-8-es","7":"pa_geschmack-figura-wodka-clasico-15-vol","8":"pa_geschmack-licor-de-hierbas-30-vol","9":"pa_geschmack-licor-de-melocoton-15-vol","11":"first","12":"outofstock","13":"shipping-taxable","14":"product-type-variable"},"acf":[],"_links":{"self":[{"href":"https:\/\/strikemaker.com\/es\/wp-json\/wp\/v2\/product\/1562694","targetHints":{"allow":["GET"]}}],"collection":[{"href":"https:\/\/strikemaker.com\/es\/wp-json\/wp\/v2\/product"}],"about":[{"href":"https:\/\/strikemaker.com\/es\/wp-json\/wp\/v2\/types\/product"}],"replies":[{"embeddable":true,"href":"https:\/\/strikemaker.com\/es\/wp-json\/wp\/v2\/comments?post=1562694"}],"wp:featuredmedia":[{"embeddable":true,"href":"https:\/\/strikemaker.com\/es\/wp-json\/wp\/v2\/media\/1560799"}],"wp:attachment":[{"href":"https:\/\/strikemaker.com\/es\/wp-json\/wp\/v2\/media?parent=1562694"}],"wp:term":[{"taxonomy":"product_brand","embeddable":true,"href":"https:\/\/strikemaker.com\/es\/wp-json\/wp\/v2\/product_brand?post=1562694"},{"taxonomy":"product_cat","embeddable":true,"href":"https:\/\/strikemaker.com\/es\/wp-json\/wp\/v2\/product_cat?post=1562694"},{"taxonomy":"product_tag","embeddable":true,"href":"https:\/\/strikemaker.com\/es\/wp-json\/wp\/v2\/product_tag?post=1562694"}],"curies":[{"name":"wp","href":"https:\/\/api.w.org\/{rel}","templated":true}]}}