{"id":1652255,"date":"2026-02-02T18:56:19","date_gmt":"2026-02-02T17:56:19","guid":{"rendered":"https:\/\/strikemaker.com\/?post_type=product&#038;p=1652255"},"modified":"2026-04-05T16:44:02","modified_gmt":"2026-04-05T15:44:02","slug":"sm-tool-005-belt-welding-clamp-herramienta-para-sujetar-el-polycord","status":"publish","type":"product","link":"https:\/\/strikemaker.com\/es\/product\/sm-tool-005-belt-welding-clamp-herramienta-para-sujetar-el-polycord\/","title":{"rendered":"SM-TOOL-005 Belt Welding Clamp &#8211; herramienta para sujetar el Polycord"},"content":{"rendered":"<p>HERRAMIENTA PARA SUJETAR LAS EXTREMIDADES DE LA MANGUERA MACIZA. <br \/>Este es m\u00e1s grande que el original, as\u00ed facilita  la uni\u00f3n de la manguera maciza al unir las extremidades.<\/p>\n","protected":false},"excerpt":{"rendered":"<p>SM-TOOL-005 Belt Welding Clamp &#8211; herramienta para sujetar el Polycord<\/p>\n","protected":false},"featured_media":1554685,"comment_status":"closed","ping_status":"closed","template":"","meta":{"_acf_changed":false,"_et_pb_use_builder":"","_et_pb_old_content":"","_et_gb_content_width":""},"product_brand":[],"product_cat":[3304],"product_tag":[],"class_list":{"0":"post-1652255","1":"product","2":"type-product","3":"status-publish","4":"has-post-thumbnail","6":"product_cat-22-es","8":"first","9":"instock","10":"shipping-taxable","11":"product-type-simple"},"acf":[],"_links":{"self":[{"href":"https:\/\/strikemaker.com\/es\/wp-json\/wp\/v2\/product\/1652255","targetHints":{"allow":["GET"]}}],"collection":[{"href":"https:\/\/strikemaker.com\/es\/wp-json\/wp\/v2\/product"}],"about":[{"href":"https:\/\/strikemaker.com\/es\/wp-json\/wp\/v2\/types\/product"}],"replies":[{"embeddable":true,"href":"https:\/\/strikemaker.com\/es\/wp-json\/wp\/v2\/comments?post=1652255"}],"wp:featuredmedia":[{"embeddable":true,"href":"https:\/\/strikemaker.com\/es\/wp-json\/wp\/v2\/media\/1554685"}],"wp:attachment":[{"href":"https:\/\/strikemaker.com\/es\/wp-json\/wp\/v2\/media?parent=1652255"}],"wp:term":[{"taxonomy":"product_brand","embeddable":true,"href":"https:\/\/strikemaker.com\/es\/wp-json\/wp\/v2\/product_brand?post=1652255"},{"taxonomy":"product_cat","embeddable":true,"href":"https:\/\/strikemaker.com\/es\/wp-json\/wp\/v2\/product_cat?post=1652255"},{"taxonomy":"product_tag","embeddable":true,"href":"https:\/\/strikemaker.com\/es\/wp-json\/wp\/v2\/product_tag?post=1652255"}],"curies":[{"name":"wp","href":"https:\/\/api.w.org\/{rel}","templated":true}]}}