{"id":1618299,"date":"2024-12-02T21:21:10","date_gmt":"2024-12-02T20:21:10","guid":{"rendered":"https:\/\/strikemaker.com\/a-propos\/"},"modified":"2024-12-02T21:21:10","modified_gmt":"2024-12-02T20:21:10","slug":"a-propos","status":"publish","type":"page","link":"https:\/\/strikemaker.com\/fr\/a-propos\/","title":{"rendered":"\u00c0 propos de nous"},"content":{"rendered":"<p><strong>STRIKE MAKER &#8211; UNE HISTOIRE DE R\u00c9USSITE EUROP\u00c9ENNE !<\/strong><\/p>\n<p>Ce qui a commenc\u00e9 en 1999 en Allemagne par la distribution d&rsquo;eau-de-vie en bouteilles de pin est devenu en quelques ann\u00e9es le fournisseur europ\u00e9en complet pour les centres de bowling. Aujourd&rsquo;hui, Strike Maker est le partenaire des centres de bowling.<\/p>\n<p><strong>Qu&rsquo;il s&rsquo;agisse de bouteilles d&rsquo;alcool, de chaussures de location ou de nettoyeurs de piste.<\/strong><br \/>  Nous fournissons tout ce dont vous avez besoin pour votre centre de bowling !  <\/p>\n<p><strong>Qu&rsquo;il s&rsquo;agisse de pi\u00e8ces de rechange ou de service technique.<\/strong><br \/>  Nous veillons \u00e0 ce que vos chemins de fer fonctionnent !  <\/p>\n<p><strong>Qu&rsquo;il s&rsquo;agisse d&rsquo;une r\u00e9novation ou d&rsquo;une nouvelle construction.<\/strong><br \/>  Nous conseillons et fournissons des pinseurs neufs et d&rsquo;occasion !  <\/p>\n<p>Service d&rsquo;assistance t\u00e9l\u00e9phonique, disponibilit\u00e9 et livraison rapide sont pour nous une \u00e9vidence.<\/p>\n<p><strong>STRIKE MAKER &#8211; VOTRE PARTENAIRE POUR LE BOWLING !<\/strong><br \/>  Depuis l&rsquo;\u00e9t\u00e9 2010, nous sommes \u00e9galement votre partenaire pour les pi\u00e8ces d\u00e9tach\u00e9es GS Pinsetter de haute qualit\u00e9.  <\/p>\n<p>Tous les produits que nous proposons sont d\u00e9velopp\u00e9s, test\u00e9s et am\u00e9lior\u00e9s en permanence dans nos locaux. Nos clients ont ainsi la garantie d&rsquo;obtenir l&rsquo;optimum en termes de prix, de qualit\u00e9 et de fonctionnalit\u00e9.<\/p>\n<p>Aujourd&rsquo;hui encore, Strike Maker est d\u00e9tenu \u00e0 100% par ses propri\u00e9taires, qui travaillent constamment \u00e0 l&rsquo;am\u00e9lioration de leurs produits et au d\u00e9veloppement de nouveaux articles.<\/p>\n","protected":false},"excerpt":{"rendered":"<p>STRIKE MAKER &#8211; UNE HISTOIRE DE R\u00c9USSITE EUROP\u00c9ENNE ! Ce qui a commenc\u00e9 en 1999 en Allemagne par la distribution d&rsquo;eau-de-vie en bouteilles de pin est devenu en quelques ann\u00e9es le fournisseur europ\u00e9en complet pour les centres de bowling. Aujourd&rsquo;hui, Strike Maker est le partenaire des centres de bowling. Qu&rsquo;il s&rsquo;agisse de bouteilles d&rsquo;alcool, de [&hellip;]<\/p>\n","protected":false},"author":3,"featured_media":0,"parent":0,"menu_order":0,"comment_status":"closed","ping_status":"closed","template":"content-centered-template.php","meta":{"_acf_changed":false,"_et_pb_use_builder":"off","_et_pb_old_content":"","_et_gb_content_width":"","footnotes":""},"class_list":["post-1618299","page","type-page","status-publish","hentry"],"acf":[],"_links":{"self":[{"href":"https:\/\/strikemaker.com\/fr\/wp-json\/wp\/v2\/pages\/1618299","targetHints":{"allow":["GET"]}}],"collection":[{"href":"https:\/\/strikemaker.com\/fr\/wp-json\/wp\/v2\/pages"}],"about":[{"href":"https:\/\/strikemaker.com\/fr\/wp-json\/wp\/v2\/types\/page"}],"author":[{"embeddable":true,"href":"https:\/\/strikemaker.com\/fr\/wp-json\/wp\/v2\/users\/3"}],"replies":[{"embeddable":true,"href":"https:\/\/strikemaker.com\/fr\/wp-json\/wp\/v2\/comments?post=1618299"}],"version-history":[{"count":0,"href":"https:\/\/strikemaker.com\/fr\/wp-json\/wp\/v2\/pages\/1618299\/revisions"}],"wp:attachment":[{"href":"https:\/\/strikemaker.com\/fr\/wp-json\/wp\/v2\/media?parent=1618299"}],"curies":[{"name":"wp","href":"https:\/\/api.w.org\/{rel}","templated":true}]}}