{"id":1618530,"date":"2024-12-02T22:52:43","date_gmt":"2024-12-02T21:52:43","guid":{"rendered":"https:\/\/strikemaker.com\/login\/"},"modified":"2025-10-10T10:57:14","modified_gmt":"2025-10-10T09:57:14","slug":"login","status":"publish","type":"page","link":"https:\/\/strikemaker.com\/fr\/login\/","title":{"rendered":"Connexion"},"content":{"rendered":"<p>[et_pb_section fb_built=\u00a0\u00bb1&Prime; _builder_version=\u00a0\u00bb4.27.2&Prime; _module_preset=\u00a0\u00bbdefault\u00a0\u00bb collapsed=\u00a0\u00bboff\u00a0\u00bb global_colors_info=\u00a0\u00bb{}\u00a0\u00bb][et_pb_row module_class=\u00a0\u00bbdivi-container-wrapper\u00a0\u00bb _builder_version=\u00a0\u00bb4.27.2&Prime; _module_preset=\u00a0\u00bbdefault\u00a0\u00bb global_colors_info=\u00a0\u00bb{}\u00a0\u00bb][et_pb_column type=\u00a0\u00bb4_4&Prime; _builder_version=\u00a0\u00bb4.16&Prime; _module_preset=\u00a0\u00bbdefault\u00a0\u00bb global_colors_info=\u00a0\u00bb{}\u00a0\u00bb][et_pb_heading title=\u00a0\u00bbVente exclusivement aux clients professionnels.\u00a0\u00bb _builder_version=\u00a0\u00bb4.27.4&Prime; _module_preset=\u00a0\u00bb_initial\u00a0\u00bb title_text_align=\u00a0\u00bbcenter\u00a0\u00bb hover_enabled=\u00a0\u00bb0&Prime; global_colors_info=\u00a0\u00bb{}\u00a0\u00bb custom_margin=\u00a0\u00bb||2rem||false|false\u00a0\u00bb sticky_enabled=\u00a0\u00bb0&Prime;][\/et_pb_heading][\/et_pb_column][\/et_pb_row][\/et_pb_section][et_pb_section fb_built=\u00a0\u00bb1&Prime; _builder_version=\u00a0\u00bb4.27.2&Prime; _module_preset=\u00a0\u00bbdefault\u00a0\u00bb global_colors_info=\u00a0\u00bb{}\u00a0\u00bb][et_pb_row column_structure=\u00a0\u00bb1_2,1_2&Prime; make_equal=\u00a0\u00bbon\u00a0\u00bb module_class=\u00a0\u00bbdivi-container-wrapper\u00a0\u00bb _builder_version=\u00a0\u00bb4.27.4&Prime; _module_preset=\u00a0\u00bbdefault\u00a0\u00bb global_colors_info=\u00a0\u00bb{}\u00a0\u00bb][et_pb_column type=\u00a0\u00bb1_2&Prime; _builder_version=\u00a0\u00bb4.27.2&Prime; _module_preset=\u00a0\u00bbdefault\u00a0\u00bb global_colors_info=\u00a0\u00bb{}\u00a0\u00bb][et_pb_login title=\u00a0\u00bbS&#039;inscrire dans la boutique en ligne\u00a0\u00bb module_class=\u00a0\u00bbsm-section-bg\u00a0\u00bb _builder_version=\u00a0\u00bb4.27.4&Prime; _module_preset=\u00a0\u00bbdefault\u00a0\u00bb header_level=\u00a0\u00bbh3&Prime; header_text_color=\u00a0\u00bbgcid-a687818d-3b63-416c-b67a-19ab05afa569&Prime; global_colors_info=\u00a0\u00bb{%22gcid-24fd35f7-73de-4bea-b00d-11b7b90439de%22:%91%22button_bg_color%22%93,%22gcid-a687818d-3b63-416c-b67a-19ab05afa569%22:%91%22header_text_color%22%93}\u00a0\u00bb][\/et_pb_login][\/et_pb_column][et_pb_column type=\u00a0\u00bb1_2&Prime; module_class=\u00a0\u00bbsm-section-bg\u00a0\u00bb _builder_version=\u00a0\u00bb4.27.4&Prime; _module_preset=\u00a0\u00bbdefault\u00a0\u00bb global_colors_info=\u00a0\u00bb{}\u00a0\u00bb][et_pb_heading title=\u00a0\u00bbS&#039;inscrire \u00e0 la boutique en ligne\u00a0\u00bb _builder_version=\u00a0\u00bb4.27.4&Prime; _module_preset=\u00a0\u00bb_initial\u00a0\u00bb title_level=\u00a0\u00bbh3&Prime; title_text_align=\u00a0\u00bbcenter\u00a0\u00bb global_colors_info=\u00a0\u00bb{}\u00a0\u00bb][\/et_pb_heading][et_pb_code _builder_version=\u00a0\u00bb4.27.4&Prime; _module_preset=\u00a0\u00bbdefault\u00a0\u00bb global_colors_info=\u00a0\u00bb{}\u00a0\u00bb]<pee><!-- [et_pb_line_break_holder] --> Vous n&rsquo;\u00eates pas encore inscrit \u00e0 notre boutique en ligne. Saisissez votre e-mail et g\u00e9n\u00e9rez un mot de passe en cliquant sur le lien qui vous a \u00e9t\u00e9 envoy\u00e9. <!-- [et_pb_line_break_holder] --><\/pee>[\/et_pb_code][et_pb_code _builder_version=\u00a0\u00bb4.27.4&Prime; _module_preset=\u00a0\u00bbdefault\u00a0\u00bb hover_enabled=\u00a0\u00bb0&Prime; global_colors_info=\u00a0\u00bb{}\u00a0\u00bb sticky_enabled=\u00a0\u00bb0&Prime;]    <div class=\"sm-account-form\">\n        <form method=\"post\" action=\"\" class=\"sm-account-form__form et_pb_module\">\n            <div class=\"form-field et_pb_module\">\n                <input aria-label=\"Adresse \u00e9lectronique\" type=\"email\" name=\"account_email\" id=\"account_email\" autocomplete=\"off\" placeholder=\"Entrez votre adresse e-mail ici\">\n                            <\/div>\n            <input type=\"hidden\" name=\"action\" value=\"sm_account_form\"\/>\n            <input type=\"hidden\" id=\"sm_account_nonce\" name=\"sm_account_nonce\" value=\"268a352cfa\" \/><input type=\"hidden\" name=\"_wp_http_referer\" value=\"\/fr\/wp-json\/wp\/v2\/pages\/1618530\" \/>            <div class=\"et_pb_module\">\n                <button type=\"submit\" class=\"form-submit\">Cr\u00e9er un mot de passe<\/button>\n            <\/div>\n        <\/form>\n    <\/div>\n    [\/et_pb_code][\/et_pb_column][\/et_pb_row][\/et_pb_section]<\/p>\n","protected":false},"excerpt":{"rendered":"    <div class=\"sm-account-form\">\n        <form method=\"post\" action=\"\" class=\"sm-account-form__form et_pb_module\">\n            <div class=\"form-field et_pb_module\">\n                <input aria-label=\"Adresse \u00e9lectronique\" type=\"email\" name=\"account_email\" id=\"account_email\" autocomplete=\"off\" placeholder=\"Entrez votre adresse e-mail ici\">\n                            <\/div>\n            <input type=\"hidden\" name=\"action\" value=\"sm_account_form\"\/>\n            <input type=\"hidden\" id=\"sm_account_nonce\" name=\"sm_account_nonce\" value=\"268a352cfa\" \/><input type=\"hidden\" name=\"_wp_http_referer\" value=\"\/fr\/wp-json\/wp\/v2\/pages\/1618530\" \/>            <div class=\"et_pb_module\">\n                <button type=\"submit\" class=\"form-submit\">Cr\u00e9er un mot de passe<\/button>\n            <\/div>\n        <\/form>\n    <\/div>\n    \n","protected":false},"author":3,"featured_media":0,"parent":0,"menu_order":0,"comment_status":"closed","ping_status":"closed","template":"","meta":{"_acf_changed":false,"_et_pb_use_builder":"on","_et_pb_old_content":"","_et_gb_content_width":"","footnotes":""},"class_list":["post-1618530","page","type-page","status-publish","hentry"],"acf":[],"_links":{"self":[{"href":"https:\/\/strikemaker.com\/fr\/wp-json\/wp\/v2\/pages\/1618530","targetHints":{"allow":["GET"]}}],"collection":[{"href":"https:\/\/strikemaker.com\/fr\/wp-json\/wp\/v2\/pages"}],"about":[{"href":"https:\/\/strikemaker.com\/fr\/wp-json\/wp\/v2\/types\/page"}],"author":[{"embeddable":true,"href":"https:\/\/strikemaker.com\/fr\/wp-json\/wp\/v2\/users\/3"}],"replies":[{"embeddable":true,"href":"https:\/\/strikemaker.com\/fr\/wp-json\/wp\/v2\/comments?post=1618530"}],"version-history":[{"count":10,"href":"https:\/\/strikemaker.com\/fr\/wp-json\/wp\/v2\/pages\/1618530\/revisions"}],"predecessor-version":[{"id":1642291,"href":"https:\/\/strikemaker.com\/fr\/wp-json\/wp\/v2\/pages\/1618530\/revisions\/1642291"}],"wp:attachment":[{"href":"https:\/\/strikemaker.com\/fr\/wp-json\/wp\/v2\/media?parent=1618530"}],"curies":[{"name":"wp","href":"https:\/\/api.w.org\/{rel}","templated":true}]}}