{"id":1618563,"date":"2024-12-02T23:07:07","date_gmt":"2024-12-02T22:07:07","guid":{"rendered":"https:\/\/strikemaker.com\/contact\/"},"modified":"2024-12-16T12:41:05","modified_gmt":"2024-12-16T11:41:05","slug":"contact","status":"publish","type":"page","link":"https:\/\/strikemaker.com\/fr\/contact\/","title":{"rendered":"Contactez"},"content":{"rendered":"<p>[et_pb_section fb_built=\u00a0\u00bb1&Prime; _builder_version=\u00a0\u00bb4.27.2&Prime; _module_preset=\u00a0\u00bbdefault\u00a0\u00bb background_color=\u00a0\u00bbRGBA(255,255,255,0)\u00a0\u00bb global_colors_info=\u00a0\u00bb{}\u00a0\u00bb][et_pb_row column_structure=\u00a0\u00bb1_2,1_2&Prime; _builder_version=\u00a0\u00bb4.27.2&Prime; _module_preset=\u00a0\u00bbdefault\u00a0\u00bb global_colors_info=\u00a0\u00bb{}\u00a0\u00bb][et_pb_column type=\u00a0\u00bb1_2&Prime; module_class=\u00a0\u00bbsm-section-bg\u00a0\u00bb _builder_version=\u00a0\u00bb4.27.2&Prime; _module_preset=\u00a0\u00bbdefault\u00a0\u00bb global_colors_info=\u00a0\u00bb{}\u00a0\u00bb][et_pb_text module_class=\u00a0\u00bbcontact-info\u00a0\u00bb _builder_version=\u00a0\u00bb4.27.0&Prime; _module_preset=\u00a0\u00bbdefault\u00a0\u00bb hover_enabled=\u00a0\u00bb0&Prime; global_colors_info=\u00a0\u00bb{}\u00a0\u00bb sticky_enabled=\u00a0\u00bb0&Prime;]<\/p>\n<h3 data-pm-slice=\"1 1 []\">Contactez-nous<\/h3>\n<p>Si vous avez des questions ou des suggestions, n&rsquo;h\u00e9sitez pas \u00e0 nous contacter. Vous pouvez nous joindre par t\u00e9l\u00e9phone au <a href=\"tel:+33621693451\">+33 621.69.34.51<\/a> et par e-mail \u00e0 l&rsquo;adresse <a href=\"mailto:info@strike-maker.com\">info@strike-maker.com.<\/a> Utilisez \u00e9galement notre formulaire de contact.<\/p>\n<p>Le premier fournisseur d&rsquo;Allemagne pour les centres de bowling.<\/p>\n<p><strong>STRIKE MAKER<\/strong><\/p>\n<p>T\u00e9l\u00e9phone : <a href=\"tel:+33621693451\">+33 621.69.34.51<\/a><br \/>T\u00e9l\u00e9copie : <a href=\"tel:+33621693451\">+33 621.69.34.51<\/a><br \/>E-mail : <a href=\"mailto:info@strike-maker.com\">info@strike-maker.com<\/a><\/p>\n<p>[\/et_pb_text][\/et_pb_column][et_pb_column type=\u00a0\u00bb1_2&Prime; module_class=\u00a0\u00bbsm-section-bg\u00a0\u00bb _builder_version=\u00a0\u00bb4.27.2&Prime; _module_preset=\u00a0\u00bbdefault\u00a0\u00bb global_colors_info=\u00a0\u00bb{}\u00a0\u00bb][et_pb_text _builder_version=\u00a0\u00bb4.27.0&Prime; _module_preset=\u00a0\u00bbdefault\u00a0\u00bb global_colors_info=\u00a0\u00bb{}\u00a0\u00bb]\n<div class=\"wpcf7 no-js\" id=\"wpcf7-f495700-o1\" lang=\"fr-FR\" dir=\"ltr\" data-wpcf7-id=\"495700\">\n<div class=\"screen-reader-response\"><p role=\"status\" aria-live=\"polite\" aria-atomic=\"true\"><\/p> <ul><\/ul><\/div>\n<form action=\"\/fr\/wp-json\/wp\/v2\/pages\/1618563#wpcf7-f495700-o1\" method=\"post\" class=\"wpcf7-form init\" aria-label=\"Formulaire de contact\" novalidate=\"novalidate\" data-status=\"init\">\n<fieldset class=\"hidden-fields-container\"><input type=\"hidden\" name=\"_wpcf7\" value=\"495700\" \/><input type=\"hidden\" name=\"_wpcf7_version\" value=\"6.1.5\" \/><input type=\"hidden\" name=\"_wpcf7_locale\" value=\"fr_FR\" \/><input type=\"hidden\" name=\"_wpcf7_unit_tag\" value=\"wpcf7-f495700-o1\" \/><input type=\"hidden\" name=\"_wpcf7_container_post\" value=\"0\" \/><input type=\"hidden\" name=\"_wpcf7_posted_data_hash\" value=\"\" \/>\n<\/fieldset>\n<p><span class=\"wpcf7-form-control-wrap\" data-name=\"your-name\"><input size=\"40\" maxlength=\"400\" class=\"wpcf7-form-control wpcf7-text wpcf7-validates-as-required\" aria-required=\"true\" aria-invalid=\"false\" placeholder=\"Nom de famille*\" value=\"\" type=\"text\" name=\"your-name\" \/><\/span><span class=\"wpcf7-form-control-wrap\" data-name=\"your-email\"><input size=\"40\" maxlength=\"400\" class=\"wpcf7-form-control wpcf7-email wpcf7-validates-as-required wpcf7-text wpcf7-validates-as-email\" aria-required=\"true\" aria-invalid=\"false\" placeholder=\"E-mail*\" value=\"\" type=\"email\" name=\"your-email\" \/><\/span><span class=\"wpcf7-form-control-wrap\" data-name=\"your-subject\"><input size=\"40\" maxlength=\"400\" class=\"wpcf7-form-control wpcf7-text wpcf7-validates-as-required\" aria-required=\"true\" aria-invalid=\"false\" placeholder=\"Mati\u00e8re*\" value=\"\" type=\"text\" name=\"your-subject\" \/><\/span><span class=\"wpcf7-form-control-wrap\" data-name=\"your-comment\"><textarea cols=\"40\" rows=\"10\" maxlength=\"2000\" class=\"wpcf7-form-control wpcf7-textarea\" aria-invalid=\"false\" placeholder=\"un message\" name=\"your-comment\"><\/textarea><\/span><span class=\"wpcf7-form-control-wrap\" data-name=\"your-checkbox\"><span class=\"wpcf7-form-control wpcf7-checkbox wpcf7-validates-as-required\"><span class=\"wpcf7-list-item first last\"><label><input type=\"checkbox\" name=\"your-checkbox[]\" value=\"J&#039;ai lu et accept\u00e9 la d\u00e9claration de s\u00e9curit\u00e9 des donn\u00e9es\" \/><span class=\"wpcf7-list-item-label\">J&#039;ai lu et accept\u00e9 la d\u00e9claration de s\u00e9curit\u00e9 des donn\u00e9es<\/span><\/label><\/span><\/span><\/span><br \/>\n<span class=\"wpcf7-form-control-wrap\" data-name=\"hcap-cf7\">\t\t<input\n\t\t\t\ttype=\"hidden\"\n\t\t\t\tclass=\"hcaptcha-widget-id\"\n\t\t\t\tname=\"hcaptcha-widget-id\"\n\t\t\t\tvalue=\"eyJzb3VyY2UiOlsiY29udGFjdC1mb3JtLTdcL3dwLWNvbnRhY3QtZm9ybS03LnBocCJdLCJmb3JtX2lkIjo3MDY3fQ==-87a2468c78a9c8ef926951edb981dd10\">\n\t\t\t\t<span id=\"hcap_cf7-69e42af6879b95.85168648\" class=\"wpcf7-form-control h-captcha \"\n\t\t\tdata-sitekey=\"5bda567e-409c-45ff-8adf-9dd357294997\"\n\t\t\tdata-theme=\"light\"\n\t\t\tdata-size=\"normal\"\n\t\t\tdata-auto=\"false\"\n\t\t\tdata-ajax=\"false\"\n\t\t\tdata-force=\"false\">\n\t\t<\/span>\n\t\t<input type=\"hidden\" id=\"_wpnonce\" name=\"_wpnonce\" value=\"22dcabb035\" \/><input type=\"hidden\" name=\"_wp_http_referer\" value=\"\/fr\/wp-json\/wp\/v2\/pages\/1618563\" \/><\/span><input class=\"wpcf7-form-control wpcf7-submit has-spinner\" type=\"submit\" value=\"Envoyer\" \/>\n<\/p><div class=\"wpcf7-response-output\" aria-hidden=\"true\"><\/div>\n<\/form>\n<\/div>\n[\/et_pb_text][\/et_pb_column][\/et_pb_row][\/et_pb_section]<\/p>\n","protected":false},"excerpt":{"rendered":"<p>Contactez-nous Si vous avez des questions ou des suggestions, n&rsquo;h\u00e9sitez pas \u00e0 nous contacter. Vous pouvez nous joindre par t\u00e9l\u00e9phone au +33 621.69.34.51 et par e-mail \u00e0 l&rsquo;adresse info@strike-maker.com. Utilisez \u00e9galement notre formulaire de contact. Le premier fournisseur d&rsquo;Allemagne pour les centres de bowling. STRIKE MAKER T\u00e9l\u00e9phone : +33 621.69.34.51T\u00e9l\u00e9copie : +33 621.69.34.51E-mail : info@strike-maker.com<p class=\"wpcf7-contact-form-not-found\"><strong>Erreur\u00a0:<\/strong> Formulaire de contact non trouv\u00e9\u00a0!<\/p><\/p>\n","protected":false},"author":3,"featured_media":0,"parent":0,"menu_order":0,"comment_status":"closed","ping_status":"closed","template":"","meta":{"_acf_changed":false,"_et_pb_use_builder":"on","_et_pb_old_content":"","_et_gb_content_width":"","footnotes":""},"class_list":["post-1618563","page","type-page","status-publish","hentry"],"acf":[],"_links":{"self":[{"href":"https:\/\/strikemaker.com\/fr\/wp-json\/wp\/v2\/pages\/1618563","targetHints":{"allow":["GET"]}}],"collection":[{"href":"https:\/\/strikemaker.com\/fr\/wp-json\/wp\/v2\/pages"}],"about":[{"href":"https:\/\/strikemaker.com\/fr\/wp-json\/wp\/v2\/types\/page"}],"author":[{"embeddable":true,"href":"https:\/\/strikemaker.com\/fr\/wp-json\/wp\/v2\/users\/3"}],"replies":[{"embeddable":true,"href":"https:\/\/strikemaker.com\/fr\/wp-json\/wp\/v2\/comments?post=1618563"}],"version-history":[{"count":4,"href":"https:\/\/strikemaker.com\/fr\/wp-json\/wp\/v2\/pages\/1618563\/revisions"}],"predecessor-version":[{"id":1620364,"href":"https:\/\/strikemaker.com\/fr\/wp-json\/wp\/v2\/pages\/1618563\/revisions\/1620364"}],"wp:attachment":[{"href":"https:\/\/strikemaker.com\/fr\/wp-json\/wp\/v2\/media?parent=1618563"}],"curies":[{"name":"wp","href":"https:\/\/api.w.org\/{rel}","templated":true}]}}