{"id":1619062,"date":"2024-12-03T09:11:45","date_gmt":"2024-12-03T08:11:45","guid":{"rendered":"https:\/\/strikemaker.com\/home\/"},"modified":"2025-01-21T15:22:07","modified_gmt":"2025-01-21T14:22:07","slug":"home","status":"publish","type":"page","link":"https:\/\/strikemaker.com\/fr\/","title":{"rendered":"Home"},"content":{"rendered":"<p>[et_pb_section fb_built=\u00a0\u00bb1&Prime; fullwidth=\u00a0\u00bbon\u00a0\u00bb _builder_version=\u00a0\u00bb4.27.2&Prime; _module_preset=\u00a0\u00bbdefault\u00a0\u00bb global_colors_info=\u00a0\u00bb{}\u00a0\u00bb][et_pb_fullwidth_slider show_arrows=\u00a0\u00bboff\u00a0\u00bb module_class=\u00a0\u00bbhero-banner\u00a0\u00bb _builder_version=\u00a0\u00bb4.27.0&Prime; _module_preset=\u00a0\u00bbdefault\u00a0\u00bb header_text_align=\u00a0\u00bbcenter\u00a0\u00bb body_text_align=\u00a0\u00bbcenter\u00a0\u00bb height=\u00a0\u00bb362px\u00a0\u00bb hover_enabled=\u00a0\u00bb0&Prime; global_colors_info=\u00a0\u00bb{}\u00a0\u00bb dot_nav_custom_color__hover_enabled=\u00a0\u00bbon|hover\u00a0\u00bb sticky_enabled=\u00a0\u00bb0&Prime;][et_pb_slide image=\u00a0\u00bbhttps:\/\/strikemaker.com\/wp-content\/uploads\/2024\/12\/strikemaker-logo-home-slider-FR-2.png\u00a0\u00bb image_tablet=\u00a0\u00bbhttps:\/\/strikemaker.com\/wp-content\/uploads\/2024\/12\/strikemaker-logo-home-slider-FR-2.png\u00a0\u00bb image_phone=\u00a0\u00bbhttps:\/\/strikemaker.com\/wp-content\/uploads\/2024\/12\/strikemaker-logo-home-slider-FR-2.png\u00a0\u00bb image_last_edited=\u00a0\u00bbon|phone\u00a0\u00bb _builder_version=\u00a0\u00bb4.27.0&Prime; _module_preset=\u00a0\u00bbdefault\u00a0\u00bb background_color=\u00a0\u00bbRGBA(255,255,255,0)\u00a0\u00bb background_enable_color=\u00a0\u00bbon\u00a0\u00bb background_image=\u00a0\u00bb\/wp-content\/themes\/CM-DiviChildTheme\/images\/strikemaker-hero-banner.jpg\u00a0\u00bb background_enable_image=\u00a0\u00bbon\u00a0\u00bb hover_enabled=\u00a0\u00bb0&Prime; global_colors_info=\u00a0\u00bb{}\u00a0\u00bb sticky_transition=\u00a0\u00bbon\u00a0\u00bb title_text=\u00a0\u00bbstrikemaker-logo-home-slider\u00a0\u00bb sticky_enabled=\u00a0\u00bb0&Prime;][\/et_pb_slide][et_pb_slide image=\u00a0\u00bbhttps:\/\/strikemaker.com\/wp-content\/uploads\/2024\/12\/strikemaker-logo-home-slider-FR-2.png\u00a0\u00bb _builder_version=\u00a0\u00bb4.27.0&Prime; _module_preset=\u00a0\u00bbdefault\u00a0\u00bb background_color=\u00a0\u00bbRGBA(255,255,255,0)\u00a0\u00bb background_enable_color=\u00a0\u00bbon\u00a0\u00bb background_image=\u00a0\u00bb\/wp-content\/themes\/CM-DiviChildTheme\/images\/strikemaker-hero-banner.jpg\u00a0\u00bb background_enable_image=\u00a0\u00bbon\u00a0\u00bb global_colors_info=\u00a0\u00bb{}\u00a0\u00bb sticky_transition=\u00a0\u00bbon\u00a0\u00bb][\/et_pb_slide][et_pb_slide image=\u00a0\u00bbhttps:\/\/strikemaker.com\/wp-content\/uploads\/2024\/12\/strikemaker-logo-home-slider-FR-2.png\u00a0\u00bb _builder_version=\u00a0\u00bb4.27.0&Prime; _module_preset=\u00a0\u00bbdefault\u00a0\u00bb background_color=\u00a0\u00bbRGBA(255,255,255,0)\u00a0\u00bb background_enable_color=\u00a0\u00bbon\u00a0\u00bb background_image=\u00a0\u00bb\/wp-content\/themes\/CM-DiviChildTheme\/images\/strikemaker-hero-banner.jpg\u00a0\u00bb background_enable_image=\u00a0\u00bbon\u00a0\u00bb global_colors_info=\u00a0\u00bb{}\u00a0\u00bb sticky_transition=\u00a0\u00bbon\u00a0\u00bb][\/et_pb_slide][et_pb_slide image=\u00a0\u00bbhttps:\/\/strikemaker.com\/wp-content\/uploads\/2024\/12\/strikemaker-logo-home-slider-FR-2.png\u00a0\u00bb _builder_version=\u00a0\u00bb4.27.0&Prime; _module_preset=\u00a0\u00bbdefault\u00a0\u00bb background_color=\u00a0\u00bbRGBA(255,255,255,0)\u00a0\u00bb background_enable_color=\u00a0\u00bbon\u00a0\u00bb background_image=\u00a0\u00bb\/wp-content\/themes\/CM-DiviChildTheme\/images\/strikemaker-hero-banner.jpg\u00a0\u00bb background_enable_image=\u00a0\u00bbon\u00a0\u00bb global_colors_info=\u00a0\u00bb{}\u00a0\u00bb sticky_transition=\u00a0\u00bbon\u00a0\u00bb][\/et_pb_slide][\/et_pb_fullwidth_slider][\/et_pb_section][et_pb_section fb_built=\u00a0\u00bb1&Prime; admin_label=\u00a0\u00bbSection\u00a0\u00bb _builder_version=\u00a0\u00bb4.27.2&Prime; _module_preset=\u00a0\u00bbdefault\u00a0\u00bb background_color=\u00a0\u00bb#FFFFFF\u00a0\u00bb custom_padding=\u00a0\u00bb0px|0px|0px|0px|false|false\u00a0\u00bb global_colors_info=\u00a0\u00bb{}\u00a0\u00bb][et_pb_row custom_padding_last_edited=\u00a0\u00bbon|phone\u00a0\u00bb _builder_version=\u00a0\u00bb4.27.2&Prime; _module_preset=\u00a0\u00bbdefault\u00a0\u00bb width_tablet=\u00a0\u00bb\u00a0\u00bb width_phone=\u00a0\u00bb\u00a0\u00bb width_last_edited=\u00a0\u00bbon|phone\u00a0\u00bb max_width=\u00a0\u00bb720px\u00a0\u00bb max_width_tablet=\u00a0\u00bb720px\u00a0\u00bb max_width_phone=\u00a0\u00bb720px\u00a0\u00bb max_width_last_edited=\u00a0\u00bbon|phone\u00a0\u00bb custom_padding=\u00a0\u00bb50px|0px|50px|0px|false|false\u00a0\u00bb custom_padding_tablet=\u00a0\u00bb|50px||50px|false|true\u00a0\u00bb custom_padding_phone=\u00a0\u00bb|50px|35px|50px|false|true\u00a0\u00bb global_colors_info=\u00a0\u00bb{}\u00a0\u00bb][et_pb_column type=\u00a0\u00bb4_4&Prime; _builder_version=\u00a0\u00bb4.27.2&Prime; _module_preset=\u00a0\u00bbdefault\u00a0\u00bb global_colors_info=\u00a0\u00bb{}\u00a0\u00bb][et_pb_heading title=\u00a0\u00bbUNE R\u00c9USSITE EUROP\u00c9ENNE\u00a0\u00bb admin_label=\u00a0\u00bbEINE EUROP\u00c4ISCHE ERFOLGSGESCHICHTE\u00a0\u00bb _builder_version=\u00a0\u00bb4.27.0&Prime; _module_preset=\u00a0\u00bbdb064961-f822-4ca1-8b85-eafda77a08fb\u00a0\u00bb title_font=\u00a0\u00bb&#8211;et_global_heading_font|600|||||||\u00a0\u00bb title_text_align=\u00a0\u00bbcenter\u00a0\u00bb title_font_size=\u00a0\u00bb28px\u00a0\u00bb custom_margin=\u00a0\u00bb20px||||false|false\u00a0\u00bb global_colors_info=\u00a0\u00bb{}\u00a0\u00bb][\/et_pb_heading][et_pb_text admin_label=\u00a0\u00bbText 1&Prime; _builder_version=\u00a0\u00bb4.27.0&Prime; _module_preset=\u00a0\u00bbdefault\u00a0\u00bb text_font=\u00a0\u00bb|&#8211;et_global_body_font_weight|||||||\u00a0\u00bb text_font_size=\u00a0\u00bb18px\u00a0\u00bb module_alignment=\u00a0\u00bbcenter\u00a0\u00bb custom_margin=\u00a0\u00bb||50px||false|false\u00a0\u00bb global_colors_info=\u00a0\u00bb{}\u00a0\u00bb]<\/p>\n<p style=\"text-align: center;\">Nous venons de modestes d\u00e9buts \u00e0 Munich &#8211; Allemagne en 1999, o\u00f9 nous avons vendu pour la premi\u00e8re fois des liqueurs dans des bouteilles stylo, ce qui signifie que nos racines viennent r\u00e9ellement de la boisson.<br \/>\nAu fil des ann\u00e9es, nous sommes devenus plus sages, nous nous sommes moins concentr\u00e9s sur la boisson et nous avons commenc\u00e9 \u00e0 \u00e9couter encore mieux nos clients.<br \/>\nEn nous basant sur les probl\u00e8mes quotidiens et les exp\u00e9riences de centaines de g\u00e9rants de centres, nous avons commenc\u00e9 \u00e0 d\u00e9velopper de nouvelles id\u00e9es et technologies pour aider les centres de bowling dans leur travail quotidien.<br \/>\nAujourd&rsquo;hui, STRIKE MAKER est devenu un fournisseur mondial de services complets pour les centres de bowling, avec plus de 2 500 clients dans le monde entier.<\/p>\n<p>[\/et_pb_text][et_pb_divider color=\u00a0\u00bbgcid-78477db1-71b7-4c2b-8efd-d8a163b509f1&Prime; divider_weight=\u00a0\u00bb4px\u00a0\u00bb _builder_version=\u00a0\u00bb4.27.2&Prime; _module_preset=\u00a0\u00bbdefault\u00a0\u00bb max_width=\u00a0\u00bb400px\u00a0\u00bb module_alignment=\u00a0\u00bbcenter\u00a0\u00bb custom_margin=\u00a0\u00bb||0px||false|false\u00a0\u00bb custom_padding=\u00a0\u00bb0px||0px||false|false\u00a0\u00bb global_colors_info=\u00a0\u00bb{%22gcid-78477db1-71b7-4c2b-8efd-d8a163b509f1%22:%91%22color%22%93}\u00a0\u00bb][\/et_pb_divider][et_pb_heading title=\u00a0\u00bbPins de bowling, location de chaussures &amp; entretien des pistes\u00a0\u00bb admin_label=\u00a0\u00bbBowling Pins, Leihschuhe &#038; Bahnpflege\u00a0\u00bb _builder_version=\u00a0\u00bb4.27.0&Prime; _module_preset=\u00a0\u00bbdb064961-f822-4ca1-8b85-eafda77a08fb\u00a0\u00bb title_font=\u00a0\u00bb&#8211;et_global_heading_font|600|||||||\u00a0\u00bb title_text_align=\u00a0\u00bbcenter\u00a0\u00bb title_font_size=\u00a0\u00bb28px\u00a0\u00bb custom_margin=\u00a0\u00bb20px||||false|false\u00a0\u00bb global_colors_info=\u00a0\u00bb{}\u00a0\u00bb][\/et_pb_heading][et_pb_text admin_label=\u00a0\u00bbText 2&Prime; _builder_version=\u00a0\u00bb4.27.0&Prime; _module_preset=\u00a0\u00bbdefault\u00a0\u00bb text_font=\u00a0\u00bb|&#8211;et_global_body_font_weight|||||||\u00a0\u00bb text_font_size=\u00a0\u00bb18px\u00a0\u00bb module_alignment=\u00a0\u00bbcenter\u00a0\u00bb custom_margin=\u00a0\u00bb||50px||false|false\u00a0\u00bb global_colors_info=\u00a0\u00bb{}\u00a0\u00bb]<\/p>\n<p style=\"text-align: center;\">Nous sommes leader sur le march\u00e9 et vous assistons dans le travail quotidien de votre centre de bowling.<\/p>\n<p>[\/et_pb_text][et_pb_divider color=\u00a0\u00bbgcid-78477db1-71b7-4c2b-8efd-d8a163b509f1&Prime; divider_weight=\u00a0\u00bb4px\u00a0\u00bb admin_label=\u00a0\u00bbDivider\u00a0\u00bb _builder_version=\u00a0\u00bb4.27.2&Prime; _module_preset=\u00a0\u00bbdefault\u00a0\u00bb max_width=\u00a0\u00bb400px\u00a0\u00bb module_alignment=\u00a0\u00bbcenter\u00a0\u00bb custom_margin=\u00a0\u00bb||0px||false|false\u00a0\u00bb custom_padding=\u00a0\u00bb0px||0px||false|false\u00a0\u00bb global_colors_info=\u00a0\u00bb{%22gcid-78477db1-71b7-4c2b-8efd-d8a163b509f1%22:%91%22color%22%93}\u00a0\u00bb][\/et_pb_divider][et_pb_heading title=\u00a0\u00bbPi\u00e8ces de rechange pour Brunswick GS\u00ae Pin Setter et service technique\u00a0\u00bb admin_label=\u00a0\u00bbErsatzteile f\u00fcr Brunswick GS\u00ae Pin Setter und technischer Service\u00a0\u00bb _builder_version=\u00a0\u00bb4.27.0&Prime; _module_preset=\u00a0\u00bbdb064961-f822-4ca1-8b85-eafda77a08fb\u00a0\u00bb title_font=\u00a0\u00bb&#8211;et_global_heading_font|600|||||||\u00a0\u00bb title_text_align=\u00a0\u00bbcenter\u00a0\u00bb title_font_size=\u00a0\u00bb28px\u00a0\u00bb custom_margin=\u00a0\u00bb20px||||false|false\u00a0\u00bb global_colors_info=\u00a0\u00bb{}\u00a0\u00bb][\/et_pb_heading][et_pb_text admin_label=\u00a0\u00bbText 3&Prime; _builder_version=\u00a0\u00bb4.27.0&Prime; _module_preset=\u00a0\u00bbdefault\u00a0\u00bb text_font=\u00a0\u00bb|&#8211;et_global_body_font_weight|||||||\u00a0\u00bb text_font_size=\u00a0\u00bb18px\u00a0\u00bb module_alignment=\u00a0\u00bbcenter\u00a0\u00bb custom_margin=\u00a0\u00bb||50px||false|false\u00a0\u00bb global_colors_info=\u00a0\u00bb{}\u00a0\u00bb]<\/p>\n<p style=\"text-align: center;\">Nous veillons \u00e0 ce que vos pinsets fonctionnent sans probl\u00e8me et de mani\u00e8re efficace.<br \/>\nNous ne proposons que des pi\u00e8ces de haute qualit\u00e9, fabriqu\u00e9es en Allemagne.<\/p>\n<p>[\/et_pb_text][et_pb_divider color=\u00a0\u00bbgcid-78477db1-71b7-4c2b-8efd-d8a163b509f1&Prime; divider_weight=\u00a0\u00bb4px\u00a0\u00bb admin_label=\u00a0\u00bbDivider\u00a0\u00bb _builder_version=\u00a0\u00bb4.27.2&Prime; _module_preset=\u00a0\u00bbdefault\u00a0\u00bb max_width=\u00a0\u00bb400px\u00a0\u00bb module_alignment=\u00a0\u00bbcenter\u00a0\u00bb custom_margin=\u00a0\u00bb||0px||false|false\u00a0\u00bb custom_padding=\u00a0\u00bb0px||0px||false|false\u00a0\u00bb global_colors_info=\u00a0\u00bb{%22gcid-78477db1-71b7-4c2b-8efd-d8a163b509f1%22:%91%22color%22%93}\u00a0\u00bb][\/et_pb_divider][et_pb_heading title=\u00a0\u00bb Modernisation ou nouveaux projets.\u00a0\u00bb admin_label=\u00a0\u00bbModernisierung oder neue Projekte.\u00a0\u00bb _builder_version=\u00a0\u00bb4.27.0&Prime; _module_preset=\u00a0\u00bbdb064961-f822-4ca1-8b85-eafda77a08fb\u00a0\u00bb title_font=\u00a0\u00bb&#8211;et_global_heading_font|600|||||||\u00a0\u00bb title_text_align=\u00a0\u00bbcenter\u00a0\u00bb title_font_size=\u00a0\u00bb28px\u00a0\u00bb custom_margin=\u00a0\u00bb20px||||false|false\u00a0\u00bb global_colors_info=\u00a0\u00bb{}\u00a0\u00bb][\/et_pb_heading][et_pb_text admin_label=\u00a0\u00bbText 4&Prime; _builder_version=\u00a0\u00bb4.27.0&Prime; _module_preset=\u00a0\u00bbdefault\u00a0\u00bb text_font=\u00a0\u00bb|&#8211;et_global_body_font_weight|||||||\u00a0\u00bb text_font_size=\u00a0\u00bb18px\u00a0\u00bb module_alignment=\u00a0\u00bbcenter\u00a0\u00bb custom_margin=\u00a0\u00bb||50px||false|false\u00a0\u00bb global_colors_info=\u00a0\u00bb{}\u00a0\u00bb]<\/p>\n<p style=\"text-align: center;\">STRIKE MAKER est aujourd&rsquo;hui encore dirig\u00e9 et g\u00e9r\u00e9 par ses deux fondateurs.<br \/>\nNotre \u00e9quipe mondiale s&rsquo;engage jour apr\u00e8s jour pour la meilleure qualit\u00e9, des prix \u00e9quitables et un niveau de service \u00e9lev\u00e9.<br \/>\nAujourd&rsquo;hui encore, STRIKE MAKER est dirig\u00e9 par ses deux fondateurs et leur appartient.<br \/>\nJour apr\u00e8s jour, notre \u00e9quipe mondiale s&rsquo;engage pour la meilleure qualit\u00e9 de produits, les prix les plus justes et le meilleur service.<br \/>\nNotre objectif est de simplifier la vie de nos clients et de rendre leurs activit\u00e9s plus rentables.<\/p>\n<p style=\"text-align: center;\">Plus de 2 500 bowlings font confiance \u00e0 nos produits.<br \/>\nQu&rsquo;en est-il de vous ?<\/p>\n<p>[\/et_pb_text][et_pb_divider color=\u00a0\u00bbgcid-78477db1-71b7-4c2b-8efd-d8a163b509f1&Prime; divider_weight=\u00a0\u00bb4px\u00a0\u00bb admin_label=\u00a0\u00bbDivider\u00a0\u00bb _builder_version=\u00a0\u00bb4.27.2&Prime; _module_preset=\u00a0\u00bbdefault\u00a0\u00bb max_width=\u00a0\u00bb400px\u00a0\u00bb module_alignment=\u00a0\u00bbcenter\u00a0\u00bb custom_margin=\u00a0\u00bb||0px||false|false\u00a0\u00bb custom_padding=\u00a0\u00bb0px||0px||false|false\u00a0\u00bb global_colors_info=\u00a0\u00bb{%22gcid-78477db1-71b7-4c2b-8efd-d8a163b509f1%22:%91%22color%22%93}\u00a0\u00bb][\/et_pb_divider][et_pb_heading title=\u00a0\u00bbSTRIKE MAKER : LE MEILLEUR PARTENAIRE POUR VOTRE ACTIVIT\u00c9 DE BOWLING !\u00a0\u00bb admin_label=\u00a0\u00bbSTRIKE MAKER: DER BESTE PARTNER F\u00dcR IHR BOWLING-GESCH\u00c4FT!\u00a0\u00bb _builder_version=\u00a0\u00bb4.27.0&Prime; _module_preset=\u00a0\u00bbdb064961-f822-4ca1-8b85-eafda77a08fb\u00a0\u00bb title_font=\u00a0\u00bb&#8211;et_global_heading_font|600|||||||\u00a0\u00bb title_text_align=\u00a0\u00bbcenter\u00a0\u00bb title_font_size=\u00a0\u00bb28px\u00a0\u00bb custom_margin=\u00a0\u00bb20px||||false|false\u00a0\u00bb custom_padding=\u00a0\u00bb||0px||false|false\u00a0\u00bb global_colors_info=\u00a0\u00bb{}\u00a0\u00bb][\/et_pb_heading][\/et_pb_column][\/et_pb_row][\/et_pb_section][et_pb_section fb_built=\u00a0\u00bb1&Prime; _builder_version=\u00a0\u00bb4.27.2&Prime; _module_preset=\u00a0\u00bbdefault\u00a0\u00bb global_colors_info=\u00a0\u00bb{}\u00a0\u00bb][et_pb_row _builder_version=\u00a0\u00bb4.27.2&Prime; _module_preset=\u00a0\u00bbdefault\u00a0\u00bb global_colors_info=\u00a0\u00bb{}\u00a0\u00bb][et_pb_column type=\u00a0\u00bb4_4&Prime; _builder_version=\u00a0\u00bb4.27.2&Prime; _module_preset=\u00a0\u00bbdefault\u00a0\u00bb global_colors_info=\u00a0\u00bb{}\u00a0\u00bb][et_pb_heading title=\u00a0\u00bb Nos produits\u00a0\u00bb admin_label=\u00a0\u00bbHeading\u00a0\u00bb _builder_version=\u00a0\u00bb4.27.0&Prime; _module_preset=\u00a0\u00bbdb064961-f822-4ca1-8b85-eafda77a08fb\u00a0\u00bb title_font=\u00a0\u00bb&#8211;et_global_heading_font|&#8211;et_global_heading_font_weight|||||||\u00a0\u00bb custom_padding=\u00a0\u00bb50px||||false|false\u00a0\u00bb global_colors_info=\u00a0\u00bb{}\u00a0\u00bb][\/et_pb_heading][et_pb_code _builder_version=\u00a0\u00bb4.27.2&Prime; _module_preset=\u00a0\u00bbdefault\u00a0\u00bb global_colors_info=\u00a0\u00bb{}\u00a0\u00bb]<div class=\"woocommerce\"><ul class=\"products product-category-list\"><li class=\"product-category product\"><a aria-label=\"Produktkategorie Werbemittel besuchen\" href=\"https:\/\/strikemaker.com\/fr\/produkt-kategorie\/4-fr\/\"><img decoding=\"async\" width=\"300\" height=\"275\" data-src=\"https:\/\/strikemaker.com\/wp-content\/uploads\/sm\/images\/category\/4\/Group-82@2x-300x275.jpg\" class=\"attachment-medium size-medium lazyload\" alt=\"\" src=\"data:image\/svg+xml;base64,PHN2ZyB3aWR0aD0iMSIgaGVpZ2h0PSIxIiB4bWxucz0iaHR0cDovL3d3dy53My5vcmcvMjAwMC9zdmciPjwvc3ZnPg==\" style=\"--smush-placeholder-width: 300px; --smush-placeholder-aspect-ratio: 300\/275;\" \/><\/a><h2 class=\"category-title\"><a aria-label=\"Produktkategorie Werbemittel besuchen\" href=\"https:\/\/strikemaker.com\/fr\/produkt-kategorie\/4-fr\/\">Pieces de rechange BRUNSWICK GS PINSETTER<\/a><\/h2><\/li><li class=\"product-category product\"><a aria-label=\"Produktkategorie Werbemittel besuchen\" href=\"https:\/\/strikemaker.com\/fr\/produkt-kategorie\/3-fr\/34-fr\/\"><img decoding=\"async\" width=\"300\" height=\"275\" data-src=\"https:\/\/strikemaker.com\/wp-content\/uploads\/sm\/images\/category\/34\/Group-84@2x-1-300x275.jpg\" class=\"attachment-medium size-medium lazyload\" alt=\"\" src=\"data:image\/svg+xml;base64,PHN2ZyB3aWR0aD0iMSIgaGVpZ2h0PSIxIiB4bWxucz0iaHR0cDovL3d3dy53My5vcmcvMjAwMC9zdmciPjwvc3ZnPg==\" style=\"--smush-placeholder-width: 300px; --smush-placeholder-aspect-ratio: 300\/275;\" \/><\/a><h2 class=\"category-title\"><a aria-label=\"Produktkategorie Werbemittel besuchen\" href=\"https:\/\/strikemaker.com\/fr\/produkt-kategorie\/3-fr\/34-fr\/\">Chaussures de location<\/a><\/h2><\/li><li class=\"product-category product\"><a aria-label=\"Produktkategorie Werbemittel besuchen\" href=\"https:\/\/strikemaker.com\/fr\/produkt-kategorie\/7-fr\/\"><img decoding=\"async\" width=\"300\" height=\"275\" data-src=\"https:\/\/strikemaker.com\/wp-content\/uploads\/sm\/images\/category\/7\/Group-86@2x-300x275.jpg\" class=\"attachment-medium size-medium lazyload\" alt=\"\" src=\"data:image\/svg+xml;base64,PHN2ZyB3aWR0aD0iMSIgaGVpZ2h0PSIxIiB4bWxucz0iaHR0cDovL3d3dy53My5vcmcvMjAwMC9zdmciPjwvc3ZnPg==\" style=\"--smush-placeholder-width: 300px; --smush-placeholder-aspect-ratio: 300\/275;\" \/><\/a><h2 class=\"category-title\"><a aria-label=\"Produktkategorie Werbemittel besuchen\" href=\"https:\/\/strikemaker.com\/fr\/produkt-kategorie\/7-fr\/\">Quilles<\/a><\/h2><\/li><li class=\"product-category product\"><a aria-label=\"Produktkategorie Werbemittel besuchen\" href=\"https:\/\/strikemaker.com\/fr\/produkt-kategorie\/5-fr\/\"><img decoding=\"async\" width=\"300\" height=\"275\" data-src=\"https:\/\/strikemaker.com\/wp-content\/uploads\/sm\/images\/category\/5\/Group-85@2x-300x275.jpg\" class=\"attachment-medium size-medium lazyload\" alt=\"\" src=\"data:image\/svg+xml;base64,PHN2ZyB3aWR0aD0iMSIgaGVpZ2h0PSIxIiB4bWxucz0iaHR0cDovL3d3dy53My5vcmcvMjAwMC9zdmciPjwvc3ZnPg==\" style=\"--smush-placeholder-width: 300px; --smush-placeholder-aspect-ratio: 300\/275;\" \/><\/a><h2 class=\"category-title\"><a aria-label=\"Produktkategorie Werbemittel besuchen\" href=\"https:\/\/strikemaker.com\/fr\/produkt-kategorie\/5-fr\/\">Boules de bowling<\/a><\/h2><\/li><li class=\"product-category product\"><a aria-label=\"Produktkategorie Werbemittel besuchen\" href=\"https:\/\/strikemaker.com\/fr\/produkt-kategorie\/3-fr\/16-fr\/\"><img decoding=\"async\" width=\"300\" height=\"275\" data-src=\"https:\/\/strikemaker.com\/wp-content\/uploads\/sm\/images\/category\/16\/Group-83@2x-300x275.jpg\" class=\"attachment-medium size-medium lazyload\" alt=\"\" src=\"data:image\/svg+xml;base64,PHN2ZyB3aWR0aD0iMSIgaGVpZ2h0PSIxIiB4bWxucz0iaHR0cDovL3d3dy53My5vcmcvMjAwMC9zdmciPjwvc3ZnPg==\" style=\"--smush-placeholder-width: 300px; --smush-placeholder-aspect-ratio: 300\/275;\" \/><\/a><h2 class=\"category-title\"><a aria-label=\"Produktkategorie Werbemittel besuchen\" href=\"https:\/\/strikemaker.com\/fr\/produkt-kategorie\/3-fr\/16-fr\/\">Accessoires (chaussettes, d&eacute;sinfectant, lacets etc.)<\/a><\/h2><\/li><li class=\"product-category product\"><a aria-label=\"Produktkategorie Werbemittel besuchen\" href=\"https:\/\/strikemaker.com\/fr\/produkt-kategorie\/6-fr\/19-fr\/\"><img decoding=\"async\" width=\"300\" height=\"275\" data-src=\"https:\/\/strikemaker.com\/wp-content\/uploads\/sm\/images\/category\/19\/Group-87@2x-300x275.jpg\" class=\"attachment-medium size-medium lazyload\" alt=\"\" src=\"data:image\/svg+xml;base64,PHN2ZyB3aWR0aD0iMSIgaGVpZ2h0PSIxIiB4bWxucz0iaHR0cDovL3d3dy53My5vcmcvMjAwMC9zdmciPjwvc3ZnPg==\" style=\"--smush-placeholder-width: 300px; --smush-placeholder-aspect-ratio: 300\/275;\" \/><\/a><h2 class=\"category-title\"><a aria-label=\"Produktkategorie Werbemittel besuchen\" href=\"https:\/\/strikemaker.com\/fr\/produkt-kategorie\/6-fr\/19-fr\/\">Peluche en forme de Quilles<\/a><\/h2><\/li><li class=\"product-category product\"><a aria-label=\"Produktkategorie Werbemittel besuchen\" href=\"https:\/\/strikemaker.com\/fr\/produkt-kategorie\/4-fr\/22-fr\/\"><img decoding=\"async\" width=\"300\" height=\"275\" data-src=\"https:\/\/strikemaker.com\/wp-content\/uploads\/sm\/images\/category\/22\/sm-SPEZIAL_Rechteckig-300x275.jpg\" class=\"attachment-medium size-medium lazyload\" alt=\"\" src=\"data:image\/svg+xml;base64,PHN2ZyB3aWR0aD0iMSIgaGVpZ2h0PSIxIiB4bWxucz0iaHR0cDovL3d3dy53My5vcmcvMjAwMC9zdmciPjwvc3ZnPg==\" style=\"--smush-placeholder-width: 300px; --smush-placeholder-aspect-ratio: 300\/275;\" \/><\/a><h2 class=\"category-title\"><a aria-label=\"Produktkategorie Werbemittel besuchen\" href=\"https:\/\/strikemaker.com\/fr\/produkt-kategorie\/4-fr\/22-fr\/\">Spezialteile + Werkzeuge<\/a><\/h2><\/li><li class=\"product-category product\"><a aria-label=\"Produktkategorie Werbemittel besuchen\" href=\"https:\/\/strikemaker.com\/fr\/produkt-kategorie\/8-fr\/\"><img decoding=\"async\" width=\"300\" height=\"275\" data-src=\"https:\/\/strikemaker.com\/wp-content\/uploads\/sm\/images\/category\/8\/Group-88@2x-300x275.jpg\" class=\"attachment-medium size-medium lazyload\" alt=\"\" src=\"data:image\/svg+xml;base64,PHN2ZyB3aWR0aD0iMSIgaGVpZ2h0PSIxIiB4bWxucz0iaHR0cDovL3d3dy53My5vcmcvMjAwMC9zdmciPjwvc3ZnPg==\" style=\"--smush-placeholder-width: 300px; --smush-placeholder-aspect-ratio: 300\/275;\" \/><\/a><h2 class=\"category-title\"><a aria-label=\"Produktkategorie Werbemittel besuchen\" href=\"https:\/\/strikemaker.com\/fr\/produkt-kategorie\/8-fr\/\">Migonettes en forme de quilles avec alcool<\/a><\/h2><\/li><li class=\"product-category product\"><a aria-label=\"Produktkategorie Werbemittel besuchen\" href=\"https:\/\/strikemaker.com\/fr\/produkt-kategorie\/9-fr\/\"><img decoding=\"async\" width=\"300\" height=\"275\" data-src=\"https:\/\/strikemaker.com\/wp-content\/uploads\/sm\/images\/category\/9\/Group-91@2x-300x275.jpg\" class=\"attachment-medium size-medium lazyload\" alt=\"\" src=\"data:image\/svg+xml;base64,PHN2ZyB3aWR0aD0iMSIgaGVpZ2h0PSIxIiB4bWxucz0iaHR0cDovL3d3dy53My5vcmcvMjAwMC9zdmciPjwvc3ZnPg==\" style=\"--smush-placeholder-width: 300px; --smush-placeholder-aspect-ratio: 300\/275;\" \/><\/a><h2 class=\"category-title\"><a aria-label=\"Produktkategorie Werbemittel besuchen\" href=\"https:\/\/strikemaker.com\/fr\/produkt-kategorie\/9-fr\/\">Entretien des pistes<\/a><\/h2><\/li><li class=\"product-category product\"><a aria-label=\"Produktkategorie Werbemittel besuchen\" href=\"https:\/\/strikemaker.com\/fr\/produkt-kategorie\/6-fr\/\"><img decoding=\"async\" width=\"300\" height=\"275\" data-src=\"https:\/\/strikemaker.com\/wp-content\/uploads\/sm\/images\/category\/6\/Group-90@2x-300x275.jpg\" class=\"attachment-medium size-medium lazyload\" alt=\"\" src=\"data:image\/svg+xml;base64,PHN2ZyB3aWR0aD0iMSIgaGVpZ2h0PSIxIiB4bWxucz0iaHR0cDovL3d3dy53My5vcmcvMjAwMC9zdmciPjwvc3ZnPg==\" style=\"--smush-placeholder-width: 300px; --smush-placeholder-aspect-ratio: 300\/275;\" \/><\/a><h2 class=\"category-title\"><a aria-label=\"Produktkategorie Werbemittel besuchen\" href=\"https:\/\/strikemaker.com\/fr\/produkt-kategorie\/6-fr\/\">PRO SHOP<\/a><\/h2><\/li><li class=\"product-category product\"><a aria-label=\"Produktkategorie Werbemittel besuchen\" href=\"https:\/\/strikemaker.com\/fr\/produkt-kategorie\/14-fr\/\"><img decoding=\"async\" width=\"300\" height=\"275\" data-src=\"https:\/\/strikemaker.com\/wp-content\/uploads\/sm\/images\/category\/14\/sm-PRIVAT_Rechteckig-300x275.jpg\" class=\"attachment-medium size-medium lazyload\" alt=\"\" src=\"data:image\/svg+xml;base64,PHN2ZyB3aWR0aD0iMSIgaGVpZ2h0PSIxIiB4bWxucz0iaHR0cDovL3d3dy53My5vcmcvMjAwMC9zdmciPjwvc3ZnPg==\" style=\"--smush-placeholder-width: 300px; --smush-placeholder-aspect-ratio: 300\/275;\" \/><\/a><h2 class=\"category-title\"><a aria-label=\"Produktkategorie Werbemittel besuchen\" href=\"https:\/\/strikemaker.com\/fr\/produkt-kategorie\/14-fr\/\">Privat Label<\/a><\/h2><\/li><li class=\"product-category product\"><a aria-label=\"Produktkategorie Werbemittel besuchen\" href=\"https:\/\/strikemaker.com\/fr\/produkt-kategorie\/10-fr\/\"><img decoding=\"async\" width=\"300\" height=\"275\" data-src=\"https:\/\/strikemaker.com\/wp-content\/uploads\/sm\/images\/category\/10\/sm-BUMPER_Rechteckig-300x275.jpg\" class=\"attachment-medium size-medium lazyload\" alt=\"\" src=\"data:image\/svg+xml;base64,PHN2ZyB3aWR0aD0iMSIgaGVpZ2h0PSIxIiB4bWxucz0iaHR0cDovL3d3dy53My5vcmcvMjAwMC9zdmciPjwvc3ZnPg==\" style=\"--smush-placeholder-width: 300px; --smush-placeholder-aspect-ratio: 300\/275;\" \/><\/a><h2 class=\"category-title\"><a aria-label=\"Produktkategorie Werbemittel besuchen\" href=\"https:\/\/strikemaker.com\/fr\/produkt-kategorie\/10-fr\/\">Bumper<\/a><\/h2><\/li><\/ul><\/div><div class=\"text-center mt-50\"><a class=\"btn\" href=\"https:\/\/strikemaker.com\/fr\/boutique\/\">Parcourir les cat\u00e9gories<\/a><\/div>[\/et_pb_code][\/et_pb_column][\/et_pb_row][\/et_pb_section]<\/p>\n","protected":false},"excerpt":{"rendered":"<p>Nous venons de modestes d\u00e9buts \u00e0 Munich &#8211; Allemagne en 1999, o\u00f9 nous avons vendu pour la premi\u00e8re fois des liqueurs dans des bouteilles stylo, ce qui signifie que nos racines viennent r\u00e9ellement de la boisson. Au fil des ann\u00e9es, nous sommes devenus plus sages, nous nous sommes moins concentr\u00e9s sur la boisson et nous [&hellip;]<\/p>\n","protected":false},"author":3,"featured_media":0,"parent":0,"menu_order":0,"comment_status":"closed","ping_status":"closed","template":"","meta":{"_acf_changed":false,"_et_pb_use_builder":"on","_et_pb_old_content":"","_et_gb_content_width":"","footnotes":""},"class_list":["post-1619062","page","type-page","status-publish","hentry"],"acf":[],"_links":{"self":[{"href":"https:\/\/strikemaker.com\/fr\/wp-json\/wp\/v2\/pages\/1619062","targetHints":{"allow":["GET"]}}],"collection":[{"href":"https:\/\/strikemaker.com\/fr\/wp-json\/wp\/v2\/pages"}],"about":[{"href":"https:\/\/strikemaker.com\/fr\/wp-json\/wp\/v2\/types\/page"}],"author":[{"embeddable":true,"href":"https:\/\/strikemaker.com\/fr\/wp-json\/wp\/v2\/users\/3"}],"replies":[{"embeddable":true,"href":"https:\/\/strikemaker.com\/fr\/wp-json\/wp\/v2\/comments?post=1619062"}],"version-history":[{"count":81,"href":"https:\/\/strikemaker.com\/fr\/wp-json\/wp\/v2\/pages\/1619062\/revisions"}],"predecessor-version":[{"id":1623354,"href":"https:\/\/strikemaker.com\/fr\/wp-json\/wp\/v2\/pages\/1619062\/revisions\/1623354"}],"wp:attachment":[{"href":"https:\/\/strikemaker.com\/fr\/wp-json\/wp\/v2\/media?parent=1619062"}],"curies":[{"name":"wp","href":"https:\/\/api.w.org\/{rel}","templated":true}]}}