{"id":1619520,"date":"2024-12-04T14:26:04","date_gmt":"2024-12-04T13:26:04","guid":{"rendered":"https:\/\/strikemaker.com\/?page_id=1619520"},"modified":"2024-12-16T10:38:59","modified_gmt":"2024-12-16T09:38:59","slug":"mentions-legales","status":"publish","type":"page","link":"https:\/\/strikemaker.com\/fr\/mentions-legales\/","title":{"rendered":"Mentions l\u00e9gales"},"content":{"rendered":"<h2>Informations selon \u00a7 5 TMG<\/h2>\n<p>S&amp;M Trading GmbH<br \/>\nM\u00fchlstra\u00dfe 7<br \/>\n83071 Stephanskirchen<\/p>\n<p>Registre du commerce: HRB 16472<br \/>\nTribunal d&rsquo;enregistrement : Tribunal d&rsquo;instance de Traunstein<\/p>\n<p><strong>Repr\u00e9sent\u00e9 par :<\/strong><br \/>\nS&amp;M Trading GmbH<br \/>\nDirecteur g\u00e9n\u00e9ral: Dieter Moherndl<\/p>\n<h2>Contactez<\/h2>\n<p>T\u00e9l\u00e9phone: <a href=\"tel:+33621693451\">+33 621.69.34.51<\/a><br \/>\nT\u00e9l\u00e9copie: <a href=\"tel:+33621693451\">+33 621.69.34.51<\/a><br \/>\nE-mail: <a href=\"mailto:info@strike-maker.com\">info@strike-maker.com<\/a><\/p>\n<h2>Num\u00e9ro de TVA<\/h2>\n<p>Num\u00e9ro d&rsquo;identification de la taxe sur le chiffre d&rsquo;affaires conform\u00e9ment au \u00a7 27 a de la loi sur la taxe sur le chiffre d&rsquo;affaires :<br \/>\nDE812831507<\/p>\n<h2>R\u00e8glement des litiges de l&rsquo;UE<\/h2>\n<p>La Commission europ\u00e9enne met \u00e0 disposition une plateforme de r\u00e8glement en ligne des litiges (RLL) : <a href=\"https:\/\/ec.europa.eu\/consumers\/odr\/\" target=\"_blank\" rel=\"noopener noreferrer\">https:\/\/ec.europa.eu\/consumers\/odr\/<\/a>.<br \/>\nVous trouverez notre adresse e-mail en haut dans les mentions l\u00e9gales.<\/p>\n<h2>R\u00e8glement des litiges de consommation\/organe universel de conciliation<\/h2>\n<p>Nous ne sommes pas pr\u00eats ou oblig\u00e9s de participer \u00e0 des proc\u00e9dures de r\u00e8glement des litiges devant un organisme de conciliation des consommateurs.<\/p>\n<h3>Responsabilit\u00e9 du contenu<\/h3>\n<p>En tant que prestataire de services, nous sommes tenus, conform\u00e9ment au \u00a7 7 al.1 TMG pour ses propres contenus sur ces pages selon les lois g\u00e9n\u00e9rales. Selon les \u00a7\u00a7 8 \u00e0 10 de la loi allemande sur les m\u00e9dias \u00e9lectroniques (TMG), nous ne sommes toutefois pas tenus, en tant que prestataire de services, de surveiller les informations externes transmises ou enregistr\u00e9es ou de rechercher des circonstances indiquant une activit\u00e9 ill\u00e9gale.<\/p>\n<p>Les obligations de supprimer ou de bloquer l&rsquo;utilisation d&rsquo;informations conform\u00e9ment aux lois g\u00e9n\u00e9rales restent inchang\u00e9es. Une responsabilit\u00e9 \u00e0 cet \u00e9gard n&rsquo;est toutefois possible qu&rsquo;\u00e0 partir du moment o\u00f9 une violation concr\u00e8te de la loi est connue. D\u00e8s que nous aurons connaissance de telles violations, nous retirerons imm\u00e9diatement ces contenus.<\/p>\n<h3>Responsabilit\u00e9 pour les liens<\/h3>\n<p>Notre offre contient des liens vers des sites web externes de tiers, sur le contenu desquels nous n&rsquo;avons aucune influence. C&rsquo;est pourquoi nous ne pouvons pas non plus nous porter garants de ces contenus \u00e9trangers. Le fournisseur ou l&rsquo;exploitant des pages li\u00e9es est toujours responsable du contenu de ces pages. Les pages li\u00e9es ont \u00e9t\u00e9 v\u00e9rifi\u00e9es au moment de la cr\u00e9ation du lien afin de s&rsquo;assurer qu&rsquo;elles n&rsquo;enfreignaient pas la loi. Aucun contenu ill\u00e9gal n&rsquo;a \u00e9t\u00e9 identifi\u00e9 au moment de la cr\u00e9ation des liens.<\/p>\n<p>Un contr\u00f4le permanent du contenu des pages li\u00e9es n&rsquo;est toutefois pas exigible sans indices concrets d&rsquo;une violation de la loi. D\u00e8s que nous aurons connaissance de violations de la loi, nous supprimerons imm\u00e9diatement de tels liens.<\/p>\n<h3>Droit d&rsquo;auteur<\/h3>\n<p>Les contenus et \u0153uvres cr\u00e9\u00e9s par les exploitants de ces pages sont soumis au droit d&rsquo;auteur allemand. La reproduction, le traitement, la diffusion et toute forme d&rsquo;exploitation en dehors des limites du droit d&rsquo;auteur requi\u00e8rent l&rsquo;accord \u00e9crit de l&rsquo;auteur ou du cr\u00e9ateur concern\u00e9. Les t\u00e9l\u00e9chargements et les copies de cette page ne sont autoris\u00e9s que pour un usage priv\u00e9 et non commercial.<\/p>\n<p>Dans la mesure o\u00f9 les contenus de ce site n&rsquo;ont pas \u00e9t\u00e9 cr\u00e9\u00e9s par l&rsquo;exploitant, les droits d&rsquo;auteur de tiers sont respect\u00e9s. En particulier, les contenus de tiers sont identifi\u00e9s comme tels. Si vous deviez n\u00e9anmoins constater une violation des droits d&rsquo;auteur, nous vous prions de nous en informer. D\u00e8s que nous aurons connaissance d&rsquo;une violation de la loi, nous supprimerons imm\u00e9diatement de tels contenus.<\/p>\n<h2>Conception et programmation de sites web<\/h2>\n<p>Corporate Meta Agentur &#8211; <a href=\"https:\/\/corporatemeta.de\" target=\"_blank\" rel=\"noopener\">www.corporatemeta.de<\/a><\/p>\n","protected":false},"excerpt":{"rendered":"<p>Informations selon \u00a7 5 TMG S&amp;M Trading GmbH M\u00fchlstra\u00dfe 7 83071 Stephanskirchen Registre du commerce: HRB 16472 Tribunal d&rsquo;enregistrement : Tribunal d&rsquo;instance de Traunstein Repr\u00e9sent\u00e9 par : S&amp;M Trading GmbH Directeur g\u00e9n\u00e9ral: Dieter Moherndl Contactez T\u00e9l\u00e9phone: +33 621.69.34.51 T\u00e9l\u00e9copie: +33 621.69.34.51 E-mail: info@strike-maker.com Num\u00e9ro de TVA Num\u00e9ro d&rsquo;identification de la taxe sur le chiffre d&rsquo;affaires [&hellip;]<\/p>\n","protected":false},"author":16829,"featured_media":0,"parent":0,"menu_order":0,"comment_status":"closed","ping_status":"closed","template":"","meta":{"_acf_changed":false,"_et_pb_use_builder":"","_et_pb_old_content":"","_et_gb_content_width":"","footnotes":""},"class_list":["post-1619520","page","type-page","status-publish","hentry"],"acf":[],"_links":{"self":[{"href":"https:\/\/strikemaker.com\/fr\/wp-json\/wp\/v2\/pages\/1619520","targetHints":{"allow":["GET"]}}],"collection":[{"href":"https:\/\/strikemaker.com\/fr\/wp-json\/wp\/v2\/pages"}],"about":[{"href":"https:\/\/strikemaker.com\/fr\/wp-json\/wp\/v2\/types\/page"}],"author":[{"embeddable":true,"href":"https:\/\/strikemaker.com\/fr\/wp-json\/wp\/v2\/users\/16829"}],"replies":[{"embeddable":true,"href":"https:\/\/strikemaker.com\/fr\/wp-json\/wp\/v2\/comments?post=1619520"}],"version-history":[{"count":3,"href":"https:\/\/strikemaker.com\/fr\/wp-json\/wp\/v2\/pages\/1619520\/revisions"}],"predecessor-version":[{"id":1620334,"href":"https:\/\/strikemaker.com\/fr\/wp-json\/wp\/v2\/pages\/1619520\/revisions\/1620334"}],"wp:attachment":[{"href":"https:\/\/strikemaker.com\/fr\/wp-json\/wp\/v2\/media?parent=1619520"}],"curies":[{"name":"wp","href":"https:\/\/api.w.org\/{rel}","templated":true}]}}