{"id":1642238,"date":"2025-10-10T10:32:29","date_gmt":"2025-10-10T09:32:29","guid":{"rendered":"https:\/\/strikemaker.com\/merci-reinitialisation-mot-de-passe\/"},"modified":"2025-10-10T10:32:31","modified_gmt":"2025-10-10T09:32:31","slug":"merci-reinitialisation-mot-de-passe","status":"publish","type":"page","link":"https:\/\/strikemaker.com\/fr\/merci-reinitialisation-mot-de-passe\/","title":{"rendered":"Merci beaucoup &#8211; R\u00e9initialisation du mot de passe"},"content":{"rendered":"<p>[et_pb_section fb_built=\u00a0\u00bb1&Prime; admin_label=\u00a0\u00bbsection\u00a0\u00bb _builder_version=\u00a0\u00bb4.16&Prime; global_colors_info=\u00a0\u00bb{}\u00a0\u00bb theme_builder_area=\u00a0\u00bbpost_content\u00a0\u00bb][et_pb_row admin_label=\u00a0\u00bbrow\u00a0\u00bb module_class=\u00a0\u00bbsm-section-bg\u00a0\u00bb _builder_version=\u00a0\u00bb4.27.4&Prime; background_size=\u00a0\u00bbinitial\u00a0\u00bb background_position=\u00a0\u00bbtop_left\u00a0\u00bb background_repeat=\u00a0\u00bbrepeat\u00a0\u00bb global_colors_info=\u00a0\u00bb{}\u00a0\u00bb theme_builder_area=\u00a0\u00bbpost_content\u00a0\u00bb][et_pb_column type=\u00a0\u00bb4_4&Prime; _builder_version=\u00a0\u00bb4.16&Prime; custom_padding=\u00a0\u00bb|||\u00a0\u00bb global_colors_info=\u00a0\u00bb{}\u00a0\u00bb custom_padding__hover=\u00a0\u00bb|||\u00a0\u00bb theme_builder_area=\u00a0\u00bbpost_content\u00a0\u00bb][et_pb_heading title=\u00a0\u00bbMerci beaucoup\u00a0\u00bb admin_label=\u00a0\u00bbHeading\u00a0\u00bb _builder_version=\u00a0\u00bb4.27.4&Prime; _module_preset=\u00a0\u00bbdefault\u00a0\u00bb title_text_align=\u00a0\u00bbcenter\u00a0\u00bb global_colors_info=\u00a0\u00bb{}\u00a0\u00bb theme_builder_area=\u00a0\u00bbpost_content\u00a0\u00bb][\/et_pb_heading][et_pb_text admin_label=\u00a0\u00bbText\u00a0\u00bb _builder_version=\u00a0\u00bb4.27.4&Prime; _module_preset=\u00a0\u00bbdefault\u00a0\u00bb global_colors_info=\u00a0\u00bb{}\u00a0\u00bb theme_builder_area=\u00a0\u00bbpost_content\u00a0\u00bb]<\/p>\n<p>Un e-mail contenant un lien pour cr\u00e9er ou r\u00e9initialiser votre mot de passe a \u00e9t\u00e9 envoy\u00e9 \u00e0 votre messagerie.<\/p>\n<p>Veuillez suivre les instructions figurant dans l&rsquo;e-mail.<\/p>\n<p class=\"sm-account-form-contact-link\">Si vous n&rsquo;avez pas re\u00e7u d&rsquo;e-mail, <strong>v\u00e9rifiez \u00e9galement votre dossier SPAM<\/strong>.<br \/>Si toutefois vous rencontrez des probl\u00e8mes, veuillez nous contacter \u00e0 l&rsquo;adresse suivante : <a href=\"mailto:info@strike-maker.com\">info@strike-maker.com<\/a><\/p>\n<p>[\/et_pb_text][\/et_pb_column][\/et_pb_row][\/et_pb_section]<\/p>\n","protected":false},"excerpt":{"rendered":"<p>Un e-mail contenant un lien pour cr\u00e9er ou r\u00e9initialiser votre mot de passe a \u00e9t\u00e9 envoy\u00e9 \u00e0 votre messagerie. Veuillez suivre les instructions figurant dans l&rsquo;e-mail. Si vous n&rsquo;avez pas re\u00e7u d&rsquo;e-mail, v\u00e9rifiez \u00e9galement votre dossier SPAM.Si toutefois vous rencontrez des probl\u00e8mes, veuillez nous contacter \u00e0 l&rsquo;adresse suivante : info@strike-maker.com<\/p>\n","protected":false},"author":16829,"featured_media":0,"parent":0,"menu_order":0,"comment_status":"closed","ping_status":"closed","template":"","meta":{"_acf_changed":false,"_et_pb_use_builder":"on","_et_pb_old_content":"","_et_gb_content_width":"","footnotes":""},"class_list":["post-1642238","page","type-page","status-publish","hentry"],"acf":[],"_links":{"self":[{"href":"https:\/\/strikemaker.com\/fr\/wp-json\/wp\/v2\/pages\/1642238","targetHints":{"allow":["GET"]}}],"collection":[{"href":"https:\/\/strikemaker.com\/fr\/wp-json\/wp\/v2\/pages"}],"about":[{"href":"https:\/\/strikemaker.com\/fr\/wp-json\/wp\/v2\/types\/page"}],"author":[{"embeddable":true,"href":"https:\/\/strikemaker.com\/fr\/wp-json\/wp\/v2\/users\/16829"}],"replies":[{"embeddable":true,"href":"https:\/\/strikemaker.com\/fr\/wp-json\/wp\/v2\/comments?post=1642238"}],"version-history":[{"count":2,"href":"https:\/\/strikemaker.com\/fr\/wp-json\/wp\/v2\/pages\/1642238\/revisions"}],"predecessor-version":[{"id":1642240,"href":"https:\/\/strikemaker.com\/fr\/wp-json\/wp\/v2\/pages\/1642238\/revisions\/1642240"}],"wp:attachment":[{"href":"https:\/\/strikemaker.com\/fr\/wp-json\/wp\/v2\/media?parent=1642238"}],"curies":[{"name":"wp","href":"https:\/\/api.w.org\/{rel}","templated":true}]}}