{"id":1561821,"date":"2023-04-12T15:35:46","date_gmt":"2023-04-12T14:35:46","guid":{"rendered":"https:\/\/strikemaker.com\/?post_type=product&#038;p=1561821"},"modified":"2026-04-16T10:46:08","modified_gmt":"2026-04-16T09:46:08","slug":"quille-de-bowling-glow-in-the-dark","status":"publish","type":"product","link":"https:\/\/strikemaker.com\/fr\/product\/quille-de-bowling-glow-in-the-dark\/","title":{"rendered":"Quille de bowling, Glow in the Dark"},"content":{"rendered":"<p>Quilles de bowling de qualit\u00e9 sup\u00e9rieure. Erable canadien recouvert de Surlyn : mati\u00e8re synth\u00e9tique. \u201eGlow in the Dark\u201cPour les centres de bowling attendant des quilles un rapport optimal entre le prix et la qualit\u00e9.  USBC \/ ABC \/ WIBC homologu\u00e9es \u2013 No. 505. Erable canadien recouvert de Surlyn. \u201eGlow in the Dark\u201c \u2013 fluorescent.. Disponibles aussi en blanc, orange et jaune. Mati\u00e8re synth\u00e9tique teint\u00e9e dans la masse  Base circulaire en nylon patent\u00e9e, r\u00e9sistantes u000b   et antid\u00e9rapantes sur le Pindeck.  disponibles aussi avec des trous pour machinerie.<\/p>\n","protected":false},"excerpt":{"rendered":"<p>Quille de bowling, Glow in the Dark<\/p>\n","protected":false},"featured_media":1552999,"comment_status":"closed","ping_status":"closed","template":"","meta":{"_acf_changed":false,"_et_pb_use_builder":"","_et_pb_old_content":"","_et_gb_content_width":""},"product_brand":[],"product_cat":[3221],"product_tag":[],"class_list":{"0":"post-1561821","1":"product","2":"type-product","3":"status-publish","4":"has-post-thumbnail","6":"product_cat-7-fr","7":"pa_bohrung-fore","8":"pa_bohrung-non-perce","9":"pa_farbe-jaune","10":"pa_farbe-gold-fr","11":"pa_farbe-orange-fr","12":"pa_farbe-argent","13":"pa_farbe-blanc","15":"first","16":"outofstock","17":"shipping-taxable","18":"product-type-variable"},"acf":[],"_links":{"self":[{"href":"https:\/\/strikemaker.com\/fr\/wp-json\/wp\/v2\/product\/1561821","targetHints":{"allow":["GET"]}}],"collection":[{"href":"https:\/\/strikemaker.com\/fr\/wp-json\/wp\/v2\/product"}],"about":[{"href":"https:\/\/strikemaker.com\/fr\/wp-json\/wp\/v2\/types\/product"}],"replies":[{"embeddable":true,"href":"https:\/\/strikemaker.com\/fr\/wp-json\/wp\/v2\/comments?post=1561821"}],"wp:featuredmedia":[{"embeddable":true,"href":"https:\/\/strikemaker.com\/fr\/wp-json\/wp\/v2\/media\/1552999"}],"wp:attachment":[{"href":"https:\/\/strikemaker.com\/fr\/wp-json\/wp\/v2\/media?parent=1561821"}],"wp:term":[{"taxonomy":"product_brand","embeddable":true,"href":"https:\/\/strikemaker.com\/fr\/wp-json\/wp\/v2\/product_brand?post=1561821"},{"taxonomy":"product_cat","embeddable":true,"href":"https:\/\/strikemaker.com\/fr\/wp-json\/wp\/v2\/product_cat?post=1561821"},{"taxonomy":"product_tag","embeddable":true,"href":"https:\/\/strikemaker.com\/fr\/wp-json\/wp\/v2\/product_tag?post=1561821"}],"curies":[{"name":"wp","href":"https:\/\/api.w.org\/{rel}","templated":true}]}}