{"id":1561834,"date":"2023-04-12T15:35:48","date_gmt":"2023-04-12T14:35:48","guid":{"rendered":"https:\/\/strikemaker.com\/?post_type=product&#038;p=1561834"},"modified":"2024-09-11T09:45:09","modified_gmt":"2024-09-11T08:45:09","slug":"lane-cleaning-cloth-hq-duster-roll","status":"publish","type":"product","link":"https:\/\/strikemaker.com\/fr\/product\/lane-cleaning-cloth-hq-duster-roll\/","title":{"rendered":"LANE CLEANING CLOTH HQ \u2013 Rouleau de nettoyage"},"content":{"rendered":"<p>Entretien des pistes &#8211; Duster Roll &#8211; buvards en rouleau<br \/>Ce nouveau genre de Duster Cloth  nettoie et s\u00e8che les pistes comme on l&rsquo;avait jamais vu auparavant. Test\u00e9 avec tous les mod\u00e8les de machines en circulation.<br \/>Un prix imbattable!<br \/>Extr\u00eamement absorbant &#8211; Enl\u00e8ve la poussi\u00e8re et la salet\u00e9 et s\u00e8ches parfaitement les pistes avant d&rsquo;appliquer l&rsquo;huile.<br \/>ADAPT\u00c9 POUR TOUT TYPE DE MACHINE \u00e0 HUILE, POUR NETTOYAGE ET POUR TOUTE SURFACE.<br \/>Facile \u00e0 utiliser &#8211; Quick-Change Core System plastique<br \/>ADH\u00c9SIF sue le deux c\u00f4t\u00e9s pour attacher facilement le Duster Cloth.<br \/>Jusqu&rsquo;\u00e0 400 pistes par rouleau<br \/>20 yards = 18.30 m. par rouleau<br \/>4 rouleaux par carton.<\/p>\n","protected":false},"excerpt":{"rendered":"<p>LANE CLEANING CLOTH HQ \u2013 Rouleau de nettoyage<\/p>\n","protected":false},"featured_media":1553269,"comment_status":"closed","ping_status":"closed","template":"","meta":{"_acf_changed":false,"_et_pb_use_builder":"","_et_pb_old_content":"","_et_gb_content_width":""},"product_brand":[],"product_cat":[3235],"product_tag":[],"class_list":{"0":"post-1561834","1":"product","2":"type-product","3":"status-publish","4":"has-post-thumbnail","6":"product_cat-9-fr","8":"first","9":"onbackorder","10":"shipping-taxable","11":"product-type-simple"},"acf":[],"_links":{"self":[{"href":"https:\/\/strikemaker.com\/fr\/wp-json\/wp\/v2\/product\/1561834","targetHints":{"allow":["GET"]}}],"collection":[{"href":"https:\/\/strikemaker.com\/fr\/wp-json\/wp\/v2\/product"}],"about":[{"href":"https:\/\/strikemaker.com\/fr\/wp-json\/wp\/v2\/types\/product"}],"replies":[{"embeddable":true,"href":"https:\/\/strikemaker.com\/fr\/wp-json\/wp\/v2\/comments?post=1561834"}],"wp:featuredmedia":[{"embeddable":true,"href":"https:\/\/strikemaker.com\/fr\/wp-json\/wp\/v2\/media\/1553269"}],"wp:attachment":[{"href":"https:\/\/strikemaker.com\/fr\/wp-json\/wp\/v2\/media?parent=1561834"}],"wp:term":[{"taxonomy":"product_brand","embeddable":true,"href":"https:\/\/strikemaker.com\/fr\/wp-json\/wp\/v2\/product_brand?post=1561834"},{"taxonomy":"product_cat","embeddable":true,"href":"https:\/\/strikemaker.com\/fr\/wp-json\/wp\/v2\/product_cat?post=1561834"},{"taxonomy":"product_tag","embeddable":true,"href":"https:\/\/strikemaker.com\/fr\/wp-json\/wp\/v2\/product_tag?post=1561834"}],"curies":[{"name":"wp","href":"https:\/\/api.w.org\/{rel}","templated":true}]}}