{"id":1561849,"date":"2023-04-12T15:35:51","date_gmt":"2023-04-12T14:35:51","guid":{"rendered":"https:\/\/strikemaker.com\/?post_type=product&#038;p=1561849"},"modified":"2026-04-05T13:10:09","modified_gmt":"2026-04-05T12:10:09","slug":"quilles-de-bowling-fluo-homologues-usbc-505","status":"publish","type":"product","link":"https:\/\/strikemaker.com\/fr\/product\/quilles-de-bowling-fluo-homologues-usbc-505\/","title":{"rendered":"QUILLES DE BOWLING, fluo, homologu\u00e9s USBC 505"},"content":{"rendered":"<p>Quilles de bowling blanches de qualit\u00e9 sup\u00e9rieure. Erable canadien recouvert de plastique renforc\u00e9e: mati\u00e8re synth\u00e9tique. <br \/>Glow in the Dark.<br \/>Pour les centres de bowling attendant des quilles un rapport optimal entre le prix et la qualit\u00e9. <br \/>&#8211; USBC \/ ABC \/ WIBC homologu\u00e9es  No. 505.<br \/>&#8211; Erable canadien recouvert de mati\u00e8re plastique sp\u00e9cial.<br \/>&#8211; Glow in the Dark, fluorescent.<br \/>&#8211; Disponibles aussi en orange, jaune et autres couleures.<br \/>&#8211; Mati\u00e8re synth\u00e9tique teint\u00e9e dans la masse <br \/>&#8211; disponibles aussi avec des trous pour machinerie.<\/p>\n","protected":false},"excerpt":{"rendered":"<p>QUILLES DE BOWLING, fluo, homologu\u00e9s USBC 505<\/p>\n","protected":false},"featured_media":1553455,"comment_status":"closed","ping_status":"closed","template":"","meta":{"_acf_changed":false,"_et_pb_use_builder":"","_et_pb_old_content":"","_et_gb_content_width":""},"product_brand":[],"product_cat":[3221],"product_tag":[],"class_list":{"0":"post-1561849","1":"product","2":"type-product","3":"status-publish","4":"has-post-thumbnail","6":"product_cat-7-fr","7":"pa_bohrung-non-perce","8":"pa_bohrung-fore","9":"pa_farbe-jaune","10":"pa_farbe-gold-fr","11":"pa_farbe-orange-fr","12":"pa_farbe-argent","13":"pa_farbe-blanc","15":"first","16":"outofstock","17":"shipping-taxable","18":"product-type-variable"},"acf":[],"_links":{"self":[{"href":"https:\/\/strikemaker.com\/fr\/wp-json\/wp\/v2\/product\/1561849","targetHints":{"allow":["GET"]}}],"collection":[{"href":"https:\/\/strikemaker.com\/fr\/wp-json\/wp\/v2\/product"}],"about":[{"href":"https:\/\/strikemaker.com\/fr\/wp-json\/wp\/v2\/types\/product"}],"replies":[{"embeddable":true,"href":"https:\/\/strikemaker.com\/fr\/wp-json\/wp\/v2\/comments?post=1561849"}],"wp:featuredmedia":[{"embeddable":true,"href":"https:\/\/strikemaker.com\/fr\/wp-json\/wp\/v2\/media\/1553455"}],"wp:attachment":[{"href":"https:\/\/strikemaker.com\/fr\/wp-json\/wp\/v2\/media?parent=1561849"}],"wp:term":[{"taxonomy":"product_brand","embeddable":true,"href":"https:\/\/strikemaker.com\/fr\/wp-json\/wp\/v2\/product_brand?post=1561849"},{"taxonomy":"product_cat","embeddable":true,"href":"https:\/\/strikemaker.com\/fr\/wp-json\/wp\/v2\/product_cat?post=1561849"},{"taxonomy":"product_tag","embeddable":true,"href":"https:\/\/strikemaker.com\/fr\/wp-json\/wp\/v2\/product_tag?post=1561849"}],"curies":[{"name":"wp","href":"https:\/\/api.w.org\/{rel}","templated":true}]}}