{"id":1561872,"date":"2023-04-12T15:35:56","date_gmt":"2023-04-12T14:35:56","guid":{"rendered":"https:\/\/strikemaker.com\/?post_type=product&#038;p=1561872"},"modified":"2026-04-05T16:43:22","modified_gmt":"2026-04-05T15:43:22","slug":"quille-tirelire-carton-25-pieces","status":"publish","type":"product","link":"https:\/\/strikemaker.com\/fr\/product\/quille-tirelire-carton-25-pieces\/","title":{"rendered":"Quille Tirelire (UC 25 Pi\u00e8ces)"},"content":{"rendered":"<p>Le cadeau \u00e9pargne pour jeunes et vieux. Tout le monde doit \u00e9conomiser!<br \/>ca. 22 cm hauteur,<br \/>materiau plastique,<br \/>partie devant imprimee,<br \/>derriere en blanc,<br \/>25 unites par carton.<\/p>\n","protected":false},"excerpt":{"rendered":"<p>Quille Tirelire (UC 25 Pi\u00e8ces)<\/p>\n","protected":false},"featured_media":1553815,"comment_status":"closed","ping_status":"closed","template":"","meta":{"_acf_changed":false,"_et_pb_use_builder":"","_et_pb_old_content":"","_et_gb_content_width":""},"product_brand":[],"product_cat":[3214],"product_tag":[],"class_list":{"0":"post-1561872","1":"product","2":"type-product","3":"status-publish","4":"has-post-thumbnail","6":"product_cat-6-fr","8":"first","9":"instock","10":"shipping-taxable","11":"product-type-simple"},"acf":[],"_links":{"self":[{"href":"https:\/\/strikemaker.com\/fr\/wp-json\/wp\/v2\/product\/1561872","targetHints":{"allow":["GET"]}}],"collection":[{"href":"https:\/\/strikemaker.com\/fr\/wp-json\/wp\/v2\/product"}],"about":[{"href":"https:\/\/strikemaker.com\/fr\/wp-json\/wp\/v2\/types\/product"}],"replies":[{"embeddable":true,"href":"https:\/\/strikemaker.com\/fr\/wp-json\/wp\/v2\/comments?post=1561872"}],"wp:featuredmedia":[{"embeddable":true,"href":"https:\/\/strikemaker.com\/fr\/wp-json\/wp\/v2\/media\/1553815"}],"wp:attachment":[{"href":"https:\/\/strikemaker.com\/fr\/wp-json\/wp\/v2\/media?parent=1561872"}],"wp:term":[{"taxonomy":"product_brand","embeddable":true,"href":"https:\/\/strikemaker.com\/fr\/wp-json\/wp\/v2\/product_brand?post=1561872"},{"taxonomy":"product_cat","embeddable":true,"href":"https:\/\/strikemaker.com\/fr\/wp-json\/wp\/v2\/product_cat?post=1561872"},{"taxonomy":"product_tag","embeddable":true,"href":"https:\/\/strikemaker.com\/fr\/wp-json\/wp\/v2\/product_tag?post=1561872"}],"curies":[{"name":"wp","href":"https:\/\/api.w.org\/{rel}","templated":true}]}}