{"id":1561879,"date":"2023-04-12T15:35:57","date_gmt":"2023-04-12T14:35:57","guid":{"rendered":"https:\/\/strikemaker.com\/?post_type=product&#038;p=1561879"},"modified":"2026-04-05T12:55:32","modified_gmt":"2026-04-05T11:55:32","slug":"detergent-pour-piste-strike-clean-5-litres","status":"publish","type":"product","link":"https:\/\/strikemaker.com\/fr\/product\/detergent-pour-piste-strike-clean-5-litres\/","title":{"rendered":"D\u00e9tergent pour piste \u00ab\u00a0STRIKE CLEAN\u00a0\u00bb 5 litres"},"content":{"rendered":"<p>Nous vous proposons un d\u00e9tergent universel \u00e9galement utilisablepour les surfaces en polyester ainsi que sur certaine pi\u00e8ces des machineries.<br \/>II se pr\u00e9sente sous forme de concentr\u00e9 \u00e1 diluer avec de l\u2019eau \u00e1 hauteur de 1 dose de produit pour 4 \u00e116 doses d\u2019eau.<br \/>Disponible en bidon de 10 litres<\/p>\n","protected":false},"excerpt":{"rendered":"<p>D\u00e9tergent pour piste \u00ab\u00a0STRIKE CLEAN\u00a0\u00bb 5 litres<\/p>\n","protected":false},"featured_media":1554655,"comment_status":"closed","ping_status":"closed","template":"","meta":{"_acf_changed":false,"_et_pb_use_builder":"","_et_pb_old_content":"","_et_gb_content_width":""},"product_brand":[],"product_cat":[3235],"product_tag":[],"class_list":{"0":"post-1561879","1":"product","2":"type-product","3":"status-publish","4":"has-post-thumbnail","6":"product_cat-9-fr","7":"pa_abmessungen-5-l-fr","9":"first","10":"instock","11":"shipping-taxable","12":"product-type-simple"},"acf":[],"_links":{"self":[{"href":"https:\/\/strikemaker.com\/fr\/wp-json\/wp\/v2\/product\/1561879","targetHints":{"allow":["GET"]}}],"collection":[{"href":"https:\/\/strikemaker.com\/fr\/wp-json\/wp\/v2\/product"}],"about":[{"href":"https:\/\/strikemaker.com\/fr\/wp-json\/wp\/v2\/types\/product"}],"replies":[{"embeddable":true,"href":"https:\/\/strikemaker.com\/fr\/wp-json\/wp\/v2\/comments?post=1561879"}],"wp:featuredmedia":[{"embeddable":true,"href":"https:\/\/strikemaker.com\/fr\/wp-json\/wp\/v2\/media\/1554655"}],"wp:attachment":[{"href":"https:\/\/strikemaker.com\/fr\/wp-json\/wp\/v2\/media?parent=1561879"}],"wp:term":[{"taxonomy":"product_brand","embeddable":true,"href":"https:\/\/strikemaker.com\/fr\/wp-json\/wp\/v2\/product_brand?post=1561879"},{"taxonomy":"product_cat","embeddable":true,"href":"https:\/\/strikemaker.com\/fr\/wp-json\/wp\/v2\/product_cat?post=1561879"},{"taxonomy":"product_tag","embeddable":true,"href":"https:\/\/strikemaker.com\/fr\/wp-json\/wp\/v2\/product_tag?post=1561879"}],"curies":[{"name":"wp","href":"https:\/\/api.w.org\/{rel}","templated":true}]}}