{"id":1561886,"date":"2023-04-12T15:35:59","date_gmt":"2023-04-12T14:35:59","guid":{"rendered":"https:\/\/strikemaker.com\/?post_type=product&#038;p=1561886"},"modified":"2026-04-04T14:01:28","modified_gmt":"2026-04-04T13:01:28","slug":"sm-11-635201-000-transport-band-carpet-high-quality-2020x1440x3-5-short-pit","status":"publish","type":"product","link":"https:\/\/strikemaker.com\/fr\/product\/sm-11-635201-000-transport-band-carpet-high-quality-2020x1440x3-5-short-pit\/","title":{"rendered":"SM-11-635201-000 Transport Band HQ (2020 x 1440 x 3.5) Short Pit"},"content":{"rendered":"<p>TAPIS HQ (2020x1440x3.5) Short Pit             <br \/>CARACT\u00c9RISTIQUES ID\u00c9ALES POUR LE TRANSPORT DE QUILLESDur\u00e9e tr\u00e9s longue sans entretien.<br \/>Depuis 6 ans en utilisation continu !!!<br \/>CAOUTCHOUC et pas de PVC ou bien PU.<br \/>100% resistant au d\u00e9tergent et l&rsquo;huile.<br \/>Facile \u00e0 nettoyer.<br \/>Mat\u00e9riel sp\u00e9cial ne se d\u00e9forme pas dans la largeur et la longueur.<br \/>GS92-GSX<\/p>\n","protected":false},"excerpt":{"rendered":"<p>SM-11-635201-000 Transport Band HQ (2020 x 1440 x 3.5) Short Pit<\/p>\n","protected":false},"featured_media":1554721,"comment_status":"closed","ping_status":"closed","template":"","meta":{"_acf_changed":false,"_et_pb_use_builder":"","_et_pb_old_content":"","_et_gb_content_width":""},"product_brand":[],"product_cat":[3319],"product_tag":[],"class_list":{"0":"post-1561886","1":"product","2":"type-product","3":"status-publish","4":"has-post-thumbnail","6":"product_cat-24-fr","8":"first","9":"instock","10":"shipping-taxable","11":"product-type-simple"},"acf":[],"_links":{"self":[{"href":"https:\/\/strikemaker.com\/fr\/wp-json\/wp\/v2\/product\/1561886","targetHints":{"allow":["GET"]}}],"collection":[{"href":"https:\/\/strikemaker.com\/fr\/wp-json\/wp\/v2\/product"}],"about":[{"href":"https:\/\/strikemaker.com\/fr\/wp-json\/wp\/v2\/types\/product"}],"replies":[{"embeddable":true,"href":"https:\/\/strikemaker.com\/fr\/wp-json\/wp\/v2\/comments?post=1561886"}],"wp:featuredmedia":[{"embeddable":true,"href":"https:\/\/strikemaker.com\/fr\/wp-json\/wp\/v2\/media\/1554721"}],"wp:attachment":[{"href":"https:\/\/strikemaker.com\/fr\/wp-json\/wp\/v2\/media?parent=1561886"}],"wp:term":[{"taxonomy":"product_brand","embeddable":true,"href":"https:\/\/strikemaker.com\/fr\/wp-json\/wp\/v2\/product_brand?post=1561886"},{"taxonomy":"product_cat","embeddable":true,"href":"https:\/\/strikemaker.com\/fr\/wp-json\/wp\/v2\/product_cat?post=1561886"},{"taxonomy":"product_tag","embeddable":true,"href":"https:\/\/strikemaker.com\/fr\/wp-json\/wp\/v2\/product_tag?post=1561886"}],"curies":[{"name":"wp","href":"https:\/\/api.w.org\/{rel}","templated":true}]}}