{"id":1561890,"date":"2023-04-12T15:36:00","date_gmt":"2023-04-12T14:36:00","guid":{"rendered":"https:\/\/strikemaker.com\/?post_type=product&#038;p=1561890"},"modified":"2026-04-21T08:37:38","modified_gmt":"2026-04-21T07:37:38","slug":"sm-47-022531-000-overflow-sock-2","status":"publish","type":"product","link":"https:\/\/strikemaker.com\/fr\/product\/sm-47-022531-000-overflow-sock-2\/","title":{"rendered":"SM-47-022531-000 Overflow Sock"},"content":{"rendered":"<p>CHAUSETTE DE DEBORDEMENT<br \/>STRIKE MAKER &#8211; PATENTED OVERFLOW SOCK<br \/>Mat\u00e9riel renforc\u00e9 de haute qualit\u00e9 pour une dur\u00e9e de vie maximale<br \/>Manchon dot\u00e9 d&rsquo;un astucieux renforcement des paroies lat\u00e9rale et du pied. Ce renforcement prolongera durablement la  dur\u00e9e de vie de la piece et contribura de mani\u00e8re efficace \u00e1 \u00e9liminer les embouteillages de quilles. <br \/>L&rsquo;extr\u00e9mit\u00e9 semi-rigide l\u00e9g\u00e9rement coud\u00e9e permet un d\u00e9pos en douceur de la quille sur le tapis <br \/>LA FIN DES EMBOUTEILLAGES!!!<br \/>DEMANDEZ AUSSI:<br \/>SM-11-603301-000 Chute Overflow Sock<br \/>47-092529-000 sock white &#8211; 47-092529-000 sock heavy duty white<\/p>\n","protected":false},"excerpt":{"rendered":"<p>SM-47-022531-000 Overflow Sock<\/p>\n","protected":false},"featured_media":1554751,"comment_status":"closed","ping_status":"closed","template":"","meta":{"_acf_changed":false,"_et_pb_use_builder":"","_et_pb_old_content":"","_et_gb_content_width":""},"product_brand":[],"product_cat":[3326],"product_tag":[],"class_list":{"0":"post-1561890","1":"product","2":"type-product","3":"status-publish","4":"has-post-thumbnail","6":"product_cat-25-fr","8":"first","9":"instock","10":"shipping-taxable","11":"product-type-simple"},"acf":[],"_links":{"self":[{"href":"https:\/\/strikemaker.com\/fr\/wp-json\/wp\/v2\/product\/1561890","targetHints":{"allow":["GET"]}}],"collection":[{"href":"https:\/\/strikemaker.com\/fr\/wp-json\/wp\/v2\/product"}],"about":[{"href":"https:\/\/strikemaker.com\/fr\/wp-json\/wp\/v2\/types\/product"}],"replies":[{"embeddable":true,"href":"https:\/\/strikemaker.com\/fr\/wp-json\/wp\/v2\/comments?post=1561890"}],"wp:featuredmedia":[{"embeddable":true,"href":"https:\/\/strikemaker.com\/fr\/wp-json\/wp\/v2\/media\/1554751"}],"wp:attachment":[{"href":"https:\/\/strikemaker.com\/fr\/wp-json\/wp\/v2\/media?parent=1561890"}],"wp:term":[{"taxonomy":"product_brand","embeddable":true,"href":"https:\/\/strikemaker.com\/fr\/wp-json\/wp\/v2\/product_brand?post=1561890"},{"taxonomy":"product_cat","embeddable":true,"href":"https:\/\/strikemaker.com\/fr\/wp-json\/wp\/v2\/product_cat?post=1561890"},{"taxonomy":"product_tag","embeddable":true,"href":"https:\/\/strikemaker.com\/fr\/wp-json\/wp\/v2\/product_tag?post=1561890"}],"curies":[{"name":"wp","href":"https:\/\/api.w.org\/{rel}","templated":true}]}}