{"id":1561907,"date":"2023-04-12T15:00:12","date_gmt":"2023-04-12T14:36:04","guid":{"rendered":"https:\/\/strikemaker.com\/?post_type=product&#038;p=1561907"},"modified":"2026-04-04T14:01:31","modified_gmt":"2026-04-04T13:01:31","slug":"desodorant-spray-citron-99-alcohol-12-bombes-500-ml","status":"publish","type":"product","link":"https:\/\/strikemaker.com\/fr\/product\/desodorant-spray-citron-99-alcohol-12-bombes-500-ml\/","title":{"rendered":"D\u00e9sodorant Spray Citron 99% alcohol &#8211; 12 bombes 500 ml"},"content":{"rendered":"<p>D\u00e9sinfectants agressifs d\u00e9truisent la graisse du cuir et les adoucisseurs de tissus de substances synth\u00e9tiques!<br \/>Les d\u00e9sinfectants STRIKE MAKER sont con\u00e7us sp\u00e9cifiquement pour les chaussures de bowling.<br \/>Leur ar\u00f4me au citron fournit un sens de propret\u00e9 et de fra\u00eecheur.<br \/>En plus de la d\u00e9sinfection de mat\u00e9riaux contiennent des substances qui emp\u00eachent le s\u00e9chage du cuir.<\/p>\n","protected":false},"excerpt":{"rendered":"<p>D\u00e9sodorant Spray Citron 99% alcohol &#8211; 12 bombes 500 ml<\/p>\n","protected":false},"featured_media":1555273,"comment_status":"closed","ping_status":"closed","template":"","meta":{"_acf_changed":false,"_et_pb_use_builder":"","_et_pb_old_content":"","_et_gb_content_width":""},"product_brand":[],"product_cat":[3263],"product_tag":[],"class_list":{"0":"post-1561907","1":"product","2":"type-product","3":"status-publish","4":"has-post-thumbnail","6":"product_cat-16-fr","7":"pa_abmessungen-500-ml-fr","9":"first","10":"instock","11":"shipping-taxable","12":"product-type-simple"},"acf":[],"_links":{"self":[{"href":"https:\/\/strikemaker.com\/fr\/wp-json\/wp\/v2\/product\/1561907","targetHints":{"allow":["GET"]}}],"collection":[{"href":"https:\/\/strikemaker.com\/fr\/wp-json\/wp\/v2\/product"}],"about":[{"href":"https:\/\/strikemaker.com\/fr\/wp-json\/wp\/v2\/types\/product"}],"replies":[{"embeddable":true,"href":"https:\/\/strikemaker.com\/fr\/wp-json\/wp\/v2\/comments?post=1561907"}],"wp:featuredmedia":[{"embeddable":true,"href":"https:\/\/strikemaker.com\/fr\/wp-json\/wp\/v2\/media\/1555273"}],"wp:attachment":[{"href":"https:\/\/strikemaker.com\/fr\/wp-json\/wp\/v2\/media?parent=1561907"}],"wp:term":[{"taxonomy":"product_brand","embeddable":true,"href":"https:\/\/strikemaker.com\/fr\/wp-json\/wp\/v2\/product_brand?post=1561907"},{"taxonomy":"product_cat","embeddable":true,"href":"https:\/\/strikemaker.com\/fr\/wp-json\/wp\/v2\/product_cat?post=1561907"},{"taxonomy":"product_tag","embeddable":true,"href":"https:\/\/strikemaker.com\/fr\/wp-json\/wp\/v2\/product_tag?post=1561907"}],"curies":[{"name":"wp","href":"https:\/\/api.w.org\/{rel}","templated":true}]}}