{"id":1561955,"date":"2023-04-12T15:36:21","date_gmt":"2023-04-12T14:36:21","guid":{"rendered":"https:\/\/strikemaker.com\/?post_type=product&#038;p=1561955"},"modified":"2026-04-16T21:55:44","modified_gmt":"2026-04-16T20:55:44","slug":"sm-47-093760-002-distributor-station-pin-no-7-steel-2","status":"publish","type":"product","link":"https:\/\/strikemaker.com\/fr\/product\/sm-47-093760-002-distributor-station-pin-no-7-steel-2\/","title":{"rendered":"SM-47-093760-002 Distributor Station ( pin no 7 steel )"},"content":{"rendered":"<p>Distributeur pour Pin Station 7.<br \/>M\u00e9tal 50% plus r\u00e9sistant pourune plus longue dur\u00e9e de vie.<br \/>Made in Germany.<\/p>\n","protected":false},"excerpt":{"rendered":"<p>SM-47-093760-002 Distributor Station ( pin no 7 steel )<\/p>\n","protected":false},"featured_media":1556257,"comment_status":"closed","ping_status":"closed","template":"","meta":{"_acf_changed":false,"_et_pb_use_builder":"","_et_pb_old_content":"","_et_gb_content_width":""},"product_brand":[],"product_cat":[3368],"product_tag":[],"class_list":{"0":"post-1561955","1":"product","2":"type-product","3":"status-publish","4":"has-post-thumbnail","6":"product_cat-31-fr","8":"first","9":"instock","10":"shipping-taxable","11":"product-type-simple"},"acf":[],"_links":{"self":[{"href":"https:\/\/strikemaker.com\/fr\/wp-json\/wp\/v2\/product\/1561955","targetHints":{"allow":["GET"]}}],"collection":[{"href":"https:\/\/strikemaker.com\/fr\/wp-json\/wp\/v2\/product"}],"about":[{"href":"https:\/\/strikemaker.com\/fr\/wp-json\/wp\/v2\/types\/product"}],"replies":[{"embeddable":true,"href":"https:\/\/strikemaker.com\/fr\/wp-json\/wp\/v2\/comments?post=1561955"}],"wp:featuredmedia":[{"embeddable":true,"href":"https:\/\/strikemaker.com\/fr\/wp-json\/wp\/v2\/media\/1556257"}],"wp:attachment":[{"href":"https:\/\/strikemaker.com\/fr\/wp-json\/wp\/v2\/media?parent=1561955"}],"wp:term":[{"taxonomy":"product_brand","embeddable":true,"href":"https:\/\/strikemaker.com\/fr\/wp-json\/wp\/v2\/product_brand?post=1561955"},{"taxonomy":"product_cat","embeddable":true,"href":"https:\/\/strikemaker.com\/fr\/wp-json\/wp\/v2\/product_cat?post=1561955"},{"taxonomy":"product_tag","embeddable":true,"href":"https:\/\/strikemaker.com\/fr\/wp-json\/wp\/v2\/product_tag?post=1561955"}],"curies":[{"name":"wp","href":"https:\/\/api.w.org\/{rel}","templated":true}]}}