{"id":1561959,"date":"2023-04-12T15:36:22","date_gmt":"2023-04-12T14:36:22","guid":{"rendered":"https:\/\/strikemaker.com\/?post_type=product&#038;p=1561959"},"modified":"2026-04-04T14:01:36","modified_gmt":"2026-04-04T13:01:36","slug":"chaussons-a-usage-unique-40-500-paires-2","status":"publish","type":"product","link":"https:\/\/strikemaker.com\/fr\/product\/chaussons-a-usage-unique-40-500-paires-2\/","title":{"rendered":"chaussons \u00e1 usage unique >40 &#8211; 500 paires"},"content":{"rendered":"<p>Chausson de polypropileneChausson anti &#8211; transpirant \u00e1 usage uniqueDeux coloris: rose (jusqu\u2018 \u00e1 la pointure 40)   blanc (\u00e1 partir du 40) Elastique lateral permettant une Adaptation parfaite \u00e1 la forme du piedVendu par carton de 500 paires<\/p>\n","protected":false},"excerpt":{"rendered":"<p>chaussons \u00e1 usage unique >40 &#8211; 500 paires<\/p>\n","protected":false},"featured_media":1556467,"comment_status":"closed","ping_status":"closed","template":"","meta":{"_acf_changed":false,"_et_pb_use_builder":"","_et_pb_old_content":"","_et_gb_content_width":""},"product_brand":[],"product_cat":[3263],"product_tag":[],"class_list":{"0":"post-1561959","1":"product","2":"type-product","3":"status-publish","4":"has-post-thumbnail","6":"product_cat-16-fr","7":"pa_groesse-40-48-fr","9":"first","10":"instock","11":"shipping-taxable","12":"product-type-simple"},"acf":[],"_links":{"self":[{"href":"https:\/\/strikemaker.com\/fr\/wp-json\/wp\/v2\/product\/1561959","targetHints":{"allow":["GET"]}}],"collection":[{"href":"https:\/\/strikemaker.com\/fr\/wp-json\/wp\/v2\/product"}],"about":[{"href":"https:\/\/strikemaker.com\/fr\/wp-json\/wp\/v2\/types\/product"}],"replies":[{"embeddable":true,"href":"https:\/\/strikemaker.com\/fr\/wp-json\/wp\/v2\/comments?post=1561959"}],"wp:featuredmedia":[{"embeddable":true,"href":"https:\/\/strikemaker.com\/fr\/wp-json\/wp\/v2\/media\/1556467"}],"wp:attachment":[{"href":"https:\/\/strikemaker.com\/fr\/wp-json\/wp\/v2\/media?parent=1561959"}],"wp:term":[{"taxonomy":"product_brand","embeddable":true,"href":"https:\/\/strikemaker.com\/fr\/wp-json\/wp\/v2\/product_brand?post=1561959"},{"taxonomy":"product_cat","embeddable":true,"href":"https:\/\/strikemaker.com\/fr\/wp-json\/wp\/v2\/product_cat?post=1561959"},{"taxonomy":"product_tag","embeddable":true,"href":"https:\/\/strikemaker.com\/fr\/wp-json\/wp\/v2\/product_tag?post=1561959"}],"curies":[{"name":"wp","href":"https:\/\/api.w.org\/{rel}","templated":true}]}}