{"id":1561979,"date":"2023-04-12T15:36:28","date_gmt":"2023-04-12T14:36:28","guid":{"rendered":"https:\/\/strikemaker.com\/?post_type=product&#038;p=1561979"},"modified":"2026-04-17T09:19:34","modified_gmt":"2026-04-17T08:19:34","slug":"sm-47-054689-009-pin-holder-w-dampers-2","status":"publish","type":"product","link":"https:\/\/strikemaker.com\/fr\/product\/sm-47-054689-009-pin-holder-w-dampers-2\/","title":{"rendered":"SM-47-054689-009 Pin Holder W\/Dampers"},"content":{"rendered":"<p>Aussi pour GS10 si d\u00e9j\u00e0 utilis\u00e9 avec des aimants avec bo\u00eete rectangulaire (SM &#8211; 99-060242-004)<\/p>\n","protected":false},"excerpt":{"rendered":"<p>SM-47-054689-009 Pin Holder W\/Dampers<\/p>\n","protected":false},"featured_media":1556611,"comment_status":"closed","ping_status":"closed","template":"","meta":{"_acf_changed":false,"_et_pb_use_builder":"","_et_pb_old_content":"","_et_gb_content_width":""},"product_brand":[],"product_cat":[3347],"product_tag":[],"class_list":{"0":"post-1561979","1":"product","2":"type-product","3":"status-publish","4":"has-post-thumbnail","6":"product_cat-28-fr","8":"first","9":"instock","10":"shipping-taxable","11":"product-type-simple"},"acf":[],"_links":{"self":[{"href":"https:\/\/strikemaker.com\/fr\/wp-json\/wp\/v2\/product\/1561979","targetHints":{"allow":["GET"]}}],"collection":[{"href":"https:\/\/strikemaker.com\/fr\/wp-json\/wp\/v2\/product"}],"about":[{"href":"https:\/\/strikemaker.com\/fr\/wp-json\/wp\/v2\/types\/product"}],"replies":[{"embeddable":true,"href":"https:\/\/strikemaker.com\/fr\/wp-json\/wp\/v2\/comments?post=1561979"}],"wp:featuredmedia":[{"embeddable":true,"href":"https:\/\/strikemaker.com\/fr\/wp-json\/wp\/v2\/media\/1556611"}],"wp:attachment":[{"href":"https:\/\/strikemaker.com\/fr\/wp-json\/wp\/v2\/media?parent=1561979"}],"wp:term":[{"taxonomy":"product_brand","embeddable":true,"href":"https:\/\/strikemaker.com\/fr\/wp-json\/wp\/v2\/product_brand?post=1561979"},{"taxonomy":"product_cat","embeddable":true,"href":"https:\/\/strikemaker.com\/fr\/wp-json\/wp\/v2\/product_cat?post=1561979"},{"taxonomy":"product_tag","embeddable":true,"href":"https:\/\/strikemaker.com\/fr\/wp-json\/wp\/v2\/product_tag?post=1561979"}],"curies":[{"name":"wp","href":"https:\/\/api.w.org\/{rel}","templated":true}]}}