{"id":1562031,"date":"2023-04-12T15:36:44","date_gmt":"2023-04-12T14:36:44","guid":{"rendered":"https:\/\/strikemaker.com\/?post_type=product&#038;p=1562031"},"modified":"2026-04-04T14:01:43","modified_gmt":"2026-04-04T13:01:43","slug":"approach-slide-strike-slide-bidon-5-litres","status":"publish","type":"product","link":"https:\/\/strikemaker.com\/fr\/product\/approach-slide-strike-slide-bidon-5-litres\/","title":{"rendered":"Approach slide \u00ab\u00a0STRIKE SLIDE\u00a0\u00bb &#8211; bidon 5 litres"},"content":{"rendered":"<p>Le approach slide est appliqu\u00e9 apr\u00e8s le nettoyage dela zoneapproach avec un vaporisateur. Aucun temps d&rsquo;attente .On peutjouer imm\u00e9diatement..  <br \/> Non dilu\u00e9 ou jusq\u2018a max. 1:4..  <br \/>Disponible en bidon de 5 litres.<\/p>\n","protected":false},"excerpt":{"rendered":"<p>Approach slide \u00ab\u00a0STRIKE SLIDE\u00a0\u00bb &#8211; bidon 5 litres<\/p>\n","protected":false},"featured_media":1557823,"comment_status":"closed","ping_status":"closed","template":"","meta":{"_acf_changed":false,"_et_pb_use_builder":"","_et_pb_old_content":"","_et_gb_content_width":""},"product_brand":[],"product_cat":[3235],"product_tag":[],"class_list":{"0":"post-1562031","1":"product","2":"type-product","3":"status-publish","4":"has-post-thumbnail","6":"product_cat-9-fr","7":"pa_abmessungen-5-l-fr","9":"first","10":"instock","11":"shipping-taxable","12":"product-type-simple"},"acf":[],"_links":{"self":[{"href":"https:\/\/strikemaker.com\/fr\/wp-json\/wp\/v2\/product\/1562031","targetHints":{"allow":["GET"]}}],"collection":[{"href":"https:\/\/strikemaker.com\/fr\/wp-json\/wp\/v2\/product"}],"about":[{"href":"https:\/\/strikemaker.com\/fr\/wp-json\/wp\/v2\/types\/product"}],"replies":[{"embeddable":true,"href":"https:\/\/strikemaker.com\/fr\/wp-json\/wp\/v2\/comments?post=1562031"}],"wp:featuredmedia":[{"embeddable":true,"href":"https:\/\/strikemaker.com\/fr\/wp-json\/wp\/v2\/media\/1557823"}],"wp:attachment":[{"href":"https:\/\/strikemaker.com\/fr\/wp-json\/wp\/v2\/media?parent=1562031"}],"wp:term":[{"taxonomy":"product_brand","embeddable":true,"href":"https:\/\/strikemaker.com\/fr\/wp-json\/wp\/v2\/product_brand?post=1562031"},{"taxonomy":"product_cat","embeddable":true,"href":"https:\/\/strikemaker.com\/fr\/wp-json\/wp\/v2\/product_cat?post=1562031"},{"taxonomy":"product_tag","embeddable":true,"href":"https:\/\/strikemaker.com\/fr\/wp-json\/wp\/v2\/product_tag?post=1562031"}],"curies":[{"name":"wp","href":"https:\/\/api.w.org\/{rel}","templated":true}]}}