{"id":1562043,"date":"2023-04-12T15:36:47","date_gmt":"2023-04-12T14:36:47","guid":{"rendered":"https:\/\/strikemaker.com\/?post_type=product&#038;p=1562043"},"modified":"2026-04-04T17:49:35","modified_gmt":"2026-04-04T16:49:35","slug":"huile-pour-piste-68-bidon-10-litres","status":"publish","type":"product","link":"https:\/\/strikemaker.com\/fr\/product\/huile-pour-piste-68-bidon-10-litres\/","title":{"rendered":"Huile pour piste &#8211; viscosit\u00e9 68 &#8211; bidon 10 litres"},"content":{"rendered":"<p>Notre huile au compos\u00e9 chimique simple sp\u00e9cialement \u00e9labor\u00e9e pour les pistes de bowling, permet d\u2019optimiser au maximun l\u2019effet \u201cDRAG DOWN\u201d.Cette huile disponible en 3 degr\u00e9s de viscosit\u00e9: 26, 42 et  68 est disponible en bidon de 10 litres.<\/p>\n","protected":false},"excerpt":{"rendered":"<p>Huile pour piste &#8211; viscosit\u00e9 68 &#8211; bidon 10 litres<\/p>\n","protected":false},"featured_media":1558093,"comment_status":"closed","ping_status":"closed","template":"","meta":{"_acf_changed":false,"_et_pb_use_builder":"","_et_pb_old_content":"","_et_gb_content_width":""},"product_brand":[],"product_cat":[3235],"product_tag":[],"class_list":{"0":"post-1562043","1":"product","2":"type-product","3":"status-publish","4":"has-post-thumbnail","6":"product_cat-9-fr","7":"pa_abmessungen-10-l-fr","8":"pa_viscositaet-viscosite-68","10":"first","11":"instock","12":"shipping-taxable","13":"product-type-simple"},"acf":[],"_links":{"self":[{"href":"https:\/\/strikemaker.com\/fr\/wp-json\/wp\/v2\/product\/1562043","targetHints":{"allow":["GET"]}}],"collection":[{"href":"https:\/\/strikemaker.com\/fr\/wp-json\/wp\/v2\/product"}],"about":[{"href":"https:\/\/strikemaker.com\/fr\/wp-json\/wp\/v2\/types\/product"}],"replies":[{"embeddable":true,"href":"https:\/\/strikemaker.com\/fr\/wp-json\/wp\/v2\/comments?post=1562043"}],"wp:featuredmedia":[{"embeddable":true,"href":"https:\/\/strikemaker.com\/fr\/wp-json\/wp\/v2\/media\/1558093"}],"wp:attachment":[{"href":"https:\/\/strikemaker.com\/fr\/wp-json\/wp\/v2\/media?parent=1562043"}],"wp:term":[{"taxonomy":"product_brand","embeddable":true,"href":"https:\/\/strikemaker.com\/fr\/wp-json\/wp\/v2\/product_brand?post=1562043"},{"taxonomy":"product_cat","embeddable":true,"href":"https:\/\/strikemaker.com\/fr\/wp-json\/wp\/v2\/product_cat?post=1562043"},{"taxonomy":"product_tag","embeddable":true,"href":"https:\/\/strikemaker.com\/fr\/wp-json\/wp\/v2\/product_tag?post=1562043"}],"curies":[{"name":"wp","href":"https:\/\/api.w.org\/{rel}","templated":true}]}}