{"id":1562050,"date":"2023-04-12T15:36:49","date_gmt":"2023-04-12T14:36:49","guid":{"rendered":"https:\/\/strikemaker.com\/?post_type=product&#038;p=1562050"},"modified":"2026-04-18T23:34:09","modified_gmt":"2026-04-18T22:34:09","slug":"classic-premium-chaussures-location-tout-cuir","status":"publish","type":"product","link":"https:\/\/strikemaker.com\/fr\/product\/classic-premium-chaussures-location-tout-cuir\/","title":{"rendered":"CLASSIC &#8211; PREMIUM chaussures location tout cuir"},"content":{"rendered":"<p>Chaussures tout cuir de 1\u00e8re qualit\u00e9.<br \/>Id\u00e9ale pour tout Bowling, qui attend d\u2018une chaussure de location un maximum de qualit\u00e9 et de durabilit\u00e9.<br \/>LA CHAUSSURE EN LACET PLUS VENDUE EN ALLEMAGNE<br \/>&#8211; Semelle cuir cousue d&rsquo;une couture profonde<br \/>&#8211; Dessus cuir de 1\u00e8re qualit\u00e9 teint\u00e9 dans la masse<br \/>&#8211; Talon de semelle piqu\u00e9 et coll\u00e9<br \/>&#8211; Semelle moyenne de caoutchouc naturel<br \/>&#8211; Pointe et talon renforc\u00e9s<br \/>&#8211; Pointures europ\u00e9ennes imprim\u00e9es sur le contrefort<br \/>&#8211; Pointures disponibles: du 28 au 53<br \/>&#8211; Lacets d\u00e9j\u00e0 enfil\u00e9s<\/p>\n","protected":false},"excerpt":{"rendered":"<p>CLASSIC &#8211; PREMIUM chaussures location tout cuir<\/p>\n","protected":false},"featured_media":1558603,"comment_status":"closed","ping_status":"closed","template":"","meta":{"_acf_changed":false,"_et_pb_use_builder":"","_et_pb_old_content":"","_et_gb_content_width":""},"product_brand":[],"product_cat":[3389],"product_tag":[],"class_list":{"0":"post-1562050","1":"product","2":"type-product","3":"status-publish","4":"has-post-thumbnail","6":"product_cat-34-fr","7":"pa_groesse-31-fr","8":"pa_groesse-42-fr","9":"pa_groesse-53-fr","10":"pa_groesse-32-fr","11":"pa_groesse-43-fr","12":"pa_groesse-33-fr","13":"pa_groesse-44-fr","14":"pa_groesse-34-fr","15":"pa_groesse-45-fr","16":"pa_groesse-35-fr","17":"pa_groesse-46-fr","18":"pa_groesse-36-fr","19":"pa_groesse-47-fr","20":"pa_groesse-37-fr","21":"pa_groesse-48-fr","22":"pa_groesse-38-fr","23":"pa_groesse-49-fr","24":"pa_groesse-28-fr","25":"pa_groesse-39-fr","26":"pa_groesse-50-fr","27":"pa_groesse-29-fr","28":"pa_groesse-40-fr","29":"pa_groesse-51-fr","30":"pa_groesse-30-fr","31":"pa_groesse-41-fr","32":"pa_groesse-52-fr","34":"first","35":"outofstock","36":"shipping-taxable","37":"product-type-variable"},"acf":[],"_links":{"self":[{"href":"https:\/\/strikemaker.com\/fr\/wp-json\/wp\/v2\/product\/1562050","targetHints":{"allow":["GET"]}}],"collection":[{"href":"https:\/\/strikemaker.com\/fr\/wp-json\/wp\/v2\/product"}],"about":[{"href":"https:\/\/strikemaker.com\/fr\/wp-json\/wp\/v2\/types\/product"}],"replies":[{"embeddable":true,"href":"https:\/\/strikemaker.com\/fr\/wp-json\/wp\/v2\/comments?post=1562050"}],"wp:featuredmedia":[{"embeddable":true,"href":"https:\/\/strikemaker.com\/fr\/wp-json\/wp\/v2\/media\/1558603"}],"wp:attachment":[{"href":"https:\/\/strikemaker.com\/fr\/wp-json\/wp\/v2\/media?parent=1562050"}],"wp:term":[{"taxonomy":"product_brand","embeddable":true,"href":"https:\/\/strikemaker.com\/fr\/wp-json\/wp\/v2\/product_brand?post=1562050"},{"taxonomy":"product_cat","embeddable":true,"href":"https:\/\/strikemaker.com\/fr\/wp-json\/wp\/v2\/product_cat?post=1562050"},{"taxonomy":"product_tag","embeddable":true,"href":"https:\/\/strikemaker.com\/fr\/wp-json\/wp\/v2\/product_tag?post=1562050"}],"curies":[{"name":"wp","href":"https:\/\/api.w.org\/{rel}","templated":true}]}}