{"id":1562079,"date":"2023-04-12T15:36:53","date_gmt":"2023-04-12T14:36:53","guid":{"rendered":"https:\/\/strikemaker.com\/?post_type=product&#038;p=1562079"},"modified":"2026-04-04T14:16:10","modified_gmt":"2026-04-04T13:16:10","slug":"eco-eco-velcro-chaussures-location-cuir-2","status":"publish","type":"product","link":"https:\/\/strikemaker.com\/fr\/product\/eco-eco-velcro-chaussures-location-cuir-2\/","title":{"rendered":"ECO Lacets &#8211; chaussures location cuir"},"content":{"rendered":"<p>Chaussures tout cuir de haute qualit\u00e9 fermeture velcro \/ lacets.<br \/>Surtout pour les centres, qui ont choisi de r\u00e9duire les co\u00fbts pour l&rsquo;achat et l&rsquo;engagement de capital et cherchent un rapport optimal qualit\u00e9 \/ prix.<br \/>LA CHAUSSURE LA PLUS VENDUE EN EUROPE<br \/>&#8211; Semelle cuir cousue d&rsquo;une couture profonde<br \/>&#8211; Dessus cuir<br \/>&#8211; Fermeture velcro industrielle de longue dur\u00e9e lacets d\u00e9j\u00e0 enfil\u00e9s<br \/>&#8211; Pointe et talon renforc\u00e9s<br \/>&#8211; Pointures europ\u00e9ennes imprim\u00e9es sur le contrefort<br \/>&#8211; Pointures disponibles: en lacets du 28 au 50 , velcro 24-50<br \/>&#8211; Dessin classic en bleu fonc\u00e9, rouge et blanc<\/p>\n","protected":false},"excerpt":{"rendered":"<p>ECO Lacets &#8211; chaussures location cuir<\/p>\n","protected":false},"featured_media":1559083,"comment_status":"closed","ping_status":"closed","template":"","meta":{"_acf_changed":false,"_et_pb_use_builder":"","_et_pb_old_content":"","_et_gb_content_width":""},"product_brand":[],"product_cat":[3389],"product_tag":[],"class_list":{"0":"post-1562079","1":"product","2":"type-product","3":"status-publish","4":"has-post-thumbnail","6":"product_cat-34-fr","7":"pa_groesse-43-fr","8":"pa_groesse-33-fr","9":"pa_groesse-44-fr","10":"pa_groesse-34-fr","11":"pa_groesse-45-fr","12":"pa_groesse-35-fr","13":"pa_groesse-46-fr","14":"pa_groesse-36-fr","15":"pa_groesse-47-fr","16":"pa_groesse-37-fr","17":"pa_groesse-48-fr","18":"pa_groesse-38-fr","19":"pa_groesse-49-fr","20":"pa_groesse-28-fr","21":"pa_groesse-39-fr","22":"pa_groesse-50-fr","23":"pa_groesse-29-fr","24":"pa_groesse-40-fr","25":"pa_groesse-30-fr","26":"pa_groesse-41-fr","27":"pa_groesse-31-fr","28":"pa_groesse-42-fr","29":"pa_groesse-32-fr","31":"first","32":"outofstock","33":"shipping-taxable","34":"product-type-variable"},"acf":[],"_links":{"self":[{"href":"https:\/\/strikemaker.com\/fr\/wp-json\/wp\/v2\/product\/1562079","targetHints":{"allow":["GET"]}}],"collection":[{"href":"https:\/\/strikemaker.com\/fr\/wp-json\/wp\/v2\/product"}],"about":[{"href":"https:\/\/strikemaker.com\/fr\/wp-json\/wp\/v2\/types\/product"}],"replies":[{"embeddable":true,"href":"https:\/\/strikemaker.com\/fr\/wp-json\/wp\/v2\/comments?post=1562079"}],"wp:featuredmedia":[{"embeddable":true,"href":"https:\/\/strikemaker.com\/fr\/wp-json\/wp\/v2\/media\/1559083"}],"wp:attachment":[{"href":"https:\/\/strikemaker.com\/fr\/wp-json\/wp\/v2\/media?parent=1562079"}],"wp:term":[{"taxonomy":"product_brand","embeddable":true,"href":"https:\/\/strikemaker.com\/fr\/wp-json\/wp\/v2\/product_brand?post=1562079"},{"taxonomy":"product_cat","embeddable":true,"href":"https:\/\/strikemaker.com\/fr\/wp-json\/wp\/v2\/product_cat?post=1562079"},{"taxonomy":"product_tag","embeddable":true,"href":"https:\/\/strikemaker.com\/fr\/wp-json\/wp\/v2\/product_tag?post=1562079"}],"curies":[{"name":"wp","href":"https:\/\/api.w.org\/{rel}","templated":true}]}}