{"id":1562139,"date":"2023-04-12T15:37:03","date_gmt":"2023-04-12T14:37:03","guid":{"rendered":"https:\/\/strikemaker.com\/?post_type=product&#038;p=1562139"},"modified":"2026-04-04T14:01:47","modified_gmt":"2026-04-04T13:01:47","slug":"bumper-nur-rohr-2","status":"publish","type":"product","link":"https:\/\/strikemaker.com\/fr\/product\/bumper-nur-rohr-2\/","title":{"rendered":"Bumper &#8211; Tube de rangement UNIQUEMENT"},"content":{"rendered":"<p>Une solution simple et astucieuse Pour les pistes enfants.El STRIKE MAKER &#8211; BUMPER Constitu\u00e9 d\u2018un r\u00e9ceptacle creux en plastique rigide bleu de 1 m\u00e9tre avec couvercle permettant le rangement  d\u2018un tube t\u00e9lescopique en aluminium poliamyde de couleur argent\u00e9. Vendu \u00e1 l\u2019unit\u00e9 ou par lot de 2ENFIN UNE SOLUTION ECONOMIQUE ET PRATIQUE.<\/p>\n","protected":false},"excerpt":{"rendered":"<p>Bumper &#8211; Tube de rangement UNIQUEMENT<\/p>\n","protected":false},"featured_media":0,"comment_status":"closed","ping_status":"closed","template":"","meta":{"_acf_changed":false,"_et_pb_use_builder":"","_et_pb_old_content":"","_et_gb_content_width":""},"product_brand":[],"product_cat":[3242],"product_tag":[],"class_list":{"0":"post-1562139","1":"product","2":"type-product","3":"status-publish","5":"product_cat-10-fr","7":"first","8":"instock","9":"shipping-taxable","10":"product-type-simple"},"acf":[],"_links":{"self":[{"href":"https:\/\/strikemaker.com\/fr\/wp-json\/wp\/v2\/product\/1562139","targetHints":{"allow":["GET"]}}],"collection":[{"href":"https:\/\/strikemaker.com\/fr\/wp-json\/wp\/v2\/product"}],"about":[{"href":"https:\/\/strikemaker.com\/fr\/wp-json\/wp\/v2\/types\/product"}],"replies":[{"embeddable":true,"href":"https:\/\/strikemaker.com\/fr\/wp-json\/wp\/v2\/comments?post=1562139"}],"wp:attachment":[{"href":"https:\/\/strikemaker.com\/fr\/wp-json\/wp\/v2\/media?parent=1562139"}],"wp:term":[{"taxonomy":"product_brand","embeddable":true,"href":"https:\/\/strikemaker.com\/fr\/wp-json\/wp\/v2\/product_brand?post=1562139"},{"taxonomy":"product_cat","embeddable":true,"href":"https:\/\/strikemaker.com\/fr\/wp-json\/wp\/v2\/product_cat?post=1562139"},{"taxonomy":"product_tag","embeddable":true,"href":"https:\/\/strikemaker.com\/fr\/wp-json\/wp\/v2\/product_tag?post=1562139"}],"curies":[{"name":"wp","href":"https:\/\/api.w.org\/{rel}","templated":true}]}}