{"id":1562143,"date":"2023-04-12T15:37:04","date_gmt":"2023-04-12T14:37:04","guid":{"rendered":"https:\/\/strikemaker.com\/?post_type=product&#038;p=1562143"},"modified":"2026-04-24T16:49:56","modified_gmt":"2026-04-24T15:49:56","slug":"shoe-deo-desinfectant-bidon-5-litres","status":"publish","type":"product","link":"https:\/\/strikemaker.com\/fr\/product\/shoe-deo-desinfectant-bidon-5-litres\/","title":{"rendered":"Shoe Deo, d\u00e9sinfectant, bidon 5 litres"},"content":{"rendered":"<p>Notre d\u00e9odorant \/ d\u00e9sinfectant specialement \u00e9labor\u00e9 pour les cuirs de nos chaussures de bowling, les prot\u00e9gera en laissant de plus un agr\u00e9able parfum citronn\u00e9<\/p>\n","protected":false},"excerpt":{"rendered":"<p>Shoe Deo, d\u00e9sinfectant, bidon 5 litres<\/p>\n","protected":false},"featured_media":1559809,"comment_status":"closed","ping_status":"closed","template":"","meta":{"_acf_changed":false,"_et_pb_use_builder":"","_et_pb_old_content":"","_et_gb_content_width":""},"product_brand":[],"product_cat":[3263],"product_tag":[],"class_list":{"0":"post-1562143","1":"product","2":"type-product","3":"status-publish","4":"has-post-thumbnail","6":"product_cat-16-fr","7":"pa_abmessungen-5-l-fr","9":"first","10":"instock","11":"shipping-taxable","12":"product-type-simple"},"acf":[],"_links":{"self":[{"href":"https:\/\/strikemaker.com\/fr\/wp-json\/wp\/v2\/product\/1562143","targetHints":{"allow":["GET"]}}],"collection":[{"href":"https:\/\/strikemaker.com\/fr\/wp-json\/wp\/v2\/product"}],"about":[{"href":"https:\/\/strikemaker.com\/fr\/wp-json\/wp\/v2\/types\/product"}],"replies":[{"embeddable":true,"href":"https:\/\/strikemaker.com\/fr\/wp-json\/wp\/v2\/comments?post=1562143"}],"wp:featuredmedia":[{"embeddable":true,"href":"https:\/\/strikemaker.com\/fr\/wp-json\/wp\/v2\/media\/1559809"}],"wp:attachment":[{"href":"https:\/\/strikemaker.com\/fr\/wp-json\/wp\/v2\/media?parent=1562143"}],"wp:term":[{"taxonomy":"product_brand","embeddable":true,"href":"https:\/\/strikemaker.com\/fr\/wp-json\/wp\/v2\/product_brand?post=1562143"},{"taxonomy":"product_cat","embeddable":true,"href":"https:\/\/strikemaker.com\/fr\/wp-json\/wp\/v2\/product_cat?post=1562143"},{"taxonomy":"product_tag","embeddable":true,"href":"https:\/\/strikemaker.com\/fr\/wp-json\/wp\/v2\/product_tag?post=1562143"}],"curies":[{"name":"wp","href":"https:\/\/api.w.org\/{rel}","templated":true}]}}