{"id":1562227,"date":"2023-04-12T15:00:31","date_gmt":"2023-04-12T14:37:24","guid":{"rendered":"https:\/\/strikemaker.com\/?post_type=product&#038;p=1562227"},"modified":"2026-04-20T02:22:08","modified_gmt":"2026-04-20T01:22:08","slug":"bouteille-quille-strike-maker-4cl","status":"publish","type":"product","link":"https:\/\/strikemaker.com\/fr\/product\/bouteille-quille-strike-maker-4cl\/","title":{"rendered":"Mignonnettes-Quilles STRIKE MAKER 4cl."},"content":{"rendered":"<p>Aucune boisson alcoolique est plus appropri\u00e9 au bowling de boire dans une quille!<br \/>Avec les liqueurs STRIKE MAKER votre bowling sera plus attrayant et sans gros investissements.<br \/>En outre, les bouteilles seront conserv\u00e9s comme souvenir d&rsquo;une belle soir\u00e9e dans les vitrines de vos clients et repr\u00e9sentent une publicit\u00e9 pour votre centre.<br \/>&#8211; Contenu 4 cl &#8211; 3 saveurs diff\u00e9rentes: Vodka aux figues, p\u00eaches et herbes<br \/>&#8211; Exclusivement pour Bowlings<br \/>&#8211; Mat\u00e9riaux de publicit\u00e9 gratuits tels que les expositeurs de liqueur, posters, T-shirts, quilles gonflables 2,5 m de hauteur, etc &#8230;<br \/>&#8211; Livraison en 3-4 jours ouvrables, commande par email ou bien par t\u00e9l\u00e9phone<\/p>\n","protected":false},"excerpt":{"rendered":"<p>Mignonnettes-Quilles STRIKE MAKER 4cl.<\/p>\n","protected":false},"featured_media":1560799,"comment_status":"closed","ping_status":"closed","template":"","meta":{"_acf_changed":false,"_et_pb_use_builder":"","_et_pb_old_content":"","_et_gb_content_width":""},"product_brand":[],"product_cat":[3228],"product_tag":[],"class_list":{"0":"post-1562227","1":"product","2":"type-product","3":"status-publish","4":"has-post-thumbnail","6":"product_cat-8-fr","7":"pa_geschmack-vodka-figue-classique-15-vol","8":"pa_geschmack-liquide-dherbes-et-darbres-30-vol","9":"pa_geschmack-lique-de-peche-15-vol","11":"first","12":"outofstock","13":"shipping-taxable","14":"product-type-variable"},"acf":[],"_links":{"self":[{"href":"https:\/\/strikemaker.com\/fr\/wp-json\/wp\/v2\/product\/1562227","targetHints":{"allow":["GET"]}}],"collection":[{"href":"https:\/\/strikemaker.com\/fr\/wp-json\/wp\/v2\/product"}],"about":[{"href":"https:\/\/strikemaker.com\/fr\/wp-json\/wp\/v2\/types\/product"}],"replies":[{"embeddable":true,"href":"https:\/\/strikemaker.com\/fr\/wp-json\/wp\/v2\/comments?post=1562227"}],"wp:featuredmedia":[{"embeddable":true,"href":"https:\/\/strikemaker.com\/fr\/wp-json\/wp\/v2\/media\/1560799"}],"wp:attachment":[{"href":"https:\/\/strikemaker.com\/fr\/wp-json\/wp\/v2\/media?parent=1562227"}],"wp:term":[{"taxonomy":"product_brand","embeddable":true,"href":"https:\/\/strikemaker.com\/fr\/wp-json\/wp\/v2\/product_brand?post=1562227"},{"taxonomy":"product_cat","embeddable":true,"href":"https:\/\/strikemaker.com\/fr\/wp-json\/wp\/v2\/product_cat?post=1562227"},{"taxonomy":"product_tag","embeddable":true,"href":"https:\/\/strikemaker.com\/fr\/wp-json\/wp\/v2\/product_tag?post=1562227"}],"curies":[{"name":"wp","href":"https:\/\/api.w.org\/{rel}","templated":true}]}}