{"id":1579830,"date":"2023-09-18T15:03:55","date_gmt":"2023-09-18T14:03:55","guid":{"rendered":"https:\/\/strikemaker.com\/?post_type=product&#038;p=1579830"},"modified":"2026-04-18T23:19:53","modified_gmt":"2026-04-18T22:19:53","slug":"boules-et-chaussures-personalisees-avec-logo","status":"publish","type":"product","link":"https:\/\/strikemaker.com\/fr\/product\/boules-et-chaussures-personalisees-avec-logo\/","title":{"rendered":"Boules et chaussures personalis\u00e9es avec logo"},"content":{"rendered":"<p>Chaussures de bowling  confortables da haute qualit\u00e9 personnalis\u00e9es<br \/>id\u00e9al pour les d\u00e9butants et les amateurs<br \/>Aussi couleurs de boules  personnalisables avec logo.<\/p>\n","protected":false},"excerpt":{"rendered":"<p>Boules et chaussures personalis\u00e9es avec logo<\/p>\n","protected":false},"featured_media":1578693,"comment_status":"closed","ping_status":"closed","template":"","meta":{"_acf_changed":false,"_et_pb_use_builder":"","_et_pb_old_content":"","_et_gb_content_width":""},"product_brand":[],"product_cat":[3256],"product_tag":[],"class_list":{"0":"post-1579830","1":"product","2":"type-product","3":"status-publish","4":"has-post-thumbnail","6":"product_cat-14-fr","7":"pa_groesse-go","9":"first","10":"outofstock","11":"shipping-taxable","12":"product-type-simple"},"acf":[],"_links":{"self":[{"href":"https:\/\/strikemaker.com\/fr\/wp-json\/wp\/v2\/product\/1579830","targetHints":{"allow":["GET"]}}],"collection":[{"href":"https:\/\/strikemaker.com\/fr\/wp-json\/wp\/v2\/product"}],"about":[{"href":"https:\/\/strikemaker.com\/fr\/wp-json\/wp\/v2\/types\/product"}],"replies":[{"embeddable":true,"href":"https:\/\/strikemaker.com\/fr\/wp-json\/wp\/v2\/comments?post=1579830"}],"wp:featuredmedia":[{"embeddable":true,"href":"https:\/\/strikemaker.com\/fr\/wp-json\/wp\/v2\/media\/1578693"}],"wp:attachment":[{"href":"https:\/\/strikemaker.com\/fr\/wp-json\/wp\/v2\/media?parent=1579830"}],"wp:term":[{"taxonomy":"product_brand","embeddable":true,"href":"https:\/\/strikemaker.com\/fr\/wp-json\/wp\/v2\/product_brand?post=1579830"},{"taxonomy":"product_cat","embeddable":true,"href":"https:\/\/strikemaker.com\/fr\/wp-json\/wp\/v2\/product_cat?post=1579830"},{"taxonomy":"product_tag","embeddable":true,"href":"https:\/\/strikemaker.com\/fr\/wp-json\/wp\/v2\/product_tag?post=1579830"}],"curies":[{"name":"wp","href":"https:\/\/api.w.org\/{rel}","templated":true}]}}