{"id":1618137,"date":"2024-12-02T19:51:10","date_gmt":"2024-12-02T18:51:10","guid":{"rendered":"https:\/\/strikemaker.com\/fizetesi-modok\/"},"modified":"2024-12-02T20:28:16","modified_gmt":"2024-12-02T19:28:16","slug":"fizetesi-modok","status":"publish","type":"page","link":"https:\/\/strikemaker.com\/hu\/fizetesi-modok\/","title":{"rendered":"Fizet\u00e9si m\u00f3dok"},"content":{"rendered":"<div class=\"woocommerce woocommerce-gzd\">\n\t<ul class=\"payment_methods methods\">\n\t\t\t\t\t<li class=\"payment_method_invoice\">\n\t\t\t\t<label>sz\u00e1mla<\/label>\n\t\t\t\t\t\t\t\t\t<div class=\"payment_box payment_method_invoice\">\n\t\t\t\t\t\t<p>A megrendel\u00e9s lead\u00e1sa ut\u00e1n e-mailben automatikusan megkapja t\u0151l\u00fcnk a sz\u00e1ml\u00e1t.<\/p>\n\t\t\t\t\t<\/div>\n\t\t\t\t\t\t\t<\/li>\n\t\t\t<\/ul>\n<\/div>\n","protected":false},"excerpt":{"rendered":"","protected":false},"author":1,"featured_media":0,"parent":0,"menu_order":0,"comment_status":"closed","ping_status":"closed","template":"","meta":{"_acf_changed":false,"_et_pb_use_builder":"","_et_pb_old_content":"","_et_gb_content_width":"","footnotes":""},"class_list":["post-1618137","page","type-page","status-publish","hentry"],"acf":[],"_links":{"self":[{"href":"https:\/\/strikemaker.com\/hu\/wp-json\/wp\/v2\/pages\/1618137","targetHints":{"allow":["GET"]}}],"collection":[{"href":"https:\/\/strikemaker.com\/hu\/wp-json\/wp\/v2\/pages"}],"about":[{"href":"https:\/\/strikemaker.com\/hu\/wp-json\/wp\/v2\/types\/page"}],"author":[{"embeddable":true,"href":"https:\/\/strikemaker.com\/hu\/wp-json\/wp\/v2\/users\/1"}],"replies":[{"embeddable":true,"href":"https:\/\/strikemaker.com\/hu\/wp-json\/wp\/v2\/comments?post=1618137"}],"version-history":[{"count":1,"href":"https:\/\/strikemaker.com\/hu\/wp-json\/wp\/v2\/pages\/1618137\/revisions"}],"predecessor-version":[{"id":1618192,"href":"https:\/\/strikemaker.com\/hu\/wp-json\/wp\/v2\/pages\/1618137\/revisions\/1618192"}],"wp:attachment":[{"href":"https:\/\/strikemaker.com\/hu\/wp-json\/wp\/v2\/media?parent=1618137"}],"curies":[{"name":"wp","href":"https:\/\/api.w.org\/{rel}","templated":true}]}}