{"id":1618172,"date":"2024-12-02T20:14:15","date_gmt":"2024-12-02T19:14:15","guid":{"rendered":"https:\/\/strikemaker.com\/bevasarlokosar\/"},"modified":"2024-12-03T12:43:16","modified_gmt":"2024-12-03T11:43:16","slug":"bevasarlokosar","status":"publish","type":"page","link":"https:\/\/strikemaker.com\/hu\/bevasarlokosar\/","title":{"rendered":"Bev\u00e1s\u00e1rl\u00f3kos\u00e1r"},"content":{"rendered":"\n","protected":false},"excerpt":{"rendered":"","protected":false},"author":1,"featured_media":0,"parent":0,"menu_order":0,"comment_status":"closed","ping_status":"closed","template":"","meta":{"_acf_changed":false,"_et_pb_use_builder":"","_et_pb_old_content":"","_et_gb_content_width":"","footnotes":""},"class_list":["post-1618172","page","type-page","status-publish","hentry"],"acf":[],"_links":{"self":[{"href":"https:\/\/strikemaker.com\/hu\/wp-json\/wp\/v2\/pages\/1618172","targetHints":{"allow":["GET"]}}],"collection":[{"href":"https:\/\/strikemaker.com\/hu\/wp-json\/wp\/v2\/pages"}],"about":[{"href":"https:\/\/strikemaker.com\/hu\/wp-json\/wp\/v2\/types\/page"}],"author":[{"embeddable":true,"href":"https:\/\/strikemaker.com\/hu\/wp-json\/wp\/v2\/users\/1"}],"replies":[{"embeddable":true,"href":"https:\/\/strikemaker.com\/hu\/wp-json\/wp\/v2\/comments?post=1618172"}],"version-history":[{"count":1,"href":"https:\/\/strikemaker.com\/hu\/wp-json\/wp\/v2\/pages\/1618172\/revisions"}],"predecessor-version":[{"id":1618173,"href":"https:\/\/strikemaker.com\/hu\/wp-json\/wp\/v2\/pages\/1618172\/revisions\/1618173"}],"wp:attachment":[{"href":"https:\/\/strikemaker.com\/hu\/wp-json\/wp\/v2\/media?parent=1618172"}],"curies":[{"name":"wp","href":"https:\/\/api.w.org\/{rel}","templated":true}]}}