{"id":1618302,"date":"2024-12-02T21:21:52","date_gmt":"2024-12-02T20:21:52","guid":{"rendered":"https:\/\/strikemaker.com\/rolunk\/"},"modified":"2024-12-02T21:21:52","modified_gmt":"2024-12-02T20:21:52","slug":"rolunk","status":"publish","type":"page","link":"https:\/\/strikemaker.com\/hu\/rolunk\/","title":{"rendered":"R\u00f3lunk"},"content":{"rendered":"<p><strong>STRIKE MAKER &#8211; EGY EUR\u00d3PAI SIKERT\u00d6RT\u00c9NET !<\/strong><\/p>\n<p>Ami 1999-ben N\u00e9metorsz\u00e1gban a kis b\u00e1bu-\u00fcvegekbe t\u00f6lt\u00f6tt r\u00f6viditalokkal kezd\u00f6d\u00f6tt, az alig n\u00e9h\u00e1ny \u00e9v alatt Eur\u00f3pa egyik legjelent\u00f6sebb bowlingterm\u00e9k el\u00f6\u00e1ll\u00edt\u00f3- \u00e9s forgalmaz\u00f3 v\u00e1llat\u00e1v\u00e1 v\u00e1lt. Ma a Strike Maker a bowlingk\u00f6zpontok partnere.<\/p>\n<p><strong>Ha b\u00e1bu-italokr\u00f3l, bowlingcip\u00f6kr\u00f6l vagy p\u00e1lya\u00e1pol\u00e1si term\u00e9kekr\u00f6l van sz\u00f3,<\/strong><br \/>  Mi mindent sz\u00e1ll\u00edtunk az \u00d6n bowlingk\u00f6zpontj\u00e1hoz!  <\/p>\n<p><strong>Ha pinsetter alkatr\u00e9szekr\u00f6l vagy m\u00fcszaki szolg\u00e1latr\u00f3l van sz\u00f3,<\/strong><br \/>  Gondoskodunk r\u00f3la, hogy a p\u00e1ly\u00e1k m\u0171k\u00f6djenek!  <\/p>\n<p><strong>Ak\u00e1r fel\u00faj\u00edt\u00e1s, ak\u00e1r \u00faj \u00e9p\u00edt\u00e9s.<\/strong><br \/>  Tan\u00e1csot adunk \u00e9s k\u00f6zvet\u00edt\u00fcnk \u00faj \u00e9s haszn\u00e1lt t\u0171z\u0151rl\u0151g\u00e9peket!  <\/p>\n<p>Igyeksz\u00fcnk minden term\u00e9k\u00fcnket rakt\u00e1ron tartani \u00e9s gyorsan bowlingterm\u00e9be eljuttatni.<\/p>\n<p><strong>STRIKE MAKER &#8211; A PARTNERED A BOWLINGBAN !<\/strong><br \/>  2010 nyara \u00f3ta az \u00d6n partnere a kiv\u00e1l\u00f3 min\u0151s\u00e9g\u0171 GS Pinsetter p\u00f3talkatr\u00e9szek ter\u00e9n is.  <\/p>\n<p>Minden \u00e1ltalunk k\u00edn\u00e1lt term\u00e9ket h\u00e1zon bel\u00fcl fejleszt\u00fcnk, tesztel\u00fcnk \u00e9s folyamatosan jav\u00edtunk. \u00dcgyfeleink ez\u00e9rt garant\u00e1ltan a lehet\u0151 legjobb \u00e1rat, min\u0151s\u00e9get \u00e9s funkcionalit\u00e1st kapj\u00e1k.<\/p>\n<p>A Strike Maker m\u00e9g ma is 100%-ban a tulajdonosok kez\u00e9ben van, akik folyamatosan dolgoznak term\u00e9keik fejleszt\u00e9s\u00e9n \u00e9s \u00faj term\u00e9kek kifejleszt\u00e9s\u00e9n.<\/p>\n","protected":false},"excerpt":{"rendered":"<p>STRIKE MAKER &#8211; EGY EUR\u00d3PAI SIKERT\u00d6RT\u00c9NET ! Ami 1999-ben N\u00e9metorsz\u00e1gban a kis b\u00e1bu-\u00fcvegekbe t\u00f6lt\u00f6tt r\u00f6viditalokkal kezd\u00f6d\u00f6tt, az alig n\u00e9h\u00e1ny \u00e9v alatt Eur\u00f3pa egyik legjelent\u00f6sebb bowlingterm\u00e9k el\u00f6\u00e1ll\u00edt\u00f3- \u00e9s forgalmaz\u00f3 v\u00e1llat\u00e1v\u00e1 v\u00e1lt. Ma a Strike Maker a bowlingk\u00f6zpontok partnere. Ha b\u00e1bu-italokr\u00f3l, bowlingcip\u00f6kr\u00f6l vagy p\u00e1lya\u00e1pol\u00e1si term\u00e9kekr\u00f6l van sz\u00f3, Mi mindent sz\u00e1ll\u00edtunk az \u00d6n bowlingk\u00f6zpontj\u00e1hoz! Ha pinsetter alkatr\u00e9szekr\u00f6l vagy [&hellip;]<\/p>\n","protected":false},"author":3,"featured_media":0,"parent":0,"menu_order":0,"comment_status":"closed","ping_status":"closed","template":"content-centered-template.php","meta":{"_acf_changed":false,"_et_pb_use_builder":"off","_et_pb_old_content":"","_et_gb_content_width":"","footnotes":""},"class_list":["post-1618302","page","type-page","status-publish","hentry"],"acf":[],"_links":{"self":[{"href":"https:\/\/strikemaker.com\/hu\/wp-json\/wp\/v2\/pages\/1618302","targetHints":{"allow":["GET"]}}],"collection":[{"href":"https:\/\/strikemaker.com\/hu\/wp-json\/wp\/v2\/pages"}],"about":[{"href":"https:\/\/strikemaker.com\/hu\/wp-json\/wp\/v2\/types\/page"}],"author":[{"embeddable":true,"href":"https:\/\/strikemaker.com\/hu\/wp-json\/wp\/v2\/users\/3"}],"replies":[{"embeddable":true,"href":"https:\/\/strikemaker.com\/hu\/wp-json\/wp\/v2\/comments?post=1618302"}],"version-history":[{"count":0,"href":"https:\/\/strikemaker.com\/hu\/wp-json\/wp\/v2\/pages\/1618302\/revisions"}],"wp:attachment":[{"href":"https:\/\/strikemaker.com\/hu\/wp-json\/wp\/v2\/media?parent=1618302"}],"curies":[{"name":"wp","href":"https:\/\/api.w.org\/{rel}","templated":true}]}}