{"id":1618400,"date":"2024-12-02T21:56:33","date_gmt":"2024-12-02T20:56:33","guid":{"rendered":"https:\/\/strikemaker.com\/regisztracio\/"},"modified":"2025-10-10T10:03:56","modified_gmt":"2025-10-10T09:03:56","slug":"regisztracio","status":"publish","type":"page","link":"https:\/\/strikemaker.com\/hu\/regisztracio\/","title":{"rendered":"Regisztr\u00e1ci\u00f3"},"content":{"rendered":"<p>[et_pb_section fb_built=&#8221;1&#8243; module_class=&#8221;registersec&#8221; _builder_version=&#8221;4.27.0&#8243; _module_preset=&#8221;default&#8221; background_color=&#8221;RGBA(255,255,255,0)&#8221; background_image=&#8221;https:\/\/strikemaker2024.cmeta.de\/wp-content\/uploads\/2020\/10\/Background.jpg&#8221; custom_padding=&#8221;||||false|false&#8221; global_colors_info=&#8221;{}&#8221;][et_pb_row column_structure=&#8221;1_5,3_5,1_5&#8243; _builder_version=&#8221;4.27.0&#8243; _module_preset=&#8221;default&#8221; background_color=&#8221;#FFFFFF&#8221; custom_padding=&#8221;45px|45px|45px|45px|false|false&#8221; border_radii=&#8221;on|29px|29px|29px|29px&#8221; global_colors_info=&#8221;{}&#8221;][et_pb_column type=&#8221;1_5&#8243; _builder_version=&#8221;4.16&#8243; _module_preset=&#8221;default&#8221; global_colors_info=&#8221;{}&#8221;][\/et_pb_column][et_pb_column type=&#8221;3_5&#8243; _builder_version=&#8221;4.16&#8243; _module_preset=&#8221;default&#8221; global_colors_info=&#8221;{}&#8221;][et_pb_text _builder_version=&#8221;4.27.0&#8243; _module_preset=&#8221;default&#8221; hover_enabled=&#8221;0&#8243; global_colors_info=&#8221;{}&#8221; sticky_enabled=&#8221;0&#8243;]<\/p>\n<h1>\u00daj \u00fcgyf\u00e9lfi\u00f3k l\u00e9trehoz\u00e1sa<\/h1>\n<p style=\"text-align: center;\">A STRIKE MAKER web\u00e1ruh\u00e1zban t\u00f6rt\u00e9n\u0151 \u00fcgyf\u00e9lsz\u00e1mla megnyit\u00e1s\u00e1hoz k\u00e9rj\u00fck, adja meg adatait.<br \/>\nAmint a STRIKE MAKER csapata ellen\u0151rizte adatait, \u00e9rtes\u00edt\u00e9st kap az \u00fcgyf\u00e9lsz\u00e1mla aktiv\u00e1l\u00e1s\u00e1r\u00f3l.<br \/>\nFIGYELEM \u00dcGYF\u00c9LSZ\u00c1MLA CSAK KERESKEDELMI V\u00c1S\u00c1RL\u00d3K SZ\u00c1M\u00c1RA LEHETS\u00c9GES.<\/p>\n\n<div class=\"wpcf7 no-js\" id=\"wpcf7-f1618645-o1\" lang=\"hu-HU\" dir=\"ltr\" data-wpcf7-id=\"1618645\">\n<div class=\"screen-reader-response\"><p role=\"status\" aria-live=\"polite\" aria-atomic=\"true\"><\/p> <ul><\/ul><\/div>\n<form action=\"\/hu\/wp-json\/wp\/v2\/pages\/1618400#wpcf7-f1618645-o1\" method=\"post\" class=\"wpcf7-form init\" aria-label=\"Kapcsolatfelv\u00e9teli \u0171rlap\" novalidate=\"novalidate\" data-status=\"init\">\n<fieldset class=\"hidden-fields-container\"><input type=\"hidden\" name=\"_wpcf7\" value=\"1618645\" \/><input type=\"hidden\" name=\"_wpcf7_version\" value=\"6.1.5\" \/><input type=\"hidden\" name=\"_wpcf7_locale\" value=\"hu_HU\" \/><input type=\"hidden\" name=\"_wpcf7_unit_tag\" value=\"wpcf7-f1618645-o1\" \/><input type=\"hidden\" name=\"_wpcf7_container_post\" value=\"0\" \/><input type=\"hidden\" name=\"_wpcf7_posted_data_hash\" value=\"\" \/>\n<\/fieldset>\n<p><span class=\"wpcf7-form-control-wrap\" data-name=\"your-email\"><span class=\"wpcf7-form-control-wrap\" data-name=\"hcap-cf7\">\t\t<input\n\t\t\t\ttype=\"hidden\"\n\t\t\t\tclass=\"hcaptcha-widget-id\"\n\t\t\t\tname=\"hcaptcha-widget-id\"\n\t\t\t\tvalue=\"eyJzb3VyY2UiOlsiY29udGFjdC1mb3JtLTdcL3dwLWNvbnRhY3QtZm9ybS03LnBocCJdLCJmb3JtX2lkIjo4OTB9-c5e3e931ae74fe78305ca75e50a26968\">\n\t\t\t\t<span id=\"hcap_cf7-69debdb38e6a14.64416133\" class=\"wpcf7-form-control h-captcha \"\n\t\t\tdata-sitekey=\"5bda567e-409c-45ff-8adf-9dd357294997\"\n\t\t\tdata-theme=\"light\"\n\t\t\tdata-size=\"normal\"\n\t\t\tdata-auto=\"false\"\n\t\t\tdata-ajax=\"false\"\n\t\t\tdata-force=\"false\">\n\t\t<\/span>\n\t\t<input type=\"hidden\" id=\"_wpnonce\" name=\"_wpnonce\" value=\"17bb0e0924\" \/><input type=\"hidden\" name=\"_wp_http_referer\" value=\"\/hu\/wp-json\/wp\/v2\/pages\/1618400\" \/><\/span><input size=\"40\" maxlength=\"400\" class=\"wpcf7-form-control wpcf7-email wpcf7-validates-as-required wpcf7-text wpcf7-validates-as-email\" aria-required=\"true\" aria-invalid=\"false\" placeholder=\"E-mail c\u00edm*\" value=\"\" type=\"email\" name=\"your-email\" \/><\/span><span class=\"wpcf7-form-control-wrap\" data-name=\"your-salutation\"><input size=\"40\" maxlength=\"400\" class=\"wpcf7-form-control wpcf7-text wpcf7-validates-as-required\" aria-required=\"true\" aria-invalid=\"false\" placeholder=\"\u00dcdv\u00f6zl\u00e9s*\" value=\"\" type=\"text\" name=\"your-salutation\" \/><\/span><span class=\"wpcf7-form-control-wrap\" data-name=\"your-firstname\"><input size=\"40\" maxlength=\"400\" class=\"wpcf7-form-control wpcf7-text wpcf7-validates-as-required\" aria-required=\"true\" aria-invalid=\"false\" placeholder=\"Keresztn\u00e9v*\" value=\"\" type=\"text\" name=\"your-firstname\" \/><\/span><span class=\"wpcf7-form-control-wrap\" data-name=\"your-lastname\"><input size=\"40\" maxlength=\"400\" class=\"wpcf7-form-control wpcf7-text wpcf7-validates-as-required\" aria-required=\"true\" aria-invalid=\"false\" placeholder=\"Vezet\u00e9kn\u00e9v*\" value=\"\" type=\"text\" name=\"your-lastname\" \/><\/span><span class=\"wpcf7-form-control-wrap\" data-name=\"your-company\"><input size=\"40\" maxlength=\"400\" class=\"wpcf7-form-control wpcf7-text wpcf7-validates-as-required\" aria-required=\"true\" aria-invalid=\"false\" placeholder=\"C\u00e9gn\u00e9v*\" value=\"\" type=\"text\" name=\"your-company\" \/><\/span><span class=\"wpcf7-form-control-wrap\" data-name=\"your-taxid\"><input size=\"40\" maxlength=\"400\" class=\"wpcf7-form-control wpcf7-text\" aria-invalid=\"false\" placeholder=\"Hozz\u00e1adott hozz\u00e1adott\u00e9rt\u00e9k-ad\u00f3\" value=\"\" type=\"text\" name=\"your-taxid\" \/><\/span><span class=\"wpcf7-form-control-wrap\" data-name=\"your-phone\"><input size=\"40\" maxlength=\"400\" class=\"wpcf7-form-control wpcf7-tel wpcf7-validates-as-required wpcf7-text wpcf7-validates-as-tel\" aria-required=\"true\" aria-invalid=\"false\" placeholder=\"Telefonsz\u00e1m*\" value=\"\" type=\"tel\" name=\"your-phone\" \/><\/span><span class=\"wpcf7-form-control-wrap\" data-name=\"your-street\"><input size=\"40\" maxlength=\"400\" class=\"wpcf7-form-control wpcf7-text wpcf7-validates-as-required\" aria-required=\"true\" aria-invalid=\"false\" placeholder=\"Utcai c\u00edm*\" value=\"\" type=\"text\" name=\"your-street\" \/><\/span><span class=\"wpcf7-form-control-wrap\" data-name=\"your-zip-code\"><input size=\"40\" maxlength=\"400\" class=\"wpcf7-form-control wpcf7-text wpcf7-validates-as-required\" aria-required=\"true\" aria-invalid=\"false\" placeholder=\"Ir\u00e1ny\u00edt\u00f3sz\u00e1m*\" value=\"\" type=\"text\" name=\"your-zip-code\" \/><\/span><span class=\"wpcf7-form-control-wrap\" data-name=\"your-city\"><input size=\"40\" maxlength=\"400\" class=\"wpcf7-form-control wpcf7-text wpcf7-validates-as-required\" aria-required=\"true\" aria-invalid=\"false\" placeholder=\"V\u00e1ros*\" value=\"\" type=\"text\" name=\"your-city\" \/><\/span><span class=\"wpcf7-form-control-wrap\" data-name=\"your-country\"><input size=\"40\" maxlength=\"400\" class=\"wpcf7-form-control wpcf7-text wpcf7-validates-as-required\" aria-required=\"true\" aria-invalid=\"false\" placeholder=\"Orsz\u00e1g*\" value=\"\" type=\"text\" name=\"your-country\" \/><\/span><span class=\"wpcf7-form-control-wrap\" data-name=\"your-privacy-policy-checkbox\"><span class=\"wpcf7-form-control wpcf7-checkbox wpcf7-validates-as-required\"><span class=\"wpcf7-list-item first last\"><label><input type=\"checkbox\" name=\"your-privacy-policy-checkbox[]\" value=\"Beleegyezem a felhaszn\u00e1l\u00f3i fi\u00f3k megnyit\u00e1s\u00e1ba, \u00e9s elfogadom az S&amp;M Trading GmbH adatv\u00e9delmi ir\u00e1nyelveit \u00e9s \u00e1ltal\u00e1nos felt\u00e9teleit.\" \/><span class=\"wpcf7-list-item-label\">Beleegyezem a felhaszn\u00e1l\u00f3i fi\u00f3k megnyit\u00e1s\u00e1ba, \u00e9s elfogadom az S&amp;M Trading GmbH adatv\u00e9delmi ir\u00e1nyelveit \u00e9s \u00e1ltal\u00e1nos felt\u00e9teleit.<\/span><\/label><\/span><\/span><\/span><span class=\"wpcf7-form-control-wrap\" data-name=\"your-newsletter-consent\"><span class=\"wpcf7-form-control wpcf7-checkbox\"><span class=\"wpcf7-list-item first last\"><label><input type=\"checkbox\" name=\"your-newsletter-consent[]\" value=\"Hozz\u00e1j\u00e1rulok, hogy h\u00edrleveleket, aj\u00e1nlatokat \u00e9s term\u00e9kinform\u00e1ci\u00f3kat kapjak a STRIKE MAKER-t\u0151l.\" \/><span class=\"wpcf7-list-item-label\">Hozz\u00e1j\u00e1rulok, hogy h\u00edrleveleket, aj\u00e1nlatokat \u00e9s term\u00e9kinform\u00e1ci\u00f3kat kapjak a STRIKE MAKER-t\u0151l.<\/span><\/label><\/span><\/span><\/span><button type=\"submit\" name=\"et_builder_submit_button\" class=\"et_pb_contact_submit et_pb_button\">\u00daj \u00fcgyf\u00e9lsz\u00e1mla l\u00e9trehoz\u00e1sa<\/button>\n<\/p><div class=\"wpcf7-response-output\" aria-hidden=\"true\"><\/div>\n<\/form>\n<\/div>\n\n<p align=\"center\"><a href=\"https:\/\/strikemaker.com\/hu\/bejelentkezes\/\">Bejelentkez\u00e9s<\/a> | <a href=\"\/mein-konto\/passwort\">Elfelejtett jelsz\u00f3<\/a><\/p>\n<p>[\/et_pb_text][\/et_pb_column][et_pb_column type=&#8221;1_5&#8243; _builder_version=&#8221;4.16&#8243; _module_preset=&#8221;default&#8221; global_colors_info=&#8221;{}&#8221;][\/et_pb_column][\/et_pb_row][\/et_pb_section]<\/p>\n","protected":false},"excerpt":{"rendered":"<p>\u00daj \u00fcgyf\u00e9lfi\u00f3k l\u00e9trehoz\u00e1sa A STRIKE MAKER web\u00e1ruh\u00e1zban t\u00f6rt\u00e9n\u0151 \u00fcgyf\u00e9lsz\u00e1mla megnyit\u00e1s\u00e1hoz k\u00e9rj\u00fck, adja meg adatait. Amint a STRIKE MAKER csapata ellen\u0151rizte adatait, \u00e9rtes\u00edt\u00e9st kap az \u00fcgyf\u00e9lsz\u00e1mla aktiv\u00e1l\u00e1s\u00e1r\u00f3l. FIGYELEM \u00dcGYF\u00c9LSZ\u00c1MLA CSAK KERESKEDELMI V\u00c1S\u00c1RL\u00d3K SZ\u00c1M\u00c1RA LEHETS\u00c9GES. \n<div class=\"wpcf7 no-js\" id=\"wpcf7-f1618645-o2\" lang=\"hu-HU\" dir=\"ltr\" data-wpcf7-id=\"1618645\">\n<div class=\"screen-reader-response\"><p role=\"status\" aria-live=\"polite\" aria-atomic=\"true\"><\/p> <ul><\/ul><\/div>\n<form action=\"\/hu\/wp-json\/wp\/v2\/pages\/1618400#wpcf7-f1618645-o2\" method=\"post\" class=\"wpcf7-form init\" aria-label=\"Kapcsolatfelv\u00e9teli \u0171rlap\" novalidate=\"novalidate\" data-status=\"init\">\n<fieldset class=\"hidden-fields-container\"><input type=\"hidden\" name=\"_wpcf7\" value=\"1618645\" \/><input type=\"hidden\" name=\"_wpcf7_version\" value=\"6.1.5\" \/><input type=\"hidden\" name=\"_wpcf7_locale\" value=\"hu_HU\" \/><input type=\"hidden\" name=\"_wpcf7_unit_tag\" value=\"wpcf7-f1618645-o2\" \/><input type=\"hidden\" name=\"_wpcf7_container_post\" value=\"0\" \/><input type=\"hidden\" name=\"_wpcf7_posted_data_hash\" value=\"\" \/>\n<\/fieldset>\n<p><span class=\"wpcf7-form-control-wrap\" data-name=\"your-email\"><span class=\"wpcf7-form-control-wrap\" data-name=\"hcap-cf7\">\t\t<input\n\t\t\t\ttype=\"hidden\"\n\t\t\t\tclass=\"hcaptcha-widget-id\"\n\t\t\t\tname=\"hcaptcha-widget-id\"\n\t\t\t\tvalue=\"eyJzb3VyY2UiOlsiY29udGFjdC1mb3JtLTdcL3dwLWNvbnRhY3QtZm9ybS03LnBocCJdLCJmb3JtX2lkIjo4OTB9-c5e3e931ae74fe78305ca75e50a26968\">\n\t\t\t\t<span id=\"hcap_cf7-69debdb3986c16.04266401\" class=\"wpcf7-form-control h-captcha \"\n\t\t\tdata-sitekey=\"5bda567e-409c-45ff-8adf-9dd357294997\"\n\t\t\tdata-theme=\"light\"\n\t\t\tdata-size=\"normal\"\n\t\t\tdata-auto=\"false\"\n\t\t\tdata-ajax=\"false\"\n\t\t\tdata-force=\"false\">\n\t\t<\/span>\n\t\t<input type=\"hidden\" id=\"_wpnonce\" name=\"_wpnonce\" value=\"17bb0e0924\" \/><input type=\"hidden\" name=\"_wp_http_referer\" value=\"\/hu\/wp-json\/wp\/v2\/pages\/1618400\" \/><\/span><input size=\"40\" maxlength=\"400\" class=\"wpcf7-form-control wpcf7-email wpcf7-validates-as-required wpcf7-text wpcf7-validates-as-email\" aria-required=\"true\" aria-invalid=\"false\" placeholder=\"E-mail c\u00edm*\" value=\"\" type=\"email\" name=\"your-email\" \/><\/span><span class=\"wpcf7-form-control-wrap\" data-name=\"your-salutation\"><input size=\"40\" maxlength=\"400\" class=\"wpcf7-form-control wpcf7-text wpcf7-validates-as-required\" aria-required=\"true\" aria-invalid=\"false\" placeholder=\"\u00dcdv\u00f6zl\u00e9s*\" value=\"\" type=\"text\" name=\"your-salutation\" \/><\/span><span class=\"wpcf7-form-control-wrap\" data-name=\"your-firstname\"><input size=\"40\" maxlength=\"400\" class=\"wpcf7-form-control wpcf7-text wpcf7-validates-as-required\" aria-required=\"true\" aria-invalid=\"false\" placeholder=\"Keresztn\u00e9v*\" value=\"\" type=\"text\" name=\"your-firstname\" \/><\/span><span class=\"wpcf7-form-control-wrap\" data-name=\"your-lastname\"><input size=\"40\" maxlength=\"400\" class=\"wpcf7-form-control wpcf7-text wpcf7-validates-as-required\" aria-required=\"true\" aria-invalid=\"false\" placeholder=\"Vezet\u00e9kn\u00e9v*\" value=\"\" type=\"text\" name=\"your-lastname\" \/><\/span><span class=\"wpcf7-form-control-wrap\" data-name=\"your-company\"><input size=\"40\" maxlength=\"400\" class=\"wpcf7-form-control wpcf7-text wpcf7-validates-as-required\" aria-required=\"true\" aria-invalid=\"false\" placeholder=\"C\u00e9gn\u00e9v*\" value=\"\" type=\"text\" name=\"your-company\" \/><\/span><span class=\"wpcf7-form-control-wrap\" data-name=\"your-taxid\"><input size=\"40\" maxlength=\"400\" class=\"wpcf7-form-control wpcf7-text\" aria-invalid=\"false\" placeholder=\"Hozz\u00e1adott hozz\u00e1adott\u00e9rt\u00e9k-ad\u00f3\" value=\"\" type=\"text\" name=\"your-taxid\" \/><\/span><span class=\"wpcf7-form-control-wrap\" data-name=\"your-phone\"><input size=\"40\" maxlength=\"400\" class=\"wpcf7-form-control wpcf7-tel wpcf7-validates-as-required wpcf7-text wpcf7-validates-as-tel\" aria-required=\"true\" aria-invalid=\"false\" placeholder=\"Telefonsz\u00e1m*\" value=\"\" type=\"tel\" name=\"your-phone\" \/><\/span><span class=\"wpcf7-form-control-wrap\" data-name=\"your-street\"><input size=\"40\" maxlength=\"400\" class=\"wpcf7-form-control wpcf7-text wpcf7-validates-as-required\" aria-required=\"true\" aria-invalid=\"false\" placeholder=\"Utcai c\u00edm*\" value=\"\" type=\"text\" name=\"your-street\" \/><\/span><span class=\"wpcf7-form-control-wrap\" data-name=\"your-zip-code\"><input size=\"40\" maxlength=\"400\" class=\"wpcf7-form-control wpcf7-text wpcf7-validates-as-required\" aria-required=\"true\" aria-invalid=\"false\" placeholder=\"Ir\u00e1ny\u00edt\u00f3sz\u00e1m*\" value=\"\" type=\"text\" name=\"your-zip-code\" \/><\/span><span class=\"wpcf7-form-control-wrap\" data-name=\"your-city\"><input size=\"40\" maxlength=\"400\" class=\"wpcf7-form-control wpcf7-text wpcf7-validates-as-required\" aria-required=\"true\" aria-invalid=\"false\" placeholder=\"V\u00e1ros*\" value=\"\" type=\"text\" name=\"your-city\" \/><\/span><span class=\"wpcf7-form-control-wrap\" data-name=\"your-country\"><input size=\"40\" maxlength=\"400\" class=\"wpcf7-form-control wpcf7-text wpcf7-validates-as-required\" aria-required=\"true\" aria-invalid=\"false\" placeholder=\"Orsz\u00e1g*\" value=\"\" type=\"text\" name=\"your-country\" \/><\/span><span class=\"wpcf7-form-control-wrap\" data-name=\"your-privacy-policy-checkbox\"><span class=\"wpcf7-form-control wpcf7-checkbox wpcf7-validates-as-required\"><span class=\"wpcf7-list-item first last\"><label><input type=\"checkbox\" name=\"your-privacy-policy-checkbox[]\" value=\"Beleegyezem a felhaszn\u00e1l\u00f3i fi\u00f3k megnyit\u00e1s\u00e1ba, \u00e9s elfogadom az S&amp;M Trading GmbH adatv\u00e9delmi ir\u00e1nyelveit \u00e9s \u00e1ltal\u00e1nos felt\u00e9teleit.\" \/><span class=\"wpcf7-list-item-label\">Beleegyezem a felhaszn\u00e1l\u00f3i fi\u00f3k megnyit\u00e1s\u00e1ba, \u00e9s elfogadom az S&amp;M Trading GmbH adatv\u00e9delmi ir\u00e1nyelveit \u00e9s \u00e1ltal\u00e1nos felt\u00e9teleit.<\/span><\/label><\/span><\/span><\/span><span class=\"wpcf7-form-control-wrap\" data-name=\"your-newsletter-consent\"><span class=\"wpcf7-form-control wpcf7-checkbox\"><span class=\"wpcf7-list-item first last\"><label><input type=\"checkbox\" name=\"your-newsletter-consent[]\" value=\"Hozz\u00e1j\u00e1rulok, hogy h\u00edrleveleket, aj\u00e1nlatokat \u00e9s term\u00e9kinform\u00e1ci\u00f3kat kapjak a STRIKE MAKER-t\u0151l.\" \/><span class=\"wpcf7-list-item-label\">Hozz\u00e1j\u00e1rulok, hogy h\u00edrleveleket, aj\u00e1nlatokat \u00e9s term\u00e9kinform\u00e1ci\u00f3kat kapjak a STRIKE MAKER-t\u0151l.<\/span><\/label><\/span><\/span><\/span><button type=\"submit\" name=\"et_builder_submit_button\" class=\"et_pb_contact_submit et_pb_button\">\u00daj \u00fcgyf\u00e9lsz\u00e1mla l\u00e9trehoz\u00e1sa<\/button>\n<\/p><div class=\"wpcf7-response-output\" aria-hidden=\"true\"><\/div>\n<\/form>\n<\/div>\n Bejelentkez\u00e9s | Elfelejtett jelsz\u00f3<\/p>\n","protected":false},"author":3,"featured_media":0,"parent":0,"menu_order":0,"comment_status":"closed","ping_status":"closed","template":"","meta":{"_acf_changed":false,"_et_pb_use_builder":"on","_et_pb_old_content":"","_et_gb_content_width":"","footnotes":""},"class_list":["post-1618400","page","type-page","status-publish","hentry"],"acf":[],"_links":{"self":[{"href":"https:\/\/strikemaker.com\/hu\/wp-json\/wp\/v2\/pages\/1618400","targetHints":{"allow":["GET"]}}],"collection":[{"href":"https:\/\/strikemaker.com\/hu\/wp-json\/wp\/v2\/pages"}],"about":[{"href":"https:\/\/strikemaker.com\/hu\/wp-json\/wp\/v2\/types\/page"}],"author":[{"embeddable":true,"href":"https:\/\/strikemaker.com\/hu\/wp-json\/wp\/v2\/users\/3"}],"replies":[{"embeddable":true,"href":"https:\/\/strikemaker.com\/hu\/wp-json\/wp\/v2\/comments?post=1618400"}],"version-history":[{"count":9,"href":"https:\/\/strikemaker.com\/hu\/wp-json\/wp\/v2\/pages\/1618400\/revisions"}],"predecessor-version":[{"id":1642174,"href":"https:\/\/strikemaker.com\/hu\/wp-json\/wp\/v2\/pages\/1618400\/revisions\/1642174"}],"wp:attachment":[{"href":"https:\/\/strikemaker.com\/hu\/wp-json\/wp\/v2\/media?parent=1618400"}],"curies":[{"name":"wp","href":"https:\/\/api.w.org\/{rel}","templated":true}]}}